{"id":3156,"date":"2023-06-24T09:02:43","date_gmt":"2023-06-24T09:02:43","guid":{"rendered":"https:\/\/soltec-ep.es\/?page_id=3156"},"modified":"2024-04-19T09:51:22","modified_gmt":"2024-04-19T09:51:22","slug":"solucions-audiovisuals-soltec","status":"publish","type":"page","link":"https:\/\/soltec-ep.es\/ca\/","title":{"rendered":"Solucions audiovisuals &#8211; Soltec"},"content":{"rendered":"<div class=\"wpb-content-wrapper\">[vc_row full_width=&#8221;stretch_row_content_no_spaces&#8221;][vc_column][vc_single_image image=&#8221;138&#8243;][\/vc_column][\/vc_row][vc_row][vc_column width=&#8221;1\/6&#8243;][\/vc_column][vc_column width=&#8221;2\/3&#8243;][vc_column_text]\n<h2 style=\"text-align: center;\"><strong>Soltec<\/strong><\/h2>\n<h1 style=\"text-align: center;\"> Solucions audiovisuals<\/h1>\n[\/vc_column_text][\/vc_column][vc_column width=&#8221;1\/6&#8243;][\/vc_column][\/vc_row][vc_row css=&#8221;.vc_custom_1687243954083{padding-bottom: 5% !important;}&#8221;][vc_column width=&#8221;1\/6&#8243;][\/vc_column][vc_column width=&#8221;2\/3&#8243;][vc_column_text]\n<h3 style=\"text-align: center;\">Filosofia<\/h3>\n<p style=\"text-align: center;\"> Des de l&#8217;any 2000, <strong>SOLTEC<\/strong> ha crescut com a empresa tecnol\u00f2gicament innovadora amb l&#8217;objectiu de dissenyar i fabricar productes audiovisuals d&#8217;avantguarda amb tecnologia LCD-TFT. Comptem amb un equip altament qualificat i especialitzat en aquesta tecnologia que garanteix que els nostres productes i solucions siguin fiables i d&#8217;alta qualitat. Oferim assist\u00e8ncia personalitzada, especialment durant la fase de desenvolupament d\u00b4un projecte, i l\u00b4opci\u00f3 de personalitzar qualsevol dels nostres productes. Ens esforcem per complir tots els seus requisits. Ens agrada dir: \u201cHo fem possible\u201d.<\/p>\n[\/vc_column_text][\/vc_column][vc_column width=&#8221;1\/6&#8243;][\/vc_column][\/vc_row][vc_row][vc_column width=&#8221;1\/3&#8243;]<style>.vcex-icon-box.vcex_69e8bba65fe1a:hover{background:#11b9b0;}.vcex-icon-box.vcex_69e8bba65fe1a .vcex-icon-box-icon{color:#11b9b0;}<\/style><div class=\"vcex-module vcex-icon-box vcex-icon-box-four vcex-icon-box-hover-text-white wpex-block wpex-text-center wpex-p-30 wpex-bordered vcex_69e8bba65fe1a\"><div class=\"vcex-icon-box-symbol vcex-icon-box-symbol--icon wpex-mb-20\"><div class=\"vcex-icon-box-icon wpex-items-center wpex-justify-center wpex-child-inherit-color wpex-text-center wpex-leading-none wpex-inline-flex wpex-text-1\"><span class=\"wpex-flex wpex-icon\" aria-hidden=\"true\"><svg xmlns=\"http:\/\/www.w3.org\/2000\/svg\" viewBox=\"0 0 512 512\"><path d=\"M410.3 231l11.3-11.3-33.9-33.9-62.1-62.1L291.7 89.8l-11.3 11.3-22.6 22.6L58.6 322.9c-10.4 10.4-18 23.3-22.2 37.4L1 480.7c-2.5 8.4-.2 17.5 6.1 23.7s15.3 8.5 23.7 6.1l120.3-35.4c14.1-4.2 27-11.8 37.4-22.2L387.7 253.7 410.3 231zM160 399.4l-9.1 22.7c-4 3.1-8.5 5.4-13.3 6.9L59.4 452l23-78.1c1.4-4.9 3.8-9.4 6.9-13.3l22.7-9.1v32c0 8.8 7.2 16 16 16h32zM362.7 18.7L348.3 33.2 325.7 55.8 314.3 67.1l33.9 33.9 62.1 62.1 33.9 33.9 11.3-11.3 22.6-22.6 14.5-14.5c25-25 25-65.5 0-90.5L453.3 18.7c-25-25-65.5-25-90.5 0zm-47.4 168l-144 144c-6.2 6.2-16.4 6.2-22.6 0s-6.2-16.4 0-22.6l144-144c6.2-6.2 16.4-6.2 22.6 0s6.2 16.4 0 22.6z\"\/><\/svg><\/span><\/div><\/div><div class=\"vcex-icon-box-text\"><h2 class=\"vcex-icon-box-heading wpex-heading wpex-text-md wpex-mb-10\">Productes personalitzats<\/h2><div class=\"vcex-icon-box-content wpex-last-mb-0 wpex-clr\"><p>El nostre objectiu principal \u00e9s dissenyar i fabricar productes personalitzats d&#8217;acord amb les necessitats dels nostres clients. El nostre equip d&#8217;enginyers altament experimentats est\u00e0 a la vostra disposici\u00f3 per ajudar-lo a trobar el millor disseny de producte i complir amb tots els seus requisits t\u00e8cnics al millor preu possible.<\/p>\n<\/div><\/div><\/div>[\/vc_column][vc_column width=&#8221;1\/3&#8243;]<style>.vcex-icon-box.vcex_69e8bba661a69:hover{background:#11b9b0;}.vcex-icon-box.vcex_69e8bba661a69 .vcex-icon-box-icon{color:#11b9b0;}<\/style><div class=\"vcex-module vcex-icon-box vcex-icon-box-four vcex-icon-box-hover-text-white wpex-block wpex-text-center wpex-p-30 wpex-bordered vcex_69e8bba661a69\"><div class=\"vcex-icon-box-symbol vcex-icon-box-symbol--icon wpex-mb-20\"><div class=\"vcex-icon-box-icon wpex-items-center wpex-justify-center wpex-child-inherit-color wpex-text-center wpex-leading-none wpex-inline-flex wpex-text-1\"><span class=\"wpex-flex wpex-icon\" aria-hidden=\"true\"><svg xmlns=\"http:\/\/www.w3.org\/2000\/svg\" viewBox=\"0 0 640 512\"><path d=\"M144 0a80 80 0 1 1 0 160A80 80 0 1 1 144 0zM512 0a80 80 0 1 1 0 160A80 80 0 1 1 512 0zM0 298.7C0 239.8 47.8 192 106.7 192h42.7c15.9 0 31 3.5 44.6 9.7c-1.3 7.2-1.9 14.7-1.9 22.3c0 38.2 16.8 72.5 43.3 96c-.2 0-.4 0-.7 0H21.3C9.6 320 0 310.4 0 298.7zM405.3 320c-.2 0-.4 0-.7 0c26.6-23.5 43.3-57.8 43.3-96c0-7.6-.7-15-1.9-22.3c13.6-6.3 28.7-9.7 44.6-9.7h42.7C592.2 192 640 239.8 640 298.7c0 11.8-9.6 21.3-21.3 21.3H405.3zM224 224a96 96 0 1 1 192 0 96 96 0 1 1 -192 0zM128 485.3C128 411.7 187.7 352 261.3 352H378.7C452.3 352 512 411.7 512 485.3c0 14.7-11.9 26.7-26.7 26.7H154.7c-14.7 0-26.7-11.9-26.7-26.7z\"\/><\/svg><\/span><\/div><\/div><div class=\"vcex-icon-box-text\"><h2 class=\"vcex-icon-box-heading wpex-heading wpex-text-md wpex-mb-10\">Suport al client<\/h2><div class=\"vcex-icon-box-content wpex-last-mb-0 wpex-clr\"><p>L&#8217;atenci\u00f3 al client \u00e9s una de les nostres caracter\u00edstiques principals; des de SOLTEC el nostre objectiu \u00e9s proporcionar el millor producte i la millor soluci\u00f3 per satisfer les necessitats del client. L&#8217;assist\u00e8ncia personalitzada, principalment a la fase de desenvolupament de cada projecte i l&#8217;intercanvi r\u00e0pid d&#8217;informaci\u00f3 entre nosaltres us ajuda a obtenir el millor resultat.<\/p>\n<\/div><\/div><\/div>[\/vc_column][vc_column width=&#8221;1\/3&#8243;]<style>.vcex-icon-box.vcex_69e8bba662e3c:hover{background:#11b9b0;}.vcex-icon-box.vcex_69e8bba662e3c .vcex-icon-box-icon{color:#11b9b0;}<\/style><div class=\"vcex-module vcex-icon-box vcex-icon-box-four vcex-icon-box-hover-text-white wpex-block wpex-text-center wpex-p-30 wpex-bordered vcex_69e8bba662e3c\"><div class=\"vcex-icon-box-symbol vcex-icon-box-symbol--icon wpex-mb-20\"><div class=\"vcex-icon-box-icon wpex-items-center wpex-justify-center wpex-child-inherit-color wpex-text-center wpex-leading-none wpex-inline-flex wpex-text-1\"><span class=\"wpex-flex wpex-icon\" aria-hidden=\"true\"><svg xmlns=\"http:\/\/www.w3.org\/2000\/svg\" viewBox=\"0 0 576 512\"><path d=\"M316.9 18C311.6 7 300.4 0 288.1 0s-23.4 7-28.8 18L195 150.3 51.4 171.5c-12 1.8-22 10.2-25.7 21.7s-.7 24.2 7.9 32.7L137.8 329 113.2 474.7c-2 12 3 24.2 12.9 31.3s23 8 33.8 2.3l128.3-68.5 128.3 68.5c10.8 5.7 23.9 4.9 33.8-2.3s14.9-19.3 12.9-31.3L438.5 329 542.7 225.9c8.6-8.5 11.7-21.2 7.9-32.7s-13.7-19.9-25.7-21.7L381.2 150.3 316.9 18z\"\/><\/svg><\/span><\/div><\/div><div class=\"vcex-icon-box-text\"><h2 class=\"vcex-icon-box-heading wpex-heading wpex-text-md wpex-mb-10\">Professionalitat i alta qualitat<\/h2><div class=\"vcex-icon-box-content wpex-last-mb-0 wpex-clr\"><p>Tota la gamma de productes SOLTEC correspon a la S\u00e8rie de Panells Professionals LCD-TFT, qualificada com a &#8220;Grau A&#8221; per la majoria dels fabricants. Comptem amb professionals altament qualificats i enginyers especialitzats en tecnologia LCD-TFT per assegurar un producte i una soluci\u00f3 d&#8217;alta qualitat i fiabilitat.<\/p>\n<\/div><\/div><\/div>[\/vc_column][\/vc_row]\n<\/div>","protected":false},"excerpt":{"rendered":"<p>[vc_row full_width=&#8221;stretch_row_content_no_spaces&#8221;][vc_column][vc_single_image image=&#8221;138&#8243;][\/vc_column][\/vc_row][vc_row][vc_column width=&#8221;1\/6&#8243;][\/vc_column][vc_column width=&#8221;2\/3&#8243;][vc_column_text] Soltec Solucions audiovisuals [\/vc_column_text][\/vc_column][vc_column width=&#8221;1\/6&#8243;][\/vc_column][\/vc_row][vc_row css=&#8221;.vc_custom_1687243954083{padding-bottom: 5% !important;}&#8221;][vc_column width=&#8221;1\/6&#8243;][\/vc_column][vc_column width=&#8221;2\/3&#8243;][vc_column_text] Filosofia Des de l&#8217;any 2000, SOLTEC ha crescut com a empresa tecnol\u00f2gicament innovadora amb l&#8217;objectiu de dissenyar i fabricar productes audiovisuals d&#8217;avantguarda amb tecnologia LCD-TFT. Comptem amb un equip altament qualificat i especialitzat en aquesta tecnologia que garanteix que els&hellip;<\/p>\n","protected":false},"author":1,"featured_media":3093,"parent":0,"menu_order":0,"comment_status":"closed","ping_status":"closed","template":"","meta":{"footnotes":""},"class_list":["post-3156","page","type-page","status-publish","has-post-thumbnail","hentry","entry","has-media"],"yoast_head":"<!-- This site is optimized with the Yoast SEO plugin v23.0 - https:\/\/yoast.com\/wordpress\/plugins\/seo\/ -->\n<title>Solucions audiovisuals - Soltec<\/title>\n<meta name=\"description\" content=\"Solucions audiovisuals de Soltec. Equipament i tecnologia d&#039;avantguarda per elevar els teus projectes i presentacions al proper nivell.\" \/>\n<meta name=\"robots\" content=\"index, follow, max-snippet:-1, max-image-preview:large, max-video-preview:-1\" \/>\n<link rel=\"canonical\" href=\"https:\/\/soltec-ep.es\/ca\/\" \/>\n<meta property=\"og:locale\" content=\"ca_ES\" \/>\n<meta property=\"og:type\" content=\"article\" \/>\n<meta property=\"og:title\" content=\"Solucions audiovisuals - Soltec\" \/>\n<meta property=\"og:description\" content=\"Solucions audiovisuals de Soltec. Equipament i tecnologia d&#039;avantguarda per elevar els teus projectes i presentacions al proper nivell.\" \/>\n<meta property=\"og:url\" content=\"https:\/\/soltec-ep.es\/ca\/\" \/>\n<meta property=\"og:site_name\" content=\"Soltec\" \/>\n<meta property=\"article:modified_time\" content=\"2024-04-19T09:51:22+00:00\" \/>\n<meta property=\"og:image\" content=\"https:\/\/soltec-ep.es\/wp-content\/uploads\/2023\/09\/Productos-audiovisuales-con-tecnologia-LCD-TFT-Soltec-Logo.jpg\" \/>\n\t<meta property=\"og:image:width\" content=\"595\" \/>\n\t<meta property=\"og:image:height\" content=\"595\" \/>\n\t<meta property=\"og:image:type\" content=\"image\/jpeg\" \/>\n<meta name=\"twitter:card\" content=\"summary_large_image\" \/>\n<meta name=\"twitter:label1\" content=\"Temps estimat de lectura\" \/>\n\t<meta name=\"twitter:data1\" content=\"2 minuts\" \/>\n<script type=\"application\/ld+json\" class=\"yoast-schema-graph\">{\"@context\":\"https:\/\/schema.org\",\"@graph\":[{\"@type\":\"WebPage\",\"@id\":\"https:\/\/soltec-ep.es\/ca\/\",\"url\":\"https:\/\/soltec-ep.es\/ca\/\",\"name\":\"Solucions audiovisuals - Soltec\",\"isPartOf\":{\"@id\":\"https:\/\/soltec-ep.es\/#website\"},\"primaryImageOfPage\":{\"@id\":\"https:\/\/soltec-ep.es\/ca\/#primaryimage\"},\"image\":{\"@id\":\"https:\/\/soltec-ep.es\/ca\/#primaryimage\"},\"thumbnailUrl\":\"https:\/\/soltec-ep.es\/wp-content\/uploads\/2023\/09\/Productos-audiovisuales-con-tecnologia-LCD-TFT-Soltec-Logo.jpg\",\"datePublished\":\"2023-06-24T09:02:43+00:00\",\"dateModified\":\"2024-04-19T09:51:22+00:00\",\"description\":\"Solucions audiovisuals de Soltec. Equipament i tecnologia d'avantguarda per elevar els teus projectes i presentacions al proper nivell.\",\"breadcrumb\":{\"@id\":\"https:\/\/soltec-ep.es\/ca\/#breadcrumb\"},\"inLanguage\":\"ca\",\"potentialAction\":[{\"@type\":\"ReadAction\",\"target\":[\"https:\/\/soltec-ep.es\/ca\/\"]}]},{\"@type\":\"ImageObject\",\"inLanguage\":\"ca\",\"@id\":\"https:\/\/soltec-ep.es\/ca\/#primaryimage\",\"url\":\"https:\/\/soltec-ep.es\/wp-content\/uploads\/2023\/09\/Productos-audiovisuales-con-tecnologia-LCD-TFT-Soltec-Logo.jpg\",\"contentUrl\":\"https:\/\/soltec-ep.es\/wp-content\/uploads\/2023\/09\/Productos-audiovisuales-con-tecnologia-LCD-TFT-Soltec-Logo.jpg\",\"width\":595,\"height\":595},{\"@type\":\"BreadcrumbList\",\"@id\":\"https:\/\/soltec-ep.es\/ca\/#breadcrumb\",\"itemListElement\":[{\"@type\":\"ListItem\",\"position\":1,\"name\":\"Home\",\"item\":\"https:\/\/soltec-ep.es\/ca\/\"},{\"@type\":\"ListItem\",\"position\":2,\"name\":\"Solucions audiovisuals &#8211; Soltec\"}]},{\"@type\":\"WebSite\",\"@id\":\"https:\/\/soltec-ep.es\/#website\",\"url\":\"https:\/\/soltec-ep.es\/\",\"name\":\"Soltec\",\"description\":\"Audiovisual Solutions\",\"publisher\":{\"@id\":\"https:\/\/soltec-ep.es\/#organization\"},\"potentialAction\":[{\"@type\":\"SearchAction\",\"target\":{\"@type\":\"EntryPoint\",\"urlTemplate\":\"https:\/\/soltec-ep.es\/?s={search_term_string}\"},\"query-input\":\"required name=search_term_string\"}],\"inLanguage\":\"ca\"},{\"@type\":\"Organization\",\"@id\":\"https:\/\/soltec-ep.es\/#organization\",\"name\":\"Soltec\",\"url\":\"https:\/\/soltec-ep.es\/\",\"logo\":{\"@type\":\"ImageObject\",\"inLanguage\":\"ca\",\"@id\":\"https:\/\/soltec-ep.es\/#\/schema\/logo\/image\/\",\"url\":\"https:\/\/soltec-ep.es\/wp-content\/uploads\/2023\/06\/logo-Soltec-negre.png\",\"contentUrl\":\"https:\/\/soltec-ep.es\/wp-content\/uploads\/2023\/06\/logo-Soltec-negre.png\",\"width\":595,\"height\":126,\"caption\":\"Soltec\"},\"image\":{\"@id\":\"https:\/\/soltec-ep.es\/#\/schema\/logo\/image\/\"}}]}<\/script>\n<!-- \/ Yoast SEO plugin. -->","yoast_head_json":{"title":"Solucions audiovisuals - Soltec","description":"Solucions audiovisuals de Soltec. Equipament i tecnologia d'avantguarda per elevar els teus projectes i presentacions al proper nivell.","robots":{"index":"index","follow":"follow","max-snippet":"max-snippet:-1","max-image-preview":"max-image-preview:large","max-video-preview":"max-video-preview:-1"},"canonical":"https:\/\/soltec-ep.es\/ca\/","og_locale":"ca_ES","og_type":"article","og_title":"Solucions audiovisuals - Soltec","og_description":"Solucions audiovisuals de Soltec. Equipament i tecnologia d'avantguarda per elevar els teus projectes i presentacions al proper nivell.","og_url":"https:\/\/soltec-ep.es\/ca\/","og_site_name":"Soltec","article_modified_time":"2024-04-19T09:51:22+00:00","og_image":[{"width":595,"height":595,"url":"https:\/\/soltec-ep.es\/wp-content\/uploads\/2023\/09\/Productos-audiovisuales-con-tecnologia-LCD-TFT-Soltec-Logo.jpg","type":"image\/jpeg"}],"twitter_card":"summary_large_image","twitter_misc":{"Temps estimat de lectura":"2 minuts"},"schema":{"@context":"https:\/\/schema.org","@graph":[{"@type":"WebPage","@id":"https:\/\/soltec-ep.es\/ca\/","url":"https:\/\/soltec-ep.es\/ca\/","name":"Solucions audiovisuals - Soltec","isPartOf":{"@id":"https:\/\/soltec-ep.es\/#website"},"primaryImageOfPage":{"@id":"https:\/\/soltec-ep.es\/ca\/#primaryimage"},"image":{"@id":"https:\/\/soltec-ep.es\/ca\/#primaryimage"},"thumbnailUrl":"https:\/\/soltec-ep.es\/wp-content\/uploads\/2023\/09\/Productos-audiovisuales-con-tecnologia-LCD-TFT-Soltec-Logo.jpg","datePublished":"2023-06-24T09:02:43+00:00","dateModified":"2024-04-19T09:51:22+00:00","description":"Solucions audiovisuals de Soltec. Equipament i tecnologia d'avantguarda per elevar els teus projectes i presentacions al proper nivell.","breadcrumb":{"@id":"https:\/\/soltec-ep.es\/ca\/#breadcrumb"},"inLanguage":"ca","potentialAction":[{"@type":"ReadAction","target":["https:\/\/soltec-ep.es\/ca\/"]}]},{"@type":"ImageObject","inLanguage":"ca","@id":"https:\/\/soltec-ep.es\/ca\/#primaryimage","url":"https:\/\/soltec-ep.es\/wp-content\/uploads\/2023\/09\/Productos-audiovisuales-con-tecnologia-LCD-TFT-Soltec-Logo.jpg","contentUrl":"https:\/\/soltec-ep.es\/wp-content\/uploads\/2023\/09\/Productos-audiovisuales-con-tecnologia-LCD-TFT-Soltec-Logo.jpg","width":595,"height":595},{"@type":"BreadcrumbList","@id":"https:\/\/soltec-ep.es\/ca\/#breadcrumb","itemListElement":[{"@type":"ListItem","position":1,"name":"Home","item":"https:\/\/soltec-ep.es\/ca\/"},{"@type":"ListItem","position":2,"name":"Solucions audiovisuals &#8211; Soltec"}]},{"@type":"WebSite","@id":"https:\/\/soltec-ep.es\/#website","url":"https:\/\/soltec-ep.es\/","name":"Soltec","description":"Audiovisual Solutions","publisher":{"@id":"https:\/\/soltec-ep.es\/#organization"},"potentialAction":[{"@type":"SearchAction","target":{"@type":"EntryPoint","urlTemplate":"https:\/\/soltec-ep.es\/?s={search_term_string}"},"query-input":"required name=search_term_string"}],"inLanguage":"ca"},{"@type":"Organization","@id":"https:\/\/soltec-ep.es\/#organization","name":"Soltec","url":"https:\/\/soltec-ep.es\/","logo":{"@type":"ImageObject","inLanguage":"ca","@id":"https:\/\/soltec-ep.es\/#\/schema\/logo\/image\/","url":"https:\/\/soltec-ep.es\/wp-content\/uploads\/2023\/06\/logo-Soltec-negre.png","contentUrl":"https:\/\/soltec-ep.es\/wp-content\/uploads\/2023\/06\/logo-Soltec-negre.png","width":595,"height":126,"caption":"Soltec"},"image":{"@id":"https:\/\/soltec-ep.es\/#\/schema\/logo\/image\/"}}]}},"_links":{"self":[{"href":"https:\/\/soltec-ep.es\/ca\/wp-json\/wp\/v2\/pages\/3156","targetHints":{"allow":["GET"]}}],"collection":[{"href":"https:\/\/soltec-ep.es\/ca\/wp-json\/wp\/v2\/pages"}],"about":[{"href":"https:\/\/soltec-ep.es\/ca\/wp-json\/wp\/v2\/types\/page"}],"author":[{"embeddable":true,"href":"https:\/\/soltec-ep.es\/ca\/wp-json\/wp\/v2\/users\/1"}],"replies":[{"embeddable":true,"href":"https:\/\/soltec-ep.es\/ca\/wp-json\/wp\/v2\/comments?post=3156"}],"version-history":[{"count":7,"href":"https:\/\/soltec-ep.es\/ca\/wp-json\/wp\/v2\/pages\/3156\/revisions"}],"predecessor-version":[{"id":6353,"href":"https:\/\/soltec-ep.es\/ca\/wp-json\/wp\/v2\/pages\/3156\/revisions\/6353"}],"wp:featuredmedia":[{"embeddable":true,"href":"https:\/\/soltec-ep.es\/ca\/wp-json\/wp\/v2\/media\/3093"}],"wp:attachment":[{"href":"https:\/\/soltec-ep.es\/ca\/wp-json\/wp\/v2\/media?parent=3156"}],"curies":[{"name":"wp","href":"https:\/\/api.w.org\/{rel}","templated":true}]}}