{"id":3160,"date":"2023-06-20T07:12:44","date_gmt":"2023-06-20T07:12:44","guid":{"rendered":"https:\/\/soltec-ep.es\/?page_id=3160"},"modified":"2024-04-19T10:39:55","modified_gmt":"2024-04-19T10:39:55","slug":"soltec","status":"publish","type":"page","link":"https:\/\/soltec-ep.es\/ca\/soltec\/","title":{"rendered":"Soltec"},"content":{"rendered":"<div class=\"wpb-content-wrapper\">[vc_row content_placement=&#8221;middle&#8221; css=&#8221;.vc_custom_1687245154020{padding-bottom: 5% !important;}&#8221;][vc_column width=&#8221;1\/2&#8243;][vc_column_text]\n<h2><b>Soltec<\/b><\/h2>\n<p><b>SOLTEC<\/b> \u00e9s una empresa d&#8217;innovaci\u00f3 tecnol\u00f2gica que t\u00e9 com a objectiu dissenyar i administrar solucions a projectes basats en l&#8217;\u00e0mbit audiovisual mitjan\u00e7ant tecnologia LCD-TFT. Dispose de personal qualificat i especialitzat amb aquesta tecnologia. D&#8217;aquesta manera es garanteix un producte i una soluci\u00f3 d&#8217;alta qualitat i fiabilitat. Cuenta amb un suport t\u00e8cnic assegurat a trav\u00e9s d&#8217;enginyers i especialistes de producte. Un equip hum\u00e0 jove i el propi producte transmeten al client la imatge innovadora de l&#8217;empresa a la mateixa manera que la sensaci\u00f3 de tracte i confian\u00e7a.<\/p>\n<p class=\"subtitulo\"><b>A SOLTEC ens agrada oferir aquell que \u00e9s vital per al client, res m\u00e9s i res menys. La soluci\u00f3 adequada.<\/b><\/p>\n[\/vc_column_text][\/vc_column][vc_column width=&#8221;1\/2&#8243;][vc_single_image image=&#8221;222&#8243;][\/vc_column][\/vc_row][vc_row][vc_column width=&#8221;1\/3&#8243;]<style>.vcex-icon-box.vcex_69e8bba67b236:hover{background:#11b9b0;}.vcex-icon-box.vcex_69e8bba67b236 .vcex-icon-box-icon{color:#11b9b0;}<\/style><div class=\"vcex-module vcex-icon-box vcex-icon-box-four vcex-icon-box-hover-text-white wpex-block wpex-text-center wpex-p-30 wpex-bordered vcex_69e8bba67b236\"><div class=\"vcex-icon-box-symbol vcex-icon-box-symbol--icon wpex-mb-20\"><div class=\"vcex-icon-box-icon wpex-items-center wpex-justify-center wpex-child-inherit-color wpex-text-center wpex-leading-none wpex-inline-flex wpex-text-1\"><span class=\"wpex-flex wpex-icon\" aria-hidden=\"true\"><svg xmlns=\"http:\/\/www.w3.org\/2000\/svg\" viewBox=\"0 0 512 512\"><path d=\"M410.3 231l11.3-11.3-33.9-33.9-62.1-62.1L291.7 89.8l-11.3 11.3-22.6 22.6L58.6 322.9c-10.4 10.4-18 23.3-22.2 37.4L1 480.7c-2.5 8.4-.2 17.5 6.1 23.7s15.3 8.5 23.7 6.1l120.3-35.4c14.1-4.2 27-11.8 37.4-22.2L387.7 253.7 410.3 231zM160 399.4l-9.1 22.7c-4 3.1-8.5 5.4-13.3 6.9L59.4 452l23-78.1c1.4-4.9 3.8-9.4 6.9-13.3l22.7-9.1v32c0 8.8 7.2 16 16 16h32zM362.7 18.7L348.3 33.2 325.7 55.8 314.3 67.1l33.9 33.9 62.1 62.1 33.9 33.9 11.3-11.3 22.6-22.6 14.5-14.5c25-25 25-65.5 0-90.5L453.3 18.7c-25-25-65.5-25-90.5 0zm-47.4 168l-144 144c-6.2 6.2-16.4 6.2-22.6 0s-6.2-16.4 0-22.6l144-144c6.2-6.2 16.4-6.2 22.6 0s6.2 16.4 0 22.6z\"\/><\/svg><\/span><\/div><\/div><div class=\"vcex-icon-box-text\"><h2 class=\"vcex-icon-box-heading wpex-heading wpex-text-md wpex-mb-10\">Productes personalitzats<\/h2><div class=\"vcex-icon-box-content wpex-last-mb-0 wpex-clr\"><p>La fabricaci\u00f3n de productos a medida en base a las necesidades descritas por nuestro cliente es uno de los puntos fuertes de <strong>SOLTEC<\/strong> . La <strong>personalitzaci\u00f3<\/strong> pot ser a nivell estructural (forma, color, logotip) i\/o funcional (tipus d&#8217;entrades, PC integrat, perif\u00e9ricos,\u2026)<\/p>\n<\/div><\/div><\/div>[\/vc_column][vc_column width=&#8221;1\/3&#8243;]<style>.vcex-icon-box.vcex_69e8bba67d04c:hover{background:#11b9b0;}.vcex-icon-box.vcex_69e8bba67d04c .vcex-icon-box-icon{color:#11b9b0;}<\/style><div class=\"vcex-module vcex-icon-box vcex-icon-box-four vcex-icon-box-hover-text-white wpex-block wpex-text-center wpex-p-30 wpex-bordered vcex_69e8bba67d04c\"><div class=\"vcex-icon-box-symbol vcex-icon-box-symbol--icon wpex-mb-20\"><div class=\"vcex-icon-box-icon wpex-items-center wpex-justify-center wpex-child-inherit-color wpex-text-center wpex-leading-none wpex-inline-flex wpex-text-1\"><span class=\"wpex-flex wpex-icon\" aria-hidden=\"true\"><svg xmlns=\"http:\/\/www.w3.org\/2000\/svg\" viewBox=\"0 0 640 512\"><path d=\"M144 0a80 80 0 1 1 0 160A80 80 0 1 1 144 0zM512 0a80 80 0 1 1 0 160A80 80 0 1 1 512 0zM0 298.7C0 239.8 47.8 192 106.7 192h42.7c15.9 0 31 3.5 44.6 9.7c-1.3 7.2-1.9 14.7-1.9 22.3c0 38.2 16.8 72.5 43.3 96c-.2 0-.4 0-.7 0H21.3C9.6 320 0 310.4 0 298.7zM405.3 320c-.2 0-.4 0-.7 0c26.6-23.5 43.3-57.8 43.3-96c0-7.6-.7-15-1.9-22.3c13.6-6.3 28.7-9.7 44.6-9.7h42.7C592.2 192 640 239.8 640 298.7c0 11.8-9.6 21.3-21.3 21.3H405.3zM224 224a96 96 0 1 1 192 0 96 96 0 1 1 -192 0zM128 485.3C128 411.7 187.7 352 261.3 352H378.7C452.3 352 512 411.7 512 485.3c0 14.7-11.9 26.7-26.7 26.7H154.7c-14.7 0-26.7-11.9-26.7-26.7z\"\/><\/svg><\/span><\/div><\/div><div class=\"vcex-icon-box-text\"><h2 class=\"vcex-icon-box-heading wpex-heading wpex-text-md wpex-mb-10\">Suport al cliente<\/h2><div class=\"vcex-icon-box-content wpex-last-mb-0 wpex-clr\"><p>El suport al client \u00e9s una de les principals caracter\u00edstiques de <strong>SOLTEC<\/strong> . Per tant, l&#8217;objectiu \u00e9s administrar el producte i la soluci\u00f3 m\u00e9s adequada a les necessitats del client. L&#8217;assist\u00e8ncia personalitzada especialment en la fase de desenvolupament de cada projecte, i el r\u00e0pid intercanvi d&#8217;informaci\u00f3 a trav\u00e9s de serveis en l\u00ednia, ens ajuden a aconseguir el millor resultat. <strong>SOLTEC<\/strong> ofereix la possibilitat de subministrar mostres de producte est\u00e0ndard segons disponibilitat sense necessitat de compra per a la seva homologaci\u00f3. D&#8217;aquesta forma s&#8217;aconsegueix una relaci\u00f3 m\u00e9s estreta i una millor satisfacci\u00f3 per part del client final.<\/p>\n<\/div><\/div><\/div>[\/vc_column][vc_column width=&#8221;1\/3&#8243;]<style>.vcex-icon-box.vcex_69e8bba67e3fc:hover{background:#11b9b0;}.vcex-icon-box.vcex_69e8bba67e3fc .vcex-icon-box-icon{color:#11b9b0;}<\/style><div class=\"vcex-module vcex-icon-box vcex-icon-box-four vcex-icon-box-hover-text-white wpex-block wpex-text-center wpex-p-30 wpex-bordered vcex_69e8bba67e3fc\"><div class=\"vcex-icon-box-symbol vcex-icon-box-symbol--icon wpex-mb-20\"><div class=\"vcex-icon-box-icon wpex-items-center wpex-justify-center wpex-child-inherit-color wpex-text-center wpex-leading-none wpex-inline-flex wpex-text-1\"><span class=\"wpex-flex wpex-icon\" aria-hidden=\"true\"><svg xmlns=\"http:\/\/www.w3.org\/2000\/svg\" viewBox=\"0 0 576 512\"><path d=\"M316.9 18C311.6 7 300.4 0 288.1 0s-23.4 7-28.8 18L195 150.3 51.4 171.5c-12 1.8-22 10.2-25.7 21.7s-.7 24.2 7.9 32.7L137.8 329 113.2 474.7c-2 12 3 24.2 12.9 31.3s23 8 33.8 2.3l128.3-68.5 128.3 68.5c10.8 5.7 23.9 4.9 33.8-2.3s14.9-19.3 12.9-31.3L438.5 329 542.7 225.9c8.6-8.5 11.7-21.2 7.9-32.7s-13.7-19.9-25.7-21.7L381.2 150.3 316.9 18z\"\/><\/svg><\/span><\/div><\/div><div class=\"vcex-icon-box-text\"><h2 class=\"vcex-icon-box-heading wpex-heading wpex-text-md wpex-mb-10\">Professionalitat i alta qualitat<\/h2><div class=\"vcex-icon-box-content wpex-last-mb-0 wpex-clr\"><p>Tota la gamma de productes de <strong>SOLTEC<\/strong> correspon a la gamma professional de panells LCD-TFT qualificats com a \u201cA grade\u201d per a la majoria de fabricants. Disposeu d&#8217;enginyers especialitzats i personal qualificats amb la tecnologia LCD-TFT per garantir un producte i una soluci\u00f3 d&#8217;alta qualitat i fiabilitat. La continuidad de nuestros productos est\u00e1 en el entorno a los 8 a\u00f1os m\u00ednimo, tiempo igual o superior al propio tiempo de vida de los equipos (50.000 horas).<\/p>\n<\/div><\/div><\/div>[\/vc_column][\/vc_row]\n<\/div>","protected":false},"excerpt":{"rendered":"<p>[vc_row content_placement=&#8221;middle&#8221; css=&#8221;.vc_custom_1687245154020{padding-bottom: 5% !important;}&#8221;][vc_column width=&#8221;1\/2&#8243;][vc_column_text] Soltec SOLTEC \u00e9s una empresa d&#8217;innovaci\u00f3 tecnol\u00f2gica que t\u00e9 com a objectiu dissenyar i administrar solucions a projectes basats en l&#8217;\u00e0mbit audiovisual mitjan\u00e7ant tecnologia LCD-TFT. Dispose de personal qualificat i especialitzat amb aquesta tecnologia. D&#8217;aquesta manera es garanteix un producte i una soluci\u00f3 d&#8217;alta qualitat i fiabilitat. Cuenta amb&hellip;<\/p>\n","protected":false},"author":1,"featured_media":2993,"parent":0,"menu_order":0,"comment_status":"closed","ping_status":"closed","template":"","meta":{"footnotes":""},"class_list":["post-3160","page","type-page","status-publish","has-post-thumbnail","hentry","entry","has-media"],"yoast_head":"<!-- This site is optimized with the Yoast SEO plugin v23.0 - https:\/\/yoast.com\/wordpress\/plugins\/seo\/ -->\n<title>Innovaci\u00f3n Tecnol\u00f3gica Audiovisual<\/title>\n<meta name=\"description\" content=\"En SOLTEC som una empresa d&#039;innovaci\u00f3 tecnol\u00f2gica on dissenyem i administrem solucions a l&#039;\u00e0mbit audiovisual\" \/>\n<meta name=\"robots\" content=\"index, follow, max-snippet:-1, max-image-preview:large, max-video-preview:-1\" \/>\n<link rel=\"canonical\" href=\"https:\/\/soltec-ep.es\/ca\/soltec\/\" \/>\n<meta property=\"og:locale\" content=\"ca_ES\" \/>\n<meta property=\"og:type\" content=\"article\" \/>\n<meta property=\"og:title\" content=\"Innovaci\u00f3n Tecnol\u00f3gica Audiovisual\" \/>\n<meta property=\"og:description\" content=\"En SOLTEC som una empresa d&#039;innovaci\u00f3 tecnol\u00f2gica on dissenyem i administrem solucions a l&#039;\u00e0mbit audiovisual\" \/>\n<meta property=\"og:url\" content=\"https:\/\/soltec-ep.es\/ca\/soltec\/\" \/>\n<meta property=\"og:site_name\" content=\"Soltec\" \/>\n<meta property=\"article:modified_time\" content=\"2024-04-19T10:39:55+00:00\" \/>\n<meta property=\"og:image\" content=\"https:\/\/soltec-ep.es\/wp-content\/uploads\/2023\/08\/KLF_M-1-1024x1024.png\" \/>\n\t<meta property=\"og:image:width\" content=\"1024\" \/>\n\t<meta property=\"og:image:height\" content=\"1024\" \/>\n\t<meta property=\"og:image:type\" content=\"image\/png\" \/>\n<meta name=\"twitter:card\" content=\"summary_large_image\" \/>\n<meta name=\"twitter:label1\" content=\"Temps estimat de lectura\" \/>\n\t<meta name=\"twitter:data1\" content=\"3 minuts\" \/>\n<script type=\"application\/ld+json\" class=\"yoast-schema-graph\">{\"@context\":\"https:\/\/schema.org\",\"@graph\":[{\"@type\":\"WebPage\",\"@id\":\"https:\/\/soltec-ep.es\/ca\/soltec\/\",\"url\":\"https:\/\/soltec-ep.es\/ca\/soltec\/\",\"name\":\"Innovaci\u00f3n Tecnol\u00f3gica Audiovisual\",\"isPartOf\":{\"@id\":\"https:\/\/soltec-ep.es\/#website\"},\"primaryImageOfPage\":{\"@id\":\"https:\/\/soltec-ep.es\/ca\/soltec\/#primaryimage\"},\"image\":{\"@id\":\"https:\/\/soltec-ep.es\/ca\/soltec\/#primaryimage\"},\"thumbnailUrl\":\"https:\/\/soltec-ep.es\/wp-content\/uploads\/2023\/08\/KLF_M-1.png\",\"datePublished\":\"2023-06-20T07:12:44+00:00\",\"dateModified\":\"2024-04-19T10:39:55+00:00\",\"description\":\"En SOLTEC som una empresa d'innovaci\u00f3 tecnol\u00f2gica on dissenyem i administrem solucions a l'\u00e0mbit audiovisual\",\"breadcrumb\":{\"@id\":\"https:\/\/soltec-ep.es\/ca\/soltec\/#breadcrumb\"},\"inLanguage\":\"ca\",\"potentialAction\":[{\"@type\":\"ReadAction\",\"target\":[\"https:\/\/soltec-ep.es\/ca\/soltec\/\"]}]},{\"@type\":\"ImageObject\",\"inLanguage\":\"ca\",\"@id\":\"https:\/\/soltec-ep.es\/ca\/soltec\/#primaryimage\",\"url\":\"https:\/\/soltec-ep.es\/wp-content\/uploads\/2023\/08\/KLF_M-1.png\",\"contentUrl\":\"https:\/\/soltec-ep.es\/wp-content\/uploads\/2023\/08\/KLF_M-1.png\",\"width\":1920,\"height\":1920,\"caption\":\"Quiosc interactiu\"},{\"@type\":\"BreadcrumbList\",\"@id\":\"https:\/\/soltec-ep.es\/ca\/soltec\/#breadcrumb\",\"itemListElement\":[{\"@type\":\"ListItem\",\"position\":1,\"name\":\"Home\",\"item\":\"https:\/\/soltec-ep.es\/ca\/\"},{\"@type\":\"ListItem\",\"position\":2,\"name\":\"Soltec\"}]},{\"@type\":\"WebSite\",\"@id\":\"https:\/\/soltec-ep.es\/#website\",\"url\":\"https:\/\/soltec-ep.es\/\",\"name\":\"Soltec\",\"description\":\"Audiovisual Solutions\",\"publisher\":{\"@id\":\"https:\/\/soltec-ep.es\/#organization\"},\"potentialAction\":[{\"@type\":\"SearchAction\",\"target\":{\"@type\":\"EntryPoint\",\"urlTemplate\":\"https:\/\/soltec-ep.es\/?s={search_term_string}\"},\"query-input\":\"required name=search_term_string\"}],\"inLanguage\":\"ca\"},{\"@type\":\"Organization\",\"@id\":\"https:\/\/soltec-ep.es\/#organization\",\"name\":\"Soltec\",\"url\":\"https:\/\/soltec-ep.es\/\",\"logo\":{\"@type\":\"ImageObject\",\"inLanguage\":\"ca\",\"@id\":\"https:\/\/soltec-ep.es\/#\/schema\/logo\/image\/\",\"url\":\"https:\/\/soltec-ep.es\/wp-content\/uploads\/2023\/06\/logo-Soltec-negre.png\",\"contentUrl\":\"https:\/\/soltec-ep.es\/wp-content\/uploads\/2023\/06\/logo-Soltec-negre.png\",\"width\":595,\"height\":126,\"caption\":\"Soltec\"},\"image\":{\"@id\":\"https:\/\/soltec-ep.es\/#\/schema\/logo\/image\/\"}}]}<\/script>\n<!-- \/ Yoast SEO plugin. -->","yoast_head_json":{"title":"Innovaci\u00f3n Tecnol\u00f3gica Audiovisual","description":"En SOLTEC som una empresa d'innovaci\u00f3 tecnol\u00f2gica on dissenyem i administrem solucions a l'\u00e0mbit audiovisual","robots":{"index":"index","follow":"follow","max-snippet":"max-snippet:-1","max-image-preview":"max-image-preview:large","max-video-preview":"max-video-preview:-1"},"canonical":"https:\/\/soltec-ep.es\/ca\/soltec\/","og_locale":"ca_ES","og_type":"article","og_title":"Innovaci\u00f3n Tecnol\u00f3gica Audiovisual","og_description":"En SOLTEC som una empresa d'innovaci\u00f3 tecnol\u00f2gica on dissenyem i administrem solucions a l'\u00e0mbit audiovisual","og_url":"https:\/\/soltec-ep.es\/ca\/soltec\/","og_site_name":"Soltec","article_modified_time":"2024-04-19T10:39:55+00:00","og_image":[{"width":1024,"height":1024,"url":"https:\/\/soltec-ep.es\/wp-content\/uploads\/2023\/08\/KLF_M-1-1024x1024.png","type":"image\/png"}],"twitter_card":"summary_large_image","twitter_misc":{"Temps estimat de lectura":"3 minuts"},"schema":{"@context":"https:\/\/schema.org","@graph":[{"@type":"WebPage","@id":"https:\/\/soltec-ep.es\/ca\/soltec\/","url":"https:\/\/soltec-ep.es\/ca\/soltec\/","name":"Innovaci\u00f3n Tecnol\u00f3gica Audiovisual","isPartOf":{"@id":"https:\/\/soltec-ep.es\/#website"},"primaryImageOfPage":{"@id":"https:\/\/soltec-ep.es\/ca\/soltec\/#primaryimage"},"image":{"@id":"https:\/\/soltec-ep.es\/ca\/soltec\/#primaryimage"},"thumbnailUrl":"https:\/\/soltec-ep.es\/wp-content\/uploads\/2023\/08\/KLF_M-1.png","datePublished":"2023-06-20T07:12:44+00:00","dateModified":"2024-04-19T10:39:55+00:00","description":"En SOLTEC som una empresa d'innovaci\u00f3 tecnol\u00f2gica on dissenyem i administrem solucions a l'\u00e0mbit audiovisual","breadcrumb":{"@id":"https:\/\/soltec-ep.es\/ca\/soltec\/#breadcrumb"},"inLanguage":"ca","potentialAction":[{"@type":"ReadAction","target":["https:\/\/soltec-ep.es\/ca\/soltec\/"]}]},{"@type":"ImageObject","inLanguage":"ca","@id":"https:\/\/soltec-ep.es\/ca\/soltec\/#primaryimage","url":"https:\/\/soltec-ep.es\/wp-content\/uploads\/2023\/08\/KLF_M-1.png","contentUrl":"https:\/\/soltec-ep.es\/wp-content\/uploads\/2023\/08\/KLF_M-1.png","width":1920,"height":1920,"caption":"Quiosc interactiu"},{"@type":"BreadcrumbList","@id":"https:\/\/soltec-ep.es\/ca\/soltec\/#breadcrumb","itemListElement":[{"@type":"ListItem","position":1,"name":"Home","item":"https:\/\/soltec-ep.es\/ca\/"},{"@type":"ListItem","position":2,"name":"Soltec"}]},{"@type":"WebSite","@id":"https:\/\/soltec-ep.es\/#website","url":"https:\/\/soltec-ep.es\/","name":"Soltec","description":"Audiovisual Solutions","publisher":{"@id":"https:\/\/soltec-ep.es\/#organization"},"potentialAction":[{"@type":"SearchAction","target":{"@type":"EntryPoint","urlTemplate":"https:\/\/soltec-ep.es\/?s={search_term_string}"},"query-input":"required name=search_term_string"}],"inLanguage":"ca"},{"@type":"Organization","@id":"https:\/\/soltec-ep.es\/#organization","name":"Soltec","url":"https:\/\/soltec-ep.es\/","logo":{"@type":"ImageObject","inLanguage":"ca","@id":"https:\/\/soltec-ep.es\/#\/schema\/logo\/image\/","url":"https:\/\/soltec-ep.es\/wp-content\/uploads\/2023\/06\/logo-Soltec-negre.png","contentUrl":"https:\/\/soltec-ep.es\/wp-content\/uploads\/2023\/06\/logo-Soltec-negre.png","width":595,"height":126,"caption":"Soltec"},"image":{"@id":"https:\/\/soltec-ep.es\/#\/schema\/logo\/image\/"}}]}},"_links":{"self":[{"href":"https:\/\/soltec-ep.es\/ca\/wp-json\/wp\/v2\/pages\/3160","targetHints":{"allow":["GET"]}}],"collection":[{"href":"https:\/\/soltec-ep.es\/ca\/wp-json\/wp\/v2\/pages"}],"about":[{"href":"https:\/\/soltec-ep.es\/ca\/wp-json\/wp\/v2\/types\/page"}],"author":[{"embeddable":true,"href":"https:\/\/soltec-ep.es\/ca\/wp-json\/wp\/v2\/users\/1"}],"replies":[{"embeddable":true,"href":"https:\/\/soltec-ep.es\/ca\/wp-json\/wp\/v2\/comments?post=3160"}],"version-history":[{"count":5,"href":"https:\/\/soltec-ep.es\/ca\/wp-json\/wp\/v2\/pages\/3160\/revisions"}],"predecessor-version":[{"id":3364,"href":"https:\/\/soltec-ep.es\/ca\/wp-json\/wp\/v2\/pages\/3160\/revisions\/3364"}],"wp:featuredmedia":[{"embeddable":true,"href":"https:\/\/soltec-ep.es\/ca\/wp-json\/wp\/v2\/media\/2993"}],"wp:attachment":[{"href":"https:\/\/soltec-ep.es\/ca\/wp-json\/wp\/v2\/media?parent=3160"}],"curies":[{"name":"wp","href":"https:\/\/api.w.org\/{rel}","templated":true}]}}