{"id":3204,"date":"2023-07-21T08:43:04","date_gmt":"2023-07-21T08:43:04","guid":{"rendered":"https:\/\/soltec-ep.es\/digital-sigange\/"},"modified":"2024-04-19T14:02:10","modified_gmt":"2024-04-19T14:02:10","slug":"digital-sigange","status":"publish","type":"page","link":"https:\/\/soltec-ep.es\/ca\/digital-sigange\/","title":{"rendered":"T\u00f2tems multim\u00e8dia"},"content":{"rendered":"<div class=\"wpb-content-wrapper\">[vc_row full_width=&#8221;stretch_row_content_no_spaces&#8221; content_placement=&#8221;middle&#8221; full_height=&#8221;yes&#8221; typography_style=&#8221;white&#8221; css=&#8221;.vc_custom_1687245397019{padding-top: 6% !important;padding-bottom: 6% !important;background-image: url(https:\/\/soltec-ep.es\/wp-content\/uploads\/2023\/06\/bg-soltec-productos-web.jpg?id=173) !important;background-position: center !important;background-repeat: no-repeat !important;background-size: cover !important;}&#8221; wpex_bg_position=&#8221;center center&#8221;][vc_column]<div class=\"vcex-spacing wpex-w-100 wpex-clear\" style=\"height:60px;\"><\/div>[vc_column_text]\n<h1 style=\"text-align: center;\">T\u00f2tems multim\u00e8dia<\/h1>\n[\/vc_column_text]<div class=\"vcex-spacing wpex-w-100 wpex-clear\" style=\"height:60px;\"><\/div>[vc_column_text]\n<p style=\"text-align: center;\">See all<\/p>\n[\/vc_column_text]<div class=\"vcex-icon vcex-module vcex-icon-small wpex-text-center\"><div class=\"vcex-icon-wrap wpex-inline-flex wpex-items-center wpex-justify-center wpex-leading-none\"><span aria-hidden=\"true\" class=\"fas fa-arrow-down\"><\/span><\/div><\/div>[\/vc_column][\/vc_row][vc_row][vc_column]<div class=\"vcex-spacing wpex-w-100 wpex-clear\" style=\"height:30px;\"><\/div>[\/vc_column][\/vc_row][vc_row][vc_column width=&#8221;2\/4&#8243;][vc_row_inner][vc_column_inner][vc_column_text]\n<h2>T\u00f2tems Digitals<\/h2>\n<h3 class=\"LC20lb MBeuO DKV0Md\">MUP Series<\/h3>\n<p>Els t\u00f2tems multim\u00e8dia digitals de SOLTEC s\u00f3n una excel\u00b7lent opci\u00f3 per a senyalitzaci\u00f3 digital amb panells TFT professionals d&#8217;alta qualitat. Disponibles en diverses mides, formes i acabats per satisfer requisits de cada instal\u00b7laci\u00f3. Els nostres t\u00f2tems poden estar equipats amb pantalles t\u00e0ctils, bases esteses amb rodes o peus de goma. A m\u00e9s, aquests t\u00f2tems es poden personalitzar amb reproductors de mitjans digitals o PC configurats segons els requisits espec\u00edfics de l&#8217;usuari. Per a aplicacions a l&#8217;aire lliure, la l\u00ednia MUP C ofereix una versi\u00f3 per a exterior. Aquests t\u00f2tems estan dissenyats per resistir condicions clim\u00e0tiques desafiadores, garantint durabilitat i un rendiment fiable en entorns exteriors. Amb caracter\u00edstiques a prova de condicions clim\u00e0tiques, pantalles d\u00b4alta lluminositat i una construcci\u00f3 robusta.[\/vc_column_text][\/vc_column_inner][\/vc_row_inner]<style>.vcex-list_item.vcex_69ee357d6e3d6{font-size:20px;}.vcex-list_item.vcex_69ee357d6e3d6 .vcex-list-item-icon-inner{color:#29b4ad;}<\/style><div class=\"vcex-list_item vcex-module wpex-m-0 wpex-max-w-100 wpex-mb-5 vcex_69ee357d6e3d6\"><div class=\"vcex-list-item-inner wpex-inline-flex wpex-flex-no-wrap\"><div class=\"vcex-list-item-text vcex-content wpex-flex-grow\">Diverses mides, formes i acabats<\/div><\/div><\/div><style>.vcex-list_item.vcex_69ee357d6f84d{font-size:20px;}.vcex-list_item.vcex_69ee357d6f84d .vcex-list-item-icon-inner{color:#29b4ad;}<\/style><div class=\"vcex-list_item vcex-module wpex-m-0 wpex-max-w-100 wpex-mb-5 vcex_69ee357d6f84d\"><div class=\"vcex-list-item-inner wpex-inline-flex wpex-flex-no-wrap\"><div class=\"vcex-list-item-text vcex-content wpex-flex-grow\">Pantalles multit\u00e0ctils, bases expandibles amb rodes o peus de goma<\/div><\/div><\/div><style>.vcex-list_item.vcex_69ee357d7025f{font-size:20px;}.vcex-list_item.vcex_69ee357d7025f .vcex-list-item-icon-inner{color:#29b4ad;}<\/style><div class=\"vcex-list_item vcex-module wpex-m-0 wpex-max-w-100 wpex-mb-5 vcex_69ee357d7025f\"><div class=\"vcex-list-item-inner wpex-inline-flex wpex-flex-no-wrap\"><div class=\"vcex-list-item-text vcex-content wpex-flex-grow\">Funcionalitat i experi\u00e8ncia d&#8217;usuari<\/div><\/div><\/div><style>.vcex-list_item.vcex_69ee357d7095c{font-size:20px;}.vcex-list_item.vcex_69ee357d7095c .vcex-list-item-icon-inner{color:#29b4ad;}<\/style><div class=\"vcex-list_item vcex-module wpex-m-0 wpex-max-w-100 wpex-mb-5 vcex_69ee357d7095c\"><div class=\"vcex-list-item-inner wpex-inline-flex wpex-flex-no-wrap\"><div class=\"vcex-list-item-text vcex-content wpex-flex-grow\">Personalitzable amb reproductors de mitjans digitals o PC configurats<\/div><\/div><\/div><style>.vcex-list_item.vcex_69ee357d712b5{font-size:20px;}.vcex-list_item.vcex_69ee357d712b5 .vcex-list-item-icon-inner{color:#29b4ad;}<\/style><div class=\"vcex-list_item vcex-module wpex-m-0 wpex-max-w-100 wpex-mb-5 vcex_69ee357d712b5\"><div class=\"vcex-list-item-inner wpex-inline-flex wpex-flex-no-wrap\"><div class=\"vcex-list-item-text vcex-content wpex-flex-grow\">A prova de condicions clim\u00e0tiques, pantalles d&#8217;alta lluminositat i construcci\u00f3 robusta<\/div><\/div><\/div>[\/vc_column][vc_column width=&#8221;1\/4&#8243;][vc_single_image image=&#8221;868&#8243; alignment=&#8221;left&#8221; onclick=&#8221;custom_link&#8221; link=&#8221;\/producte\/mup-m-line\/&#8221;]<div class=\"vcex-spacing wpex-w-100 wpex-clear\" style=\"height:20px;\"><\/div>[vc_row_inner][vc_column_inner][vc_column_text]\n<h4 style=\"text-align: center;\">MUP M Line<\/h4>\n[\/vc_column_text]<div class=\"vcex-spacing wpex-w-100 wpex-clear\" style=\"height:20px;\"><\/div><div class=\"theme-button-wrap textcenter wpex-clr\"><a href=\"\/ca\/producte\/mup-m-line\/\" class=\"vcex-button theme-button align-center inline\"><span class=\"vcex-button-inner theme-button-inner wpex-flex wpex-flex-wrap wpex-items-center wpex-justify-center\">VEURE MODELS<\/span><\/a><\/div> [\/vc_column_inner][\/vc_row_inner][vc_single_image image=&#8221;865&#8243; alignment=&#8221;left&#8221; onclick=&#8221;custom_link&#8221; link=&#8221;\/producte\/mup-c-line\/&#8221;]<div class=\"vcex-spacing wpex-w-100 wpex-clear\" style=\"height:20px;\"><\/div>[vc_row_inner][vc_column_inner][vc_column_text]\n<h4 style=\"text-align: center;\">MUP C Line<\/h4>\n[\/vc_column_text]<div class=\"vcex-spacing wpex-w-100 wpex-clear\" style=\"height:20px;\"><\/div><div class=\"theme-button-wrap textcenter wpex-clr\"><a href=\"\/ca\/producte\/mup-c-line\/\" class=\"vcex-button theme-button align-center inline\"><span class=\"vcex-button-inner theme-button-inner wpex-flex wpex-flex-wrap wpex-items-center wpex-justify-center\">VEURE MODELS<\/span><\/a><\/div> [\/vc_column_inner][\/vc_row_inner][\/vc_column][vc_column width=&#8221;1\/4&#8243;][vc_single_image image=&#8221;866&#8243; img_size=&#8221;medium&#8221; onclick=&#8221;custom_link&#8221; link=&#8221;\/producte\/mup-f-line\/&#8221;]<div class=\"vcex-spacing wpex-w-100 wpex-clear\" style=\"height:20px;\"><\/div>[vc_row_inner][vc_column_inner][vc_column_text]\n<h4 style=\"text-align: center;\">MUP F Line<\/h4>\n[\/vc_column_text]<div class=\"vcex-spacing wpex-w-100 wpex-clear\" style=\"height:20px;\"><\/div><div class=\"theme-button-wrap textcenter wpex-clr\"><a href=\"\/ca\/producte\/mup-f-line\/\" class=\"vcex-button theme-button align-center inline\"><span class=\"vcex-button-inner theme-button-inner wpex-flex wpex-flex-wrap wpex-items-center wpex-justify-center\">VEURE MODELS<\/span><\/a><\/div> [\/vc_column_inner][\/vc_row_inner][vc_single_image image=&#8221;867&#8243; img_size=&#8221;large&#8221; alignment=&#8221;left&#8221; onclick=&#8221;custom_link&#8221; link=&#8221;\/producte\/mup-h-line\/&#8221;]<div class=\"vcex-spacing wpex-w-100 wpex-clear\" style=\"height:20px;\"><\/div>[vc_row_inner][vc_column_inner][vc_column_text]\n<h4 style=\"text-align: center;\">MUP H Line<\/h4>\n[\/vc_column_text]<div class=\"vcex-spacing wpex-w-100 wpex-clear\" style=\"height:20px;\"><\/div><div class=\"theme-button-wrap textcenter wpex-clr\"><a href=\"\/ca\/producte\/mup-h-line\/\" class=\"vcex-button theme-button align-center inline\"><span class=\"vcex-button-inner theme-button-inner wpex-flex wpex-flex-wrap wpex-items-center wpex-justify-center\">VEURE MODELS<\/span><\/a><\/div> [\/vc_column_inner][\/vc_row_inner][\/vc_column][\/vc_row]\n<\/div>","protected":false},"excerpt":{"rendered":"<p>[vc_row full_width=&#8221;stretch_row_content_no_spaces&#8221; content_placement=&#8221;middle&#8221; full_height=&#8221;yes&#8221; typography_style=&#8221;white&#8221; css=&#8221;.vc_custom_1687245397019{padding-top: 6% !important;padding-bottom: 6% !important;background-image: url(https:\/\/soltec-ep.es\/wp-content\/uploads\/2023\/06\/bg-soltec-productos-web.jpg?id=173) !important;background-position: center !important;background-repeat: no-repeat !important;background-size: cover !important;}&#8221; wpex_bg_position=&#8221;center center&#8221;][vc_column][vc_column_text] T\u00f2tems multim\u00e8dia [\/vc_column_text][vc_column_text] See all [\/vc_column_text][\/vc_column][\/vc_row][vc_row][vc_column][\/vc_column][\/vc_row][vc_row][vc_column width=&#8221;2\/4&#8243;][vc_row_inner][vc_column_inner][vc_column_text] T\u00f2tems Digitals MUP Series Els t\u00f2tems multim\u00e8dia digitals de SOLTEC s\u00f3n una excel\u00b7lent opci\u00f3 per a senyalitzaci\u00f3 digital amb panells TFT professionals d&#8217;alta qualitat. Disponibles en diverses mides,&hellip;<\/p>\n","protected":false},"author":1,"featured_media":2996,"parent":0,"menu_order":0,"comment_status":"closed","ping_status":"closed","template":"","meta":{"footnotes":""},"class_list":["post-3204","page","type-page","status-publish","has-post-thumbnail","hentry","entry","has-media"],"yoast_head":"<!-- This site is optimized with the Yoast SEO plugin v23.0 - https:\/\/yoast.com\/wordpress\/plugins\/seo\/ -->\n<title>T\u00f2tems multim\u00e8dia - Soltec<\/title>\n<meta name=\"description\" content=\"T\u00f2tems multim\u00e8dia interactius. T\u00f2tems digitals dissenyats per oferir contingut visual impactant i millorar la participaci\u00f3 dels usuaris\" \/>\n<meta name=\"robots\" content=\"index, follow, max-snippet:-1, max-image-preview:large, max-video-preview:-1\" \/>\n<link rel=\"canonical\" href=\"https:\/\/soltec-ep.es\/ca\/digital-sigange\/\" \/>\n<meta property=\"og:locale\" content=\"ca_ES\" \/>\n<meta property=\"og:type\" content=\"article\" \/>\n<meta property=\"og:title\" content=\"T\u00f2tems multim\u00e8dia - Soltec\" \/>\n<meta property=\"og:description\" content=\"T\u00f2tems multim\u00e8dia interactius. T\u00f2tems digitals dissenyats per oferir contingut visual impactant i millorar la participaci\u00f3 dels usuaris\" \/>\n<meta property=\"og:url\" content=\"https:\/\/soltec-ep.es\/ca\/digital-sigange\/\" \/>\n<meta property=\"og:site_name\" content=\"Soltec\" \/>\n<meta property=\"article:modified_time\" content=\"2024-04-19T14:02:10+00:00\" \/>\n<meta property=\"og:image\" content=\"https:\/\/soltec-ep.es\/wp-content\/uploads\/2023\/08\/MUP_F-1.png\" \/>\n\t<meta property=\"og:image:width\" content=\"1920\" \/>\n\t<meta property=\"og:image:height\" content=\"1920\" \/>\n\t<meta property=\"og:image:type\" content=\"image\/png\" \/>\n<meta name=\"twitter:card\" content=\"summary_large_image\" \/>\n<meta name=\"twitter:label1\" content=\"Temps estimat de lectura\" \/>\n\t<meta name=\"twitter:data1\" content=\"3 minuts\" \/>\n<script type=\"application\/ld+json\" class=\"yoast-schema-graph\">{\"@context\":\"https:\/\/schema.org\",\"@graph\":[{\"@type\":\"WebPage\",\"@id\":\"https:\/\/soltec-ep.es\/ca\/digital-sigange\/\",\"url\":\"https:\/\/soltec-ep.es\/ca\/digital-sigange\/\",\"name\":\"T\u00f2tems multim\u00e8dia - Soltec\",\"isPartOf\":{\"@id\":\"https:\/\/soltec-ep.es\/#website\"},\"primaryImageOfPage\":{\"@id\":\"https:\/\/soltec-ep.es\/ca\/digital-sigange\/#primaryimage\"},\"image\":{\"@id\":\"https:\/\/soltec-ep.es\/ca\/digital-sigange\/#primaryimage\"},\"thumbnailUrl\":\"https:\/\/soltec-ep.es\/wp-content\/uploads\/2023\/08\/MUP_F-1.png\",\"datePublished\":\"2023-07-21T08:43:04+00:00\",\"dateModified\":\"2024-04-19T14:02:10+00:00\",\"description\":\"T\u00f2tems multim\u00e8dia interactius. T\u00f2tems digitals dissenyats per oferir contingut visual impactant i millorar la participaci\u00f3 dels usuaris\",\"breadcrumb\":{\"@id\":\"https:\/\/soltec-ep.es\/ca\/digital-sigange\/#breadcrumb\"},\"inLanguage\":\"ca\",\"potentialAction\":[{\"@type\":\"ReadAction\",\"target\":[\"https:\/\/soltec-ep.es\/ca\/digital-sigange\/\"]}]},{\"@type\":\"ImageObject\",\"inLanguage\":\"ca\",\"@id\":\"https:\/\/soltec-ep.es\/ca\/digital-sigange\/#primaryimage\",\"url\":\"https:\/\/soltec-ep.es\/wp-content\/uploads\/2023\/08\/MUP_F-1.png\",\"contentUrl\":\"https:\/\/soltec-ep.es\/wp-content\/uploads\/2023\/08\/MUP_F-1.png\",\"width\":1920,\"height\":1920,\"caption\":\"T\u00f2tems interactius - Totem Digital\"},{\"@type\":\"BreadcrumbList\",\"@id\":\"https:\/\/soltec-ep.es\/ca\/digital-sigange\/#breadcrumb\",\"itemListElement\":[{\"@type\":\"ListItem\",\"position\":1,\"name\":\"Home\",\"item\":\"https:\/\/soltec-ep.es\/ca\/\"},{\"@type\":\"ListItem\",\"position\":2,\"name\":\"T\u00f2tems multim\u00e8dia\"}]},{\"@type\":\"WebSite\",\"@id\":\"https:\/\/soltec-ep.es\/#website\",\"url\":\"https:\/\/soltec-ep.es\/\",\"name\":\"Soltec\",\"description\":\"Audiovisual Solutions\",\"publisher\":{\"@id\":\"https:\/\/soltec-ep.es\/#organization\"},\"potentialAction\":[{\"@type\":\"SearchAction\",\"target\":{\"@type\":\"EntryPoint\",\"urlTemplate\":\"https:\/\/soltec-ep.es\/?s={search_term_string}\"},\"query-input\":\"required name=search_term_string\"}],\"inLanguage\":\"ca\"},{\"@type\":\"Organization\",\"@id\":\"https:\/\/soltec-ep.es\/#organization\",\"name\":\"Soltec\",\"url\":\"https:\/\/soltec-ep.es\/\",\"logo\":{\"@type\":\"ImageObject\",\"inLanguage\":\"ca\",\"@id\":\"https:\/\/soltec-ep.es\/#\/schema\/logo\/image\/\",\"url\":\"https:\/\/soltec-ep.es\/wp-content\/uploads\/2023\/06\/logo-Soltec-negre.png\",\"contentUrl\":\"https:\/\/soltec-ep.es\/wp-content\/uploads\/2023\/06\/logo-Soltec-negre.png\",\"width\":595,\"height\":126,\"caption\":\"Soltec\"},\"image\":{\"@id\":\"https:\/\/soltec-ep.es\/#\/schema\/logo\/image\/\"}}]}<\/script>\n<!-- \/ Yoast SEO plugin. -->","yoast_head_json":{"title":"T\u00f2tems multim\u00e8dia - Soltec","description":"T\u00f2tems multim\u00e8dia interactius. T\u00f2tems digitals dissenyats per oferir contingut visual impactant i millorar la participaci\u00f3 dels usuaris","robots":{"index":"index","follow":"follow","max-snippet":"max-snippet:-1","max-image-preview":"max-image-preview:large","max-video-preview":"max-video-preview:-1"},"canonical":"https:\/\/soltec-ep.es\/ca\/digital-sigange\/","og_locale":"ca_ES","og_type":"article","og_title":"T\u00f2tems multim\u00e8dia - Soltec","og_description":"T\u00f2tems multim\u00e8dia interactius. T\u00f2tems digitals dissenyats per oferir contingut visual impactant i millorar la participaci\u00f3 dels usuaris","og_url":"https:\/\/soltec-ep.es\/ca\/digital-sigange\/","og_site_name":"Soltec","article_modified_time":"2024-04-19T14:02:10+00:00","og_image":[{"width":1920,"height":1920,"url":"https:\/\/soltec-ep.es\/wp-content\/uploads\/2023\/08\/MUP_F-1.png","type":"image\/png"}],"twitter_card":"summary_large_image","twitter_misc":{"Temps estimat de lectura":"3 minuts"},"schema":{"@context":"https:\/\/schema.org","@graph":[{"@type":"WebPage","@id":"https:\/\/soltec-ep.es\/ca\/digital-sigange\/","url":"https:\/\/soltec-ep.es\/ca\/digital-sigange\/","name":"T\u00f2tems multim\u00e8dia - Soltec","isPartOf":{"@id":"https:\/\/soltec-ep.es\/#website"},"primaryImageOfPage":{"@id":"https:\/\/soltec-ep.es\/ca\/digital-sigange\/#primaryimage"},"image":{"@id":"https:\/\/soltec-ep.es\/ca\/digital-sigange\/#primaryimage"},"thumbnailUrl":"https:\/\/soltec-ep.es\/wp-content\/uploads\/2023\/08\/MUP_F-1.png","datePublished":"2023-07-21T08:43:04+00:00","dateModified":"2024-04-19T14:02:10+00:00","description":"T\u00f2tems multim\u00e8dia interactius. T\u00f2tems digitals dissenyats per oferir contingut visual impactant i millorar la participaci\u00f3 dels usuaris","breadcrumb":{"@id":"https:\/\/soltec-ep.es\/ca\/digital-sigange\/#breadcrumb"},"inLanguage":"ca","potentialAction":[{"@type":"ReadAction","target":["https:\/\/soltec-ep.es\/ca\/digital-sigange\/"]}]},{"@type":"ImageObject","inLanguage":"ca","@id":"https:\/\/soltec-ep.es\/ca\/digital-sigange\/#primaryimage","url":"https:\/\/soltec-ep.es\/wp-content\/uploads\/2023\/08\/MUP_F-1.png","contentUrl":"https:\/\/soltec-ep.es\/wp-content\/uploads\/2023\/08\/MUP_F-1.png","width":1920,"height":1920,"caption":"T\u00f2tems interactius - Totem Digital"},{"@type":"BreadcrumbList","@id":"https:\/\/soltec-ep.es\/ca\/digital-sigange\/#breadcrumb","itemListElement":[{"@type":"ListItem","position":1,"name":"Home","item":"https:\/\/soltec-ep.es\/ca\/"},{"@type":"ListItem","position":2,"name":"T\u00f2tems multim\u00e8dia"}]},{"@type":"WebSite","@id":"https:\/\/soltec-ep.es\/#website","url":"https:\/\/soltec-ep.es\/","name":"Soltec","description":"Audiovisual Solutions","publisher":{"@id":"https:\/\/soltec-ep.es\/#organization"},"potentialAction":[{"@type":"SearchAction","target":{"@type":"EntryPoint","urlTemplate":"https:\/\/soltec-ep.es\/?s={search_term_string}"},"query-input":"required name=search_term_string"}],"inLanguage":"ca"},{"@type":"Organization","@id":"https:\/\/soltec-ep.es\/#organization","name":"Soltec","url":"https:\/\/soltec-ep.es\/","logo":{"@type":"ImageObject","inLanguage":"ca","@id":"https:\/\/soltec-ep.es\/#\/schema\/logo\/image\/","url":"https:\/\/soltec-ep.es\/wp-content\/uploads\/2023\/06\/logo-Soltec-negre.png","contentUrl":"https:\/\/soltec-ep.es\/wp-content\/uploads\/2023\/06\/logo-Soltec-negre.png","width":595,"height":126,"caption":"Soltec"},"image":{"@id":"https:\/\/soltec-ep.es\/#\/schema\/logo\/image\/"}}]}},"_links":{"self":[{"href":"https:\/\/soltec-ep.es\/ca\/wp-json\/wp\/v2\/pages\/3204","targetHints":{"allow":["GET"]}}],"collection":[{"href":"https:\/\/soltec-ep.es\/ca\/wp-json\/wp\/v2\/pages"}],"about":[{"href":"https:\/\/soltec-ep.es\/ca\/wp-json\/wp\/v2\/types\/page"}],"author":[{"embeddable":true,"href":"https:\/\/soltec-ep.es\/ca\/wp-json\/wp\/v2\/users\/1"}],"replies":[{"embeddable":true,"href":"https:\/\/soltec-ep.es\/ca\/wp-json\/wp\/v2\/comments?post=3204"}],"version-history":[{"count":5,"href":"https:\/\/soltec-ep.es\/ca\/wp-json\/wp\/v2\/pages\/3204\/revisions"}],"predecessor-version":[{"id":3372,"href":"https:\/\/soltec-ep.es\/ca\/wp-json\/wp\/v2\/pages\/3204\/revisions\/3372"}],"wp:featuredmedia":[{"embeddable":true,"href":"https:\/\/soltec-ep.es\/ca\/wp-json\/wp\/v2\/media\/2996"}],"wp:attachment":[{"href":"https:\/\/soltec-ep.es\/ca\/wp-json\/wp\/v2\/media?parent=3204"}],"curies":[{"name":"wp","href":"https:\/\/api.w.org\/{rel}","templated":true}]}}