{"id":3205,"date":"2023-07-06T11:06:57","date_gmt":"2023-07-06T11:06:57","guid":{"rendered":"https:\/\/soltec-ep.es\/ret-monitor-series\/"},"modified":"2025-03-03T12:12:38","modified_gmt":"2025-03-03T12:12:38","slug":"ret-monitor-series","status":"publish","type":"page","link":"https:\/\/soltec-ep.es\/ca\/ret-monitor-series\/","title":{"rendered":"Ret Monitor s\u00e8ries"},"content":{"rendered":"<div class=\"wpb-content-wrapper\">[vc_row full_width=&#8221;stretch_row_content_no_spaces&#8221; content_placement=&#8221;middle&#8221; full_height=&#8221;yes&#8221; typography_style=&#8221;white&#8221; css=&#8221;.vc_custom_1694512655379{padding-top: 6% !important;padding-bottom: 6% !important;background-image: url(https:\/\/soltec-ep.es\/wp-content\/uploads\/2023\/06\/bg-soltec-productos-web.jpg?id=173) !important;background-position: center !important;background-repeat: no-repeat !important;background-size: cover !important;}&#8221; wpex_bg_position=&#8221;center center&#8221;][vc_column]<div class=\"vcex-spacing wpex-w-100 wpex-clear\" style=\"height:60px;\"><\/div>[vc_column_text]\n<h1 style=\"text-align: center;\"><span data-sheets-value=\"{&quot;1&quot;:2,&quot;2&quot;:&quot;RET SERIES&quot;}\" data-sheets-userformat=\"{&quot;2&quot;:14337,&quot;3&quot;:{&quot;1&quot;:0,&quot;3&quot;:1},&quot;14&quot;:{&quot;1&quot;:3,&quot;3&quot;:1},&quot;15&quot;:&quot;Arial&quot;,&quot;16&quot;:10}\">RET MONITOR S\u00c8RIES<\/span><\/h1>\n[\/vc_column_text]<div class=\"vcex-spacing wpex-w-100 wpex-clear\" style=\"height:60px;\"><\/div>[vc_column_text]\n<p style=\"text-align: center;\">See all<\/p>\n[\/vc_column_text]<div class=\"vcex-icon vcex-module vcex-icon-small wpex-text-center\"><div class=\"vcex-icon-wrap wpex-inline-flex wpex-items-center wpex-justify-center wpex-leading-none\"><span aria-hidden=\"true\" class=\"fas fa-arrow-down\"><\/span><\/div><\/div>[\/vc_column][\/vc_row][vc_row][vc_column]<div class=\"vcex-spacing wpex-w-100 wpex-clear\" style=\"height:30px;\"><\/div>[\/vc_column][\/vc_row][vc_row][vc_column][vc_column_text]\n<h2 style=\"font-size: 15px;\"><b>RET MONITOR S\u00c8RIES<\/b><\/h2>\n<p><span style=\"font-weight: 400;\">Els Monitors Retr\u00e0ctils Motoritzats de SOLTEC s\u00f3n dispositius innovadors i altament funcionals dissenyats per a \u00fas en sales de juntes i sales de reunions. Aquests monitors s&#8217;integren a les taules, brindant una aparen\u00e7a elegant i discreta quan no estan en \u00fas. Amb un ajustament d&#8217;inclinaci\u00f3 de 20\u00ba, els usuaris poden configurar l&#8217;angle del monitor segons les prefer\u00e8ncies personals, assegurant la m\u00e0xima comoditat i facilitat d&#8217;\u00fas.<\/span><\/p>\n[\/vc_column_text]<div class=\"vcex-spacing wpex-w-100 wpex-clear\" style=\"height:30px;\"><\/div>[\/vc_column][\/vc_row][vc_row][vc_column width=&#8221;1\/2&#8243;]<div class=\"vcex-spacing wpex-w-100 wpex-clear\" style=\"height:30px;\"><\/div>[vc_column_text]\n<h2 style=\"font-size: 15px;\"><strong>RET G LINE<\/strong><\/h2>\n<p style=\"text-align: justify;\">El Monitor Retr\u00e0ctil Motoritzat de la l\u00ednia RET-G de SOLTEC compta amb una <strong>estructura d&#8217;alumini anoditzat d&#8217;alta gamma<\/strong> amb cantons arrodonits. Frontal amb vidre protector amb vora negra serigrafiada. Sistema autom\u00e0tic dobertura de la platina superior evitant el contacte entre lestructura del monitor i la platina. Aquest material garanteix que el monitor pugui <strong>resistir el desgast de l\u00fas freq\u00fcent<\/strong> i encara mantenir el seu atractiu aspecte durant anys.<\/p>\n[\/vc_column_text]<div class=\"vcex-spacing wpex-w-100 wpex-clear\" style=\"height:30px;\"><\/div><a href=\"\/ca\/producte\/ret-g-line\/\" class=\"vcex-button theme-button align-left inline\"><span class=\"vcex-button-inner theme-button-inner wpex-flex wpex-flex-wrap wpex-items-center wpex-justify-center\">VEURE MODEL<\/span><\/a> [\/vc_column][vc_column width=&#8221;1\/2&#8243;][vc_single_image image=&#8221;278&#8243;][\/vc_column][\/vc_row][vc_row][vc_column width=&#8221;1\/2&#8243;]<div class=\"vcex-spacing wpex-w-100 wpex-clear\" style=\"height:30px;\"><\/div>[vc_column_text]\n<h2 style=\"font-size: 15px;\"><strong>RET H LINE<\/strong><\/h2>\n<p style=\"text-align: justify;\">El Monitor Retr\u00e0ctil Motoritzat de la l\u00ednia RET-H de SOLTEC compta amb una <strong>estructura d&#8217;alumini anoditzat d&#8217;alta gamma<\/strong> amb cantons bisellats. Vidre protector amb vora negra serigrafiada. Sistema autom\u00e0tic dobertura de la platina superior evitant el contacte entre lestructura del monitor i la platina. Aquest material <strong>garanteix que el monitor pugui resistir el desgast de l\u00fas freq\u00fcent<\/strong> i encara mantenir el seu atractiu aspecte durant anys.<\/p>\n[\/vc_column_text]<div class=\"vcex-spacing wpex-w-100 wpex-clear\" style=\"height:30px;\"><\/div><a href=\"\/ca\/producte\/ret-h-line\/\" class=\"vcex-button theme-button align-left inline\"><span class=\"vcex-button-inner theme-button-inner wpex-flex wpex-flex-wrap wpex-items-center wpex-justify-center\">VEURE MODEL<\/span><\/a> [\/vc_column][vc_column width=&#8221;1\/2&#8243;][vc_single_image image=&#8221;279&#8243;][\/vc_column][\/vc_row][vc_row][vc_column width=&#8221;1\/2&#8243;]<div class=\"vcex-spacing wpex-w-100 wpex-clear\" style=\"height:30px;\"><\/div>[vc_column_text]\n<h2 style=\"font-size: 15px;\"><strong>RET F LINE<\/strong><\/h2>\n<p style=\"text-align: justify;\">El Monitor Retr\u00e0ctil Motoritzat de la l\u00ednia RET-F de SOLTEC est\u00e0 fabricat amb <strong>alumini anoditzat<\/strong> d&#8217;alta gamma amb cantonades bisellades que no nom\u00e9s \u00e9s elegant i modern, sin\u00f3 tamb\u00e9 incre\u00efblement durador. Aquest material es <strong>caracteritza per la seva resist\u00e8ncia i la seva capacitat de resistir la corrosi\u00f3<\/strong> , cosa que el fa ideal per al seu \u00fas en entorns comercials i corporatius.<\/p>\n[\/vc_column_text]<div class=\"vcex-spacing wpex-w-100 wpex-clear\" style=\"height:30px;\"><\/div><a href=\"\/ca\/producte\/ret-f-line\/\" class=\"vcex-button theme-button align-left inline\"><span class=\"vcex-button-inner theme-button-inner wpex-flex wpex-flex-wrap wpex-items-center wpex-justify-center\">VEURE MODEL<\/span><\/a> [\/vc_column][vc_column width=&#8221;1\/2&#8243;][vc_single_image image=&#8221;277&#8243;][\/vc_column][\/vc_row][vc_row][vc_column width=&#8221;1\/2&#8243;]<div class=\"vcex-spacing wpex-w-100 wpex-clear\" style=\"height:30px;\"><\/div>[vc_column_text]\n<h2 style=\"font-size: 15px;\"><strong>RET L LINE<\/strong><\/h2>\n<p style=\"text-align: justify;\"><span data-sheets-value=\"{&quot;1&quot;:2,&quot;2&quot;:&quot;El Monitor Retr\u00e1ctil Motorizado de la l\u00ednea RET-L de SOLTEC est\u00e1 fabricado con una estructura de monitor de acero pintado. Este material duradero garantiza que el monitor sea resistente y resistente al desgaste, lo que lo convierte en una opci\u00f3n confiable para uso regular. Adem\u00e1s, la estructura del monitor est\u00e1 dise\u00f1ada con esquinas cuadradas, lo que le confiere un aspecto moderno y aerodin\u00e1mico que complementa cualquier est\u00e9tica de sala de juntas o sala de reuniones.\\nEl \u00e1ngulo de inclinaci\u00f3n del monitor se puede ajustar hasta 20\u00ba seg\u00fan la preferencia del usuario. Sistema patentado de apertura autom\u00e1tica de la placa de cubierta que evita el contacto entre la estructura del monitor y la apertura. Puede ser controlado de forma remota a trav\u00e9s del puerto serial RS-485 o RS-232. Se dispone de una amplia gama de opciones.&quot;}\" data-sheets-userformat=\"{&quot;2&quot;:14337,&quot;3&quot;:{&quot;1&quot;:0,&quot;3&quot;:1},&quot;14&quot;:{&quot;1&quot;:2,&quot;2&quot;:0},&quot;15&quot;:&quot;Arial&quot;,&quot;16&quot;:10}\">El Monitor Retr\u00e0ctil Motoritzat de la l\u00ednia RET-L de SOLTEC est\u00e0 <strong>fabricat amb una estructura de monitor d&#8217;acer pintat<\/strong> . L&#8217;estructura del monitor est\u00e0 dissenyada amb cantonades quadrades, cosa que li confereix un aspecte <strong>modern i aerodin\u00e0mic<\/strong> que complementa qualsevol est\u00e8tica de sala de juntes o sala de reunions.<\/span><\/p>\n[\/vc_column_text]<div class=\"vcex-spacing wpex-w-100 wpex-clear\" style=\"height:30px;\"><\/div><a href=\"\/ca\/producte\/ret-l-line\/\" class=\"vcex-button theme-button align-left inline\"><span class=\"vcex-button-inner theme-button-inner wpex-flex wpex-flex-wrap wpex-items-center wpex-justify-center\">VEURE MODEL<\/span><\/a> [\/vc_column][vc_column width=&#8221;1\/2&#8243;][vc_single_image image=&#8221;280&#8243;][\/vc_column][\/vc_row]\n<\/div>","protected":false},"excerpt":{"rendered":"<p>[vc_row full_width=&#8221;stretch_row_content_no_spaces&#8221; content_placement=&#8221;middle&#8221; full_height=&#8221;yes&#8221; typography_style=&#8221;white&#8221; css=&#8221;.vc_custom_1694512655379{padding-top: 6% !important;padding-bottom: 6% !important;background-image: url(https:\/\/soltec-ep.es\/wp-content\/uploads\/2023\/06\/bg-soltec-productos-web.jpg?id=173) !important;background-position: center !important;background-repeat: no-repeat !important;background-size: cover !important;}&#8221; wpex_bg_position=&#8221;center center&#8221;][vc_column][vc_column_text] RET MONITOR S\u00c8RIES [\/vc_column_text][vc_column_text] See all [\/vc_column_text][\/vc_column][\/vc_row][vc_row][vc_column][\/vc_column][\/vc_row][vc_row][vc_column][vc_column_text] RET MONITOR S\u00c8RIES Els Monitors Retr\u00e0ctils Motoritzats de SOLTEC s\u00f3n dispositius innovadors i altament funcionals dissenyats per a \u00fas en sales de juntes i sales de reunions. Aquests&hellip;<\/p>\n","protected":false},"author":1,"featured_media":2459,"parent":0,"menu_order":0,"comment_status":"closed","ping_status":"closed","template":"","meta":{"footnotes":""},"class_list":["post-3205","page","type-page","status-publish","has-post-thumbnail","hentry","entry","has-media"],"yoast_head":"<!-- This site is optimized with the Yoast SEO plugin v23.0 - https:\/\/yoast.com\/wordpress\/plugins\/seo\/ -->\n<title>Ret Monitor s\u00e8ries - Soltec<\/title>\n<meta name=\"description\" content=\"Descobreix la Ret Monitor Series a Soltec. La darrera innovaci\u00f3 en monitors d&#039;alta qualitat i rendiment. Visita&#039;ns ara i en coneix m\u00e9s!\" \/>\n<meta name=\"robots\" content=\"index, follow, max-snippet:-1, max-image-preview:large, max-video-preview:-1\" \/>\n<link rel=\"canonical\" href=\"https:\/\/soltec-ep.es\/ca\/ret-monitor-series\/\" \/>\n<meta property=\"og:locale\" content=\"ca_ES\" \/>\n<meta property=\"og:type\" content=\"article\" \/>\n<meta property=\"og:title\" content=\"Ret Monitor s\u00e8ries - Soltec\" \/>\n<meta property=\"og:description\" content=\"Descobreix la Ret Monitor Series a Soltec. La darrera innovaci\u00f3 en monitors d&#039;alta qualitat i rendiment. Visita&#039;ns ara i en coneix m\u00e9s!\" \/>\n<meta property=\"og:url\" content=\"https:\/\/soltec-ep.es\/ca\/ret-monitor-series\/\" \/>\n<meta property=\"og:site_name\" content=\"Soltec\" \/>\n<meta property=\"article:modified_time\" content=\"2025-03-03T12:12:38+00:00\" \/>\n<meta property=\"og:image\" content=\"https:\/\/soltec-ep.es\/wp-content\/uploads\/2023\/06\/RET_S.png\" \/>\n\t<meta property=\"og:image:width\" content=\"1920\" \/>\n\t<meta property=\"og:image:height\" content=\"1080\" \/>\n\t<meta property=\"og:image:type\" content=\"image\/png\" \/>\n<meta name=\"twitter:card\" content=\"summary_large_image\" \/>\n<meta name=\"twitter:label1\" content=\"Temps estimat de lectura\" \/>\n\t<meta name=\"twitter:data1\" content=\"3 minuts\" \/>\n<script type=\"application\/ld+json\" class=\"yoast-schema-graph\">{\"@context\":\"https:\/\/schema.org\",\"@graph\":[{\"@type\":\"WebPage\",\"@id\":\"https:\/\/soltec-ep.es\/ca\/ret-monitor-series\/\",\"url\":\"https:\/\/soltec-ep.es\/ca\/ret-monitor-series\/\",\"name\":\"Ret Monitor s\u00e8ries - Soltec\",\"isPartOf\":{\"@id\":\"https:\/\/soltec-ep.es\/#website\"},\"primaryImageOfPage\":{\"@id\":\"https:\/\/soltec-ep.es\/ca\/ret-monitor-series\/#primaryimage\"},\"image\":{\"@id\":\"https:\/\/soltec-ep.es\/ca\/ret-monitor-series\/#primaryimage\"},\"thumbnailUrl\":\"https:\/\/soltec-ep.es\/wp-content\/uploads\/2023\/06\/RET_S.png\",\"datePublished\":\"2023-07-06T11:06:57+00:00\",\"dateModified\":\"2025-03-03T12:12:38+00:00\",\"description\":\"Descobreix la Ret Monitor Series a Soltec. La darrera innovaci\u00f3 en monitors d'alta qualitat i rendiment. Visita'ns ara i en coneix m\u00e9s!\",\"breadcrumb\":{\"@id\":\"https:\/\/soltec-ep.es\/ca\/ret-monitor-series\/#breadcrumb\"},\"inLanguage\":\"ca\",\"potentialAction\":[{\"@type\":\"ReadAction\",\"target\":[\"https:\/\/soltec-ep.es\/ca\/ret-monitor-series\/\"]}]},{\"@type\":\"ImageObject\",\"inLanguage\":\"ca\",\"@id\":\"https:\/\/soltec-ep.es\/ca\/ret-monitor-series\/#primaryimage\",\"url\":\"https:\/\/soltec-ep.es\/wp-content\/uploads\/2023\/06\/RET_S.png\",\"contentUrl\":\"https:\/\/soltec-ep.es\/wp-content\/uploads\/2023\/06\/RET_S.png\",\"width\":1920,\"height\":1080},{\"@type\":\"BreadcrumbList\",\"@id\":\"https:\/\/soltec-ep.es\/ca\/ret-monitor-series\/#breadcrumb\",\"itemListElement\":[{\"@type\":\"ListItem\",\"position\":1,\"name\":\"Home\",\"item\":\"https:\/\/soltec-ep.es\/ca\/\"},{\"@type\":\"ListItem\",\"position\":2,\"name\":\"Ret Monitor s\u00e8ries\"}]},{\"@type\":\"WebSite\",\"@id\":\"https:\/\/soltec-ep.es\/#website\",\"url\":\"https:\/\/soltec-ep.es\/\",\"name\":\"Soltec\",\"description\":\"Audiovisual Solutions\",\"publisher\":{\"@id\":\"https:\/\/soltec-ep.es\/#organization\"},\"potentialAction\":[{\"@type\":\"SearchAction\",\"target\":{\"@type\":\"EntryPoint\",\"urlTemplate\":\"https:\/\/soltec-ep.es\/?s={search_term_string}\"},\"query-input\":\"required name=search_term_string\"}],\"inLanguage\":\"ca\"},{\"@type\":\"Organization\",\"@id\":\"https:\/\/soltec-ep.es\/#organization\",\"name\":\"Soltec\",\"url\":\"https:\/\/soltec-ep.es\/\",\"logo\":{\"@type\":\"ImageObject\",\"inLanguage\":\"ca\",\"@id\":\"https:\/\/soltec-ep.es\/#\/schema\/logo\/image\/\",\"url\":\"https:\/\/soltec-ep.es\/wp-content\/uploads\/2023\/06\/logo-Soltec-negre.png\",\"contentUrl\":\"https:\/\/soltec-ep.es\/wp-content\/uploads\/2023\/06\/logo-Soltec-negre.png\",\"width\":595,\"height\":126,\"caption\":\"Soltec\"},\"image\":{\"@id\":\"https:\/\/soltec-ep.es\/#\/schema\/logo\/image\/\"}}]}<\/script>\n<!-- \/ Yoast SEO plugin. -->","yoast_head_json":{"title":"Ret Monitor s\u00e8ries - Soltec","description":"Descobreix la Ret Monitor Series a Soltec. La darrera innovaci\u00f3 en monitors d'alta qualitat i rendiment. Visita'ns ara i en coneix m\u00e9s!","robots":{"index":"index","follow":"follow","max-snippet":"max-snippet:-1","max-image-preview":"max-image-preview:large","max-video-preview":"max-video-preview:-1"},"canonical":"https:\/\/soltec-ep.es\/ca\/ret-monitor-series\/","og_locale":"ca_ES","og_type":"article","og_title":"Ret Monitor s\u00e8ries - Soltec","og_description":"Descobreix la Ret Monitor Series a Soltec. La darrera innovaci\u00f3 en monitors d'alta qualitat i rendiment. Visita'ns ara i en coneix m\u00e9s!","og_url":"https:\/\/soltec-ep.es\/ca\/ret-monitor-series\/","og_site_name":"Soltec","article_modified_time":"2025-03-03T12:12:38+00:00","og_image":[{"width":1920,"height":1080,"url":"https:\/\/soltec-ep.es\/wp-content\/uploads\/2023\/06\/RET_S.png","type":"image\/png"}],"twitter_card":"summary_large_image","twitter_misc":{"Temps estimat de lectura":"3 minuts"},"schema":{"@context":"https:\/\/schema.org","@graph":[{"@type":"WebPage","@id":"https:\/\/soltec-ep.es\/ca\/ret-monitor-series\/","url":"https:\/\/soltec-ep.es\/ca\/ret-monitor-series\/","name":"Ret Monitor s\u00e8ries - Soltec","isPartOf":{"@id":"https:\/\/soltec-ep.es\/#website"},"primaryImageOfPage":{"@id":"https:\/\/soltec-ep.es\/ca\/ret-monitor-series\/#primaryimage"},"image":{"@id":"https:\/\/soltec-ep.es\/ca\/ret-monitor-series\/#primaryimage"},"thumbnailUrl":"https:\/\/soltec-ep.es\/wp-content\/uploads\/2023\/06\/RET_S.png","datePublished":"2023-07-06T11:06:57+00:00","dateModified":"2025-03-03T12:12:38+00:00","description":"Descobreix la Ret Monitor Series a Soltec. La darrera innovaci\u00f3 en monitors d'alta qualitat i rendiment. Visita'ns ara i en coneix m\u00e9s!","breadcrumb":{"@id":"https:\/\/soltec-ep.es\/ca\/ret-monitor-series\/#breadcrumb"},"inLanguage":"ca","potentialAction":[{"@type":"ReadAction","target":["https:\/\/soltec-ep.es\/ca\/ret-monitor-series\/"]}]},{"@type":"ImageObject","inLanguage":"ca","@id":"https:\/\/soltec-ep.es\/ca\/ret-monitor-series\/#primaryimage","url":"https:\/\/soltec-ep.es\/wp-content\/uploads\/2023\/06\/RET_S.png","contentUrl":"https:\/\/soltec-ep.es\/wp-content\/uploads\/2023\/06\/RET_S.png","width":1920,"height":1080},{"@type":"BreadcrumbList","@id":"https:\/\/soltec-ep.es\/ca\/ret-monitor-series\/#breadcrumb","itemListElement":[{"@type":"ListItem","position":1,"name":"Home","item":"https:\/\/soltec-ep.es\/ca\/"},{"@type":"ListItem","position":2,"name":"Ret Monitor s\u00e8ries"}]},{"@type":"WebSite","@id":"https:\/\/soltec-ep.es\/#website","url":"https:\/\/soltec-ep.es\/","name":"Soltec","description":"Audiovisual Solutions","publisher":{"@id":"https:\/\/soltec-ep.es\/#organization"},"potentialAction":[{"@type":"SearchAction","target":{"@type":"EntryPoint","urlTemplate":"https:\/\/soltec-ep.es\/?s={search_term_string}"},"query-input":"required name=search_term_string"}],"inLanguage":"ca"},{"@type":"Organization","@id":"https:\/\/soltec-ep.es\/#organization","name":"Soltec","url":"https:\/\/soltec-ep.es\/","logo":{"@type":"ImageObject","inLanguage":"ca","@id":"https:\/\/soltec-ep.es\/#\/schema\/logo\/image\/","url":"https:\/\/soltec-ep.es\/wp-content\/uploads\/2023\/06\/logo-Soltec-negre.png","contentUrl":"https:\/\/soltec-ep.es\/wp-content\/uploads\/2023\/06\/logo-Soltec-negre.png","width":595,"height":126,"caption":"Soltec"},"image":{"@id":"https:\/\/soltec-ep.es\/#\/schema\/logo\/image\/"}}]}},"_links":{"self":[{"href":"https:\/\/soltec-ep.es\/ca\/wp-json\/wp\/v2\/pages\/3205","targetHints":{"allow":["GET"]}}],"collection":[{"href":"https:\/\/soltec-ep.es\/ca\/wp-json\/wp\/v2\/pages"}],"about":[{"href":"https:\/\/soltec-ep.es\/ca\/wp-json\/wp\/v2\/types\/page"}],"author":[{"embeddable":true,"href":"https:\/\/soltec-ep.es\/ca\/wp-json\/wp\/v2\/users\/1"}],"replies":[{"embeddable":true,"href":"https:\/\/soltec-ep.es\/ca\/wp-json\/wp\/v2\/comments?post=3205"}],"version-history":[{"count":6,"href":"https:\/\/soltec-ep.es\/ca\/wp-json\/wp\/v2\/pages\/3205\/revisions"}],"predecessor-version":[{"id":4595,"href":"https:\/\/soltec-ep.es\/ca\/wp-json\/wp\/v2\/pages\/3205\/revisions\/4595"}],"wp:featuredmedia":[{"embeddable":true,"href":"https:\/\/soltec-ep.es\/ca\/wp-json\/wp\/v2\/media\/2459"}],"wp:attachment":[{"href":"https:\/\/soltec-ep.es\/ca\/wp-json\/wp\/v2\/media?parent=3205"}],"curies":[{"name":"wp","href":"https:\/\/api.w.org\/{rel}","templated":true}]}}