{"id":3209,"date":"2023-07-21T15:07:05","date_gmt":"2023-07-21T15:07:05","guid":{"rendered":"https:\/\/soltec-ep.es\/monitors\/"},"modified":"2024-04-23T11:23:46","modified_gmt":"2024-04-23T11:23:46","slug":"monitors","status":"publish","type":"page","link":"https:\/\/soltec-ep.es\/ca\/monitors\/","title":{"rendered":"Monitors"},"content":{"rendered":"<div class=\"wpb-content-wrapper\">[vc_row full_width=&#8221;stretch_row_content_no_spaces&#8221; content_placement=&#8221;middle&#8221; full_height=&#8221;yes&#8221; typography_style=&#8221;white&#8221; css=&#8221;.vc_custom_1687245397019{padding-top: 6% !important;padding-bottom: 6% !important;background-image: url(https:\/\/soltec-ep.es\/wp-content\/uploads\/2023\/06\/bg-soltec-productos-web.jpg?id=173) !important;background-position: center !important;background-repeat: no-repeat !important;background-size: cover !important;}&#8221; wpex_bg_position=&#8221;center center&#8221;][vc_column]<div class=\"vcex-spacing wpex-w-100 wpex-clear\" style=\"height:60px;\"><\/div>[vc_column_text]\n<h1 style=\"text-align: center;\">Monitors<\/h1>\n[\/vc_column_text]<div class=\"vcex-spacing wpex-w-100 wpex-clear\" style=\"height:60px;\"><\/div>[vc_column_text]\n<p style=\"text-align: center;\">See all<\/p>\n[\/vc_column_text]<div class=\"vcex-icon vcex-module vcex-icon-small wpex-text-center\"><div class=\"vcex-icon-wrap wpex-inline-flex wpex-items-center wpex-justify-center wpex-leading-none\"><span aria-hidden=\"true\" class=\"fas fa-arrow-down\"><\/span><\/div><\/div>[\/vc_column][\/vc_row][vc_row][vc_column]<div class=\"vcex-spacing wpex-w-100 wpex-clear\" style=\"height:30px;\"><\/div>[\/vc_column][\/vc_row][vc_row][vc_column width=&#8221;2\/4&#8243;][vc_row_inner][vc_column_inner][vc_column_text]\n<h3>OPF Series<\/h3>\n<p style=\"text-align: justify;\">La s\u00e8rie SOLTEC OPF s\u00f3n monitors Open Frame professionals 24\/7 per a instal\u00b7lacions industrials i professionals. Aquests monitors estan enginyosament dissenyats amb suports frontals laterals a cada costat ideals per a la f\u00e0cil integraci\u00f3. Disponibles en gran varietat de mides.<\/p>\n[\/vc_column_text][\/vc_column_inner][\/vc_row_inner]<style>.vcex-list_item.vcex_69e8bba1155b5{font-size:20px;}.vcex-list_item.vcex_69e8bba1155b5 .vcex-list-item-icon-inner{color:#29b4ad;}<\/style><div class=\"vcex-list_item vcex-module wpex-m-0 wpex-max-w-100 wpex-mb-5 vcex_69e8bba1155b5\"><div class=\"vcex-list-item-inner wpex-inline-flex wpex-flex-no-wrap\"><div class=\"vcex-list-item-text vcex-content wpex-flex-grow\">Diverses mides, formes i acabats<\/div><\/div><\/div><style>.vcex-list_item.vcex_69e8bba116770{font-size:20px;}.vcex-list_item.vcex_69e8bba116770 .vcex-list-item-icon-inner{color:#29b4ad;}<\/style><div class=\"vcex-list_item vcex-module wpex-m-0 wpex-max-w-100 wpex-mb-5 vcex_69e8bba116770\"><div class=\"vcex-list-item-inner wpex-inline-flex wpex-flex-no-wrap\"><div class=\"vcex-list-item-text vcex-content wpex-flex-grow\">Pantalles multit\u00e0ctils, bases expandibles amb rodes o peus de goma<\/div><\/div><\/div><style>.vcex-list_item.vcex_69e8bba1170ab{font-size:20px;}.vcex-list_item.vcex_69e8bba1170ab .vcex-list-item-icon-inner{color:#29b4ad;}<\/style><div class=\"vcex-list_item vcex-module wpex-m-0 wpex-max-w-100 wpex-mb-5 vcex_69e8bba1170ab\"><div class=\"vcex-list-item-inner wpex-inline-flex wpex-flex-no-wrap\"><div class=\"vcex-list-item-text vcex-content wpex-flex-grow\">Funcionalitat i experi\u00e8ncia d&#8217;usuari<\/div><\/div><\/div><style>.vcex-list_item.vcex_69e8bba117a06{font-size:20px;}.vcex-list_item.vcex_69e8bba117a06 .vcex-list-item-icon-inner{color:#29b4ad;}<\/style><div class=\"vcex-list_item vcex-module wpex-m-0 wpex-max-w-100 wpex-mb-5 vcex_69e8bba117a06\"><div class=\"vcex-list-item-inner wpex-inline-flex wpex-flex-no-wrap\"><div class=\"vcex-list-item-text vcex-content wpex-flex-grow\">Personalitzable amb reproductors de mitjans digitals o PC configurats<\/div><\/div><\/div><style>.vcex-list_item.vcex_69e8bba11834b{font-size:20px;}.vcex-list_item.vcex_69e8bba11834b .vcex-list-item-icon-inner{color:#29b4ad;}<\/style><div class=\"vcex-list_item vcex-module wpex-m-0 wpex-max-w-100 wpex-mb-5 vcex_69e8bba11834b\"><div class=\"vcex-list-item-inner wpex-inline-flex wpex-flex-no-wrap\"><div class=\"vcex-list-item-text vcex-content wpex-flex-grow\">A prova de condicions clim\u00e0tiques, pantalles d&#8217;alta lluminositat i construcci\u00f3 robusta<\/div><\/div><\/div>[\/vc_column][vc_column width=&#8221;1\/4&#8243;]<div class=\"vcex-spacing wpex-w-100 wpex-clear\" style=\"height:20px;\"><\/div>[\/vc_column][vc_column width=&#8221;1\/4&#8243;][vc_single_image image=&#8221;890&#8243; img_size=&#8221;medium&#8221; onclick=&#8221;custom_link&#8221; link=&#8221;\/producte\/opf-m-line\/&#8221;]<div class=\"vcex-spacing wpex-w-100 wpex-clear\" style=\"height:20px;\"><\/div>[vc_row_inner][vc_column_inner][vc_column_text]\n<h4 style=\"text-align: center;\">OPF M Line<\/h4>\n[\/vc_column_text]<div class=\"vcex-spacing wpex-w-100 wpex-clear\" style=\"height:20px;\"><\/div><div class=\"theme-button-wrap textcenter wpex-clr\"><a href=\"\/ca\/producte\/opf-m-line\/\" class=\"vcex-button theme-button align-center inline\"><span class=\"vcex-button-inner theme-button-inner wpex-flex wpex-flex-wrap wpex-items-center wpex-justify-center\">VEURE MODELS<\/span><\/a><\/div> [\/vc_column_inner][\/vc_row_inner][\/vc_column][\/vc_row][vc_row][vc_column width=&#8221;2\/4&#8243;][vc_row_inner][vc_column_inner][vc_column_text]\n<h3>ARM Series<\/h3>\n<p style=\"text-align: justify;\">La s\u00e8rie ARM de SOLTEC s\u00f3n monitors professionals 24\/7 per a instal\u00b7lacions industrials i professionals. Una de les seves caracter\u00edstiques destacades \u00e9s la compatibilitat amb suport VESA a la part posterior, cosa que garanteix la compatibilitat amb qualsevol suport VESA est\u00e0ndard disponible al mercat. Disponibles en gran varietat de mides.<\/p>\n[\/vc_column_text][\/vc_column_inner][\/vc_row_inner]<style>.vcex-list_item.vcex_69e8bba11a771{font-size:20px;}.vcex-list_item.vcex_69e8bba11a771 .vcex-list-item-icon-inner{color:#29b4ad;}<\/style><div class=\"vcex-list_item vcex-module wpex-m-0 wpex-max-w-100 wpex-mb-5 vcex_69e8bba11a771\"><div class=\"vcex-list-item-inner wpex-inline-flex wpex-flex-no-wrap\"><div class=\"vcex-list-item-text vcex-content wpex-flex-grow\">Components robusts i dissenyats per a per\u00edodes perllongats<\/div><\/div><\/div><style>.vcex-list_item.vcex_69e8bba11b0ee{font-size:20px;}.vcex-list_item.vcex_69e8bba11b0ee .vcex-list-item-icon-inner{color:#29b4ad;}<\/style><div class=\"vcex-list_item vcex-module wpex-m-0 wpex-max-w-100 wpex-mb-5 vcex_69e8bba11b0ee\"><div class=\"vcex-list-item-inner wpex-inline-flex wpex-flex-no-wrap\"><div class=\"vcex-list-item-text vcex-content wpex-flex-grow\">\u00c0mplia gamma de mides<\/div><\/div><\/div><style>.vcex-list_item.vcex_69e8bba11b9e0{font-size:20px;}.vcex-list_item.vcex_69e8bba11b9e0 .vcex-list-item-icon-inner{color:#29b4ad;}<\/style><div class=\"vcex-list_item vcex-module wpex-m-0 wpex-max-w-100 wpex-mb-5 vcex_69e8bba11b9e0\"><div class=\"vcex-list-item-inner wpex-inline-flex wpex-flex-no-wrap\"><div class=\"vcex-list-item-text vcex-content wpex-flex-grow\">Monitors b\u00e0sics, reproductors de v\u00eddeos o amb PC incorporat<\/div><\/div><\/div>[\/vc_column][vc_column width=&#8221;1\/4&#8243;][vc_single_image image=&#8221;892&#8243; alignment=&#8221;left&#8221; onclick=&#8221;custom_link&#8221; link=&#8221;\/producte\/arm-m-line\/&#8221;]<div class=\"vcex-spacing wpex-w-100 wpex-clear\" style=\"height:20px;\"><\/div>[vc_row_inner][vc_column_inner][vc_column_text]\n<h4 style=\"text-align: center;\">ARM M Line<\/h4>\n[\/vc_column_text]<div class=\"vcex-spacing wpex-w-100 wpex-clear\" style=\"height:20px;\"><\/div><div class=\"theme-button-wrap textcenter wpex-clr\"><a href=\"\/ca\/producte\/arm-m-line\/\" class=\"vcex-button theme-button align-center inline\"><span class=\"vcex-button-inner theme-button-inner wpex-flex wpex-flex-wrap wpex-items-center wpex-justify-center\">VEURE MODELS<\/span><\/a><\/div> [\/vc_column_inner][\/vc_row_inner][\/vc_column][vc_column width=&#8221;1\/4&#8243;][vc_single_image image=&#8221;891&#8243; img_size=&#8221;medium&#8221; onclick=&#8221;custom_link&#8221; link=&#8221;https:\/\/soltec-ep.es\/en\/?post_type=product&amp;p=2758&#8243;]<div class=\"vcex-spacing wpex-w-100 wpex-clear\" style=\"height:20px;\"><\/div>[vc_row_inner][vc_column_inner][vc_column_text]\n<h4 style=\"text-align: center;\">ARM I Line<\/h4>\n[\/vc_column_text]<div class=\"vcex-spacing wpex-w-100 wpex-clear\" style=\"height:20px;\"><\/div><div class=\"theme-button-wrap textcenter wpex-clr\"><a href=\"\/ca\/ret-monitor-s\u00e8ries\" class=\"vcex-button theme-button align-center inline\"><span class=\"vcex-button-inner theme-button-inner wpex-flex wpex-flex-wrap wpex-items-center wpex-justify-center\">VEURE MODELS<\/span><\/a><\/div> [\/vc_column_inner][\/vc_row_inner][\/vc_column][\/vc_row][vc_row][vc_column width=&#8221;2\/4&#8243;][vc_row_inner][vc_column_inner][vc_column_text]\n<h3>ZINIA Series<\/h3>\n<p style=\"text-align: justify;\">La s\u00e8rie ZINIA de SOLTEC destaca com un conjunt de monitors professionals 24\/7 ultra panor\u00e0mics que ofereixen una \u00e0mplia gamma de mides i relacions d&#8217;aspecte, fet que els converteix en una de les opcions m\u00e9s vers\u00e0tils disponibles al mercat. La relaci\u00f3 d&#8217;aspecte \u00fanica d&#8217;aquests monitors els fa especialment adequats per a aplicacions espec\u00edfiques on es vol un format de visualitzaci\u00f3 m\u00e9s estret i allargat.<\/p>\n[\/vc_column_text][\/vc_column_inner][\/vc_row_inner]<style>.vcex-list_item.vcex_69e8bba11e5e3{font-size:20px;}.vcex-list_item.vcex_69e8bba11e5e3 .vcex-list-item-icon-inner{color:#29b4ad;}<\/style><div class=\"vcex-list_item vcex-module wpex-m-0 wpex-max-w-100 wpex-mb-5 vcex_69e8bba11e5e3\"><div class=\"vcex-list-item-inner wpex-inline-flex wpex-flex-no-wrap\"><div class=\"vcex-list-item-text vcex-content wpex-flex-grow\">Compatibilitat amb diferents escenaris d&#8217;instal\u00b7laci\u00f3 i prefer\u00e8ncies est\u00e8tiques<\/div><\/div><\/div><style>.vcex-list_item.vcex_69e8bba11eebd{font-size:20px;}.vcex-list_item.vcex_69e8bba11eebd .vcex-list-item-icon-inner{color:#29b4ad;}<\/style><div class=\"vcex-list_item vcex-module wpex-m-0 wpex-max-w-100 wpex-mb-5 vcex_69e8bba11eebd\"><div class=\"vcex-list-item-inner wpex-inline-flex wpex-flex-no-wrap\"><div class=\"vcex-list-item-text vcex-content wpex-flex-grow\">Disseny elegant i modern<\/div><\/div><\/div><style>.vcex-list_item.vcex_69e8bba11f998{font-size:20px;}.vcex-list_item.vcex_69e8bba11f998 .vcex-list-item-icon-inner{color:#29b4ad;}<\/style><div class=\"vcex-list_item vcex-module wpex-m-0 wpex-max-w-100 wpex-mb-5 vcex_69e8bba11f998\"><div class=\"vcex-list-item-inner wpex-inline-flex wpex-flex-no-wrap\"><div class=\"vcex-list-item-text vcex-content wpex-flex-grow\">Estructura refor\u00e7ada o soluci\u00f3 personalitzada<\/div><\/div><\/div><style>.vcex-list_item.vcex_69e8bba1203ac{font-size:20px;}.vcex-list_item.vcex_69e8bba1203ac .vcex-list-item-icon-inner{color:#29b4ad;}<\/style><div class=\"vcex-list_item vcex-module wpex-m-0 wpex-max-w-100 wpex-mb-5 vcex_69e8bba1203ac\"><div class=\"vcex-list-item-inner wpex-inline-flex wpex-flex-no-wrap\"><div class=\"vcex-list-item-text vcex-content wpex-flex-grow\">Format de visualitzaci\u00f3 allargat<\/div><\/div><\/div><style>.vcex-list_item.vcex_69e8bba120c3d{font-size:20px;}.vcex-list_item.vcex_69e8bba120c3d .vcex-list-item-icon-inner{color:#29b4ad;}<\/style><div class=\"vcex-list_item vcex-module wpex-m-0 wpex-max-w-100 wpex-mb-5 vcex_69e8bba120c3d\"><div class=\"vcex-list-item-inner wpex-inline-flex wpex-flex-no-wrap\"><div class=\"vcex-list-item-text vcex-content wpex-flex-grow\">\u00c0mplia gamma d&#8217;instal\u00b7lacions de senyalitzaci\u00f3 digital i sistemes d&#8217;informaci\u00f3<\/div><\/div><\/div>[\/vc_column][vc_column width=&#8221;1\/4&#8243;][vc_single_image image=&#8221;895&#8243; alignment=&#8221;left&#8221; onclick=&#8221;custom_link&#8221; link=&#8221;\/producte\/zinia-m-line\/&#8221;]<div class=\"vcex-spacing wpex-w-100 wpex-clear\" style=\"height:20px;\"><\/div>[vc_row_inner][vc_column_inner][vc_column_text]\n<h4 style=\"text-align: center;\">ZINIA M Line<\/h4>\n[\/vc_column_text]<div class=\"vcex-spacing wpex-w-100 wpex-clear\" style=\"height:20px;\"><\/div><div class=\"theme-button-wrap textcenter wpex-clr\"><a href=\"\/ca\/producte\/zinia-m-line\/\" class=\"vcex-button theme-button align-center inline\"><span class=\"vcex-button-inner theme-button-inner wpex-flex wpex-flex-wrap wpex-items-center wpex-justify-center\">VEURE MODELS<\/span><\/a><\/div> [\/vc_column_inner][\/vc_row_inner][vc_single_image image=&#8221;896&#8243; alignment=&#8221;left&#8221; onclick=&#8221;custom_link&#8221; link=&#8221;\/producte\/zinia-opf-line\/&#8221;]<div class=\"vcex-spacing wpex-w-100 wpex-clear\" style=\"height:20px;\"><\/div>[vc_row_inner][vc_column_inner][vc_column_text]\n<h4 style=\"text-align: center;\">ZINIA OPF Line<\/h4>\n[\/vc_column_text]<div class=\"vcex-spacing wpex-w-100 wpex-clear\" style=\"height:20px;\"><\/div><div class=\"theme-button-wrap textcenter wpex-clr\"><a href=\"\/ca\/producte\/zinia-opf-line\/\" class=\"vcex-button theme-button align-center inline\"><span class=\"vcex-button-inner theme-button-inner wpex-flex wpex-flex-wrap wpex-items-center wpex-justify-center\">VEURE MODELS<\/span><\/a><\/div> [\/vc_column_inner][\/vc_row_inner][\/vc_column][vc_column width=&#8221;1\/4&#8243;][vc_single_image image=&#8221;894&#8243; img_size=&#8221;medium&#8221; onclick=&#8221;custom_link&#8221; link=&#8221;\/producte\/zinia-arm-line\/&#8221;]<div class=\"vcex-spacing wpex-w-100 wpex-clear\" style=\"height:20px;\"><\/div>[vc_row_inner][vc_column_inner][vc_column_text]\n<h4 style=\"text-align: center;\">ZINIA ARM Line<\/h4>\n[\/vc_column_text]<div class=\"vcex-spacing wpex-w-100 wpex-clear\" style=\"height:20px;\"><\/div><div class=\"theme-button-wrap textcenter wpex-clr\"><a href=\"\/ca\/producte\/zinia-arm-line\/\" class=\"vcex-button theme-button align-center inline\"><span class=\"vcex-button-inner theme-button-inner wpex-flex wpex-flex-wrap wpex-items-center wpex-justify-center\">VEURE MODELS<\/span><\/a><\/div> [\/vc_column_inner][\/vc_row_inner][\/vc_column][\/vc_row]\n<\/div>","protected":false},"excerpt":{"rendered":"<p>[vc_row full_width=&#8221;stretch_row_content_no_spaces&#8221; content_placement=&#8221;middle&#8221; full_height=&#8221;yes&#8221; typography_style=&#8221;white&#8221; css=&#8221;.vc_custom_1687245397019{padding-top: 6% !important;padding-bottom: 6% !important;background-image: url(https:\/\/soltec-ep.es\/wp-content\/uploads\/2023\/06\/bg-soltec-productos-web.jpg?id=173) !important;background-position: center !important;background-repeat: no-repeat !important;background-size: cover !important;}&#8221; wpex_bg_position=&#8221;center center&#8221;][vc_column][vc_column_text] Monitors [\/vc_column_text][vc_column_text] See all [\/vc_column_text][\/vc_column][\/vc_row][vc_row][vc_column][\/vc_column][\/vc_row][vc_row][vc_column width=&#8221;2\/4&#8243;][vc_row_inner][vc_column_inner][vc_column_text] OPF Series La s\u00e8rie SOLTEC OPF s\u00f3n monitors Open Frame professionals 24\/7 per a instal\u00b7lacions industrials i professionals. Aquests monitors estan enginyosament dissenyats amb suports frontals laterals a cada&hellip;<\/p>\n","protected":false},"author":1,"featured_media":0,"parent":0,"menu_order":0,"comment_status":"closed","ping_status":"closed","template":"","meta":{"footnotes":""},"class_list":["post-3209","page","type-page","status-publish","hentry","entry","no-media"],"yoast_head":"<!-- This site is optimized with the Yoast SEO plugin v23.0 - https:\/\/yoast.com\/wordpress\/plugins\/seo\/ -->\n<title>Monitors - Soltec<\/title>\n<meta name=\"robots\" content=\"index, follow, max-snippet:-1, max-image-preview:large, max-video-preview:-1\" \/>\n<link rel=\"canonical\" href=\"https:\/\/soltec-ep.es\/ca\/monitors\/\" \/>\n<meta property=\"og:locale\" content=\"ca_ES\" \/>\n<meta property=\"og:type\" content=\"article\" \/>\n<meta property=\"og:title\" content=\"Monitors - Soltec\" \/>\n<meta property=\"og:description\" content=\"[vc_row full_width=&#8221;stretch_row_content_no_spaces&#8221; content_placement=&#8221;middle&#8221; full_height=&#8221;yes&#8221; typography_style=&#8221;white&#8221; css=&#8221;.vc_custom_1687245397019{padding-top: 6% !important;padding-bottom: 6% !important;background-image: url(https:\/\/soltec-ep.es\/wp-content\/uploads\/2023\/06\/bg-soltec-productos-web.jpg?id=173) !important;background-position: center !important;background-repeat: no-repeat !important;background-size: cover !important;}&#8221; wpex_bg_position=&#8221;center center&#8221;][vc_column][vc_column_text] Monitors [\/vc_column_text][vc_column_text] See all [\/vc_column_text][\/vc_column][\/vc_row][vc_row][vc_column][\/vc_column][\/vc_row][vc_row][vc_column width=&#8221;2\/4&#8243;][vc_row_inner][vc_column_inner][vc_column_text] OPF Series La s\u00e8rie SOLTEC OPF s\u00f3n monitors Open Frame professionals 24\/7 per a instal\u00b7lacions industrials i professionals. Aquests monitors estan enginyosament dissenyats amb suports frontals laterals a cada&hellip;\" \/>\n<meta property=\"og:url\" content=\"https:\/\/soltec-ep.es\/ca\/monitors\/\" \/>\n<meta property=\"og:site_name\" content=\"Soltec\" \/>\n<meta property=\"article:modified_time\" content=\"2024-04-23T11:23:46+00:00\" \/>\n<meta name=\"twitter:card\" content=\"summary_large_image\" \/>\n<meta name=\"twitter:label1\" content=\"Temps estimat de lectura\" \/>\n\t<meta name=\"twitter:data1\" content=\"2 minuts\" \/>\n<script type=\"application\/ld+json\" class=\"yoast-schema-graph\">{\"@context\":\"https:\/\/schema.org\",\"@graph\":[{\"@type\":\"WebPage\",\"@id\":\"https:\/\/soltec-ep.es\/ca\/monitors\/\",\"url\":\"https:\/\/soltec-ep.es\/ca\/monitors\/\",\"name\":\"Monitors - Soltec\",\"isPartOf\":{\"@id\":\"https:\/\/soltec-ep.es\/#website\"},\"datePublished\":\"2023-07-21T15:07:05+00:00\",\"dateModified\":\"2024-04-23T11:23:46+00:00\",\"breadcrumb\":{\"@id\":\"https:\/\/soltec-ep.es\/ca\/monitors\/#breadcrumb\"},\"inLanguage\":\"ca\",\"potentialAction\":[{\"@type\":\"ReadAction\",\"target\":[\"https:\/\/soltec-ep.es\/ca\/monitors\/\"]}]},{\"@type\":\"BreadcrumbList\",\"@id\":\"https:\/\/soltec-ep.es\/ca\/monitors\/#breadcrumb\",\"itemListElement\":[{\"@type\":\"ListItem\",\"position\":1,\"name\":\"Home\",\"item\":\"https:\/\/soltec-ep.es\/ca\/\"},{\"@type\":\"ListItem\",\"position\":2,\"name\":\"Monitors\"}]},{\"@type\":\"WebSite\",\"@id\":\"https:\/\/soltec-ep.es\/#website\",\"url\":\"https:\/\/soltec-ep.es\/\",\"name\":\"Soltec\",\"description\":\"Audiovisual Solutions\",\"publisher\":{\"@id\":\"https:\/\/soltec-ep.es\/#organization\"},\"potentialAction\":[{\"@type\":\"SearchAction\",\"target\":{\"@type\":\"EntryPoint\",\"urlTemplate\":\"https:\/\/soltec-ep.es\/?s={search_term_string}\"},\"query-input\":\"required name=search_term_string\"}],\"inLanguage\":\"ca\"},{\"@type\":\"Organization\",\"@id\":\"https:\/\/soltec-ep.es\/#organization\",\"name\":\"Soltec\",\"url\":\"https:\/\/soltec-ep.es\/\",\"logo\":{\"@type\":\"ImageObject\",\"inLanguage\":\"ca\",\"@id\":\"https:\/\/soltec-ep.es\/#\/schema\/logo\/image\/\",\"url\":\"https:\/\/soltec-ep.es\/wp-content\/uploads\/2023\/06\/logo-Soltec-negre.png\",\"contentUrl\":\"https:\/\/soltec-ep.es\/wp-content\/uploads\/2023\/06\/logo-Soltec-negre.png\",\"width\":595,\"height\":126,\"caption\":\"Soltec\"},\"image\":{\"@id\":\"https:\/\/soltec-ep.es\/#\/schema\/logo\/image\/\"}}]}<\/script>\n<!-- \/ Yoast SEO plugin. -->","yoast_head_json":{"title":"Monitors - Soltec","robots":{"index":"index","follow":"follow","max-snippet":"max-snippet:-1","max-image-preview":"max-image-preview:large","max-video-preview":"max-video-preview:-1"},"canonical":"https:\/\/soltec-ep.es\/ca\/monitors\/","og_locale":"ca_ES","og_type":"article","og_title":"Monitors - Soltec","og_description":"[vc_row full_width=&#8221;stretch_row_content_no_spaces&#8221; content_placement=&#8221;middle&#8221; full_height=&#8221;yes&#8221; typography_style=&#8221;white&#8221; css=&#8221;.vc_custom_1687245397019{padding-top: 6% !important;padding-bottom: 6% !important;background-image: url(https:\/\/soltec-ep.es\/wp-content\/uploads\/2023\/06\/bg-soltec-productos-web.jpg?id=173) !important;background-position: center !important;background-repeat: no-repeat !important;background-size: cover !important;}&#8221; wpex_bg_position=&#8221;center center&#8221;][vc_column][vc_column_text] Monitors [\/vc_column_text][vc_column_text] See all [\/vc_column_text][\/vc_column][\/vc_row][vc_row][vc_column][\/vc_column][\/vc_row][vc_row][vc_column width=&#8221;2\/4&#8243;][vc_row_inner][vc_column_inner][vc_column_text] OPF Series La s\u00e8rie SOLTEC OPF s\u00f3n monitors Open Frame professionals 24\/7 per a instal\u00b7lacions industrials i professionals. Aquests monitors estan enginyosament dissenyats amb suports frontals laterals a cada&hellip;","og_url":"https:\/\/soltec-ep.es\/ca\/monitors\/","og_site_name":"Soltec","article_modified_time":"2024-04-23T11:23:46+00:00","twitter_card":"summary_large_image","twitter_misc":{"Temps estimat de lectura":"2 minuts"},"schema":{"@context":"https:\/\/schema.org","@graph":[{"@type":"WebPage","@id":"https:\/\/soltec-ep.es\/ca\/monitors\/","url":"https:\/\/soltec-ep.es\/ca\/monitors\/","name":"Monitors - Soltec","isPartOf":{"@id":"https:\/\/soltec-ep.es\/#website"},"datePublished":"2023-07-21T15:07:05+00:00","dateModified":"2024-04-23T11:23:46+00:00","breadcrumb":{"@id":"https:\/\/soltec-ep.es\/ca\/monitors\/#breadcrumb"},"inLanguage":"ca","potentialAction":[{"@type":"ReadAction","target":["https:\/\/soltec-ep.es\/ca\/monitors\/"]}]},{"@type":"BreadcrumbList","@id":"https:\/\/soltec-ep.es\/ca\/monitors\/#breadcrumb","itemListElement":[{"@type":"ListItem","position":1,"name":"Home","item":"https:\/\/soltec-ep.es\/ca\/"},{"@type":"ListItem","position":2,"name":"Monitors"}]},{"@type":"WebSite","@id":"https:\/\/soltec-ep.es\/#website","url":"https:\/\/soltec-ep.es\/","name":"Soltec","description":"Audiovisual Solutions","publisher":{"@id":"https:\/\/soltec-ep.es\/#organization"},"potentialAction":[{"@type":"SearchAction","target":{"@type":"EntryPoint","urlTemplate":"https:\/\/soltec-ep.es\/?s={search_term_string}"},"query-input":"required name=search_term_string"}],"inLanguage":"ca"},{"@type":"Organization","@id":"https:\/\/soltec-ep.es\/#organization","name":"Soltec","url":"https:\/\/soltec-ep.es\/","logo":{"@type":"ImageObject","inLanguage":"ca","@id":"https:\/\/soltec-ep.es\/#\/schema\/logo\/image\/","url":"https:\/\/soltec-ep.es\/wp-content\/uploads\/2023\/06\/logo-Soltec-negre.png","contentUrl":"https:\/\/soltec-ep.es\/wp-content\/uploads\/2023\/06\/logo-Soltec-negre.png","width":595,"height":126,"caption":"Soltec"},"image":{"@id":"https:\/\/soltec-ep.es\/#\/schema\/logo\/image\/"}}]}},"_links":{"self":[{"href":"https:\/\/soltec-ep.es\/ca\/wp-json\/wp\/v2\/pages\/3209","targetHints":{"allow":["GET"]}}],"collection":[{"href":"https:\/\/soltec-ep.es\/ca\/wp-json\/wp\/v2\/pages"}],"about":[{"href":"https:\/\/soltec-ep.es\/ca\/wp-json\/wp\/v2\/types\/page"}],"author":[{"embeddable":true,"href":"https:\/\/soltec-ep.es\/ca\/wp-json\/wp\/v2\/users\/1"}],"replies":[{"embeddable":true,"href":"https:\/\/soltec-ep.es\/ca\/wp-json\/wp\/v2\/comments?post=3209"}],"version-history":[{"count":5,"href":"https:\/\/soltec-ep.es\/ca\/wp-json\/wp\/v2\/pages\/3209\/revisions"}],"predecessor-version":[{"id":3671,"href":"https:\/\/soltec-ep.es\/ca\/wp-json\/wp\/v2\/pages\/3209\/revisions\/3671"}],"wp:attachment":[{"href":"https:\/\/soltec-ep.es\/ca\/wp-json\/wp\/v2\/media?parent=3209"}],"curies":[{"name":"wp","href":"https:\/\/api.w.org\/{rel}","templated":true}]}}