{"id":3211,"date":"2023-07-20T08:32:22","date_gmt":"2023-07-20T08:32:22","guid":{"rendered":"https:\/\/soltec-ep.es\/ksk-kiosk-series\/"},"modified":"2024-04-23T11:14:35","modified_gmt":"2024-04-23T11:14:35","slug":"ksk-kiosk-series","status":"publish","type":"page","link":"https:\/\/soltec-ep.es\/ca\/ksk-kiosk-series\/","title":{"rendered":"KSK Kiosk Series"},"content":{"rendered":"<div class=\"wpb-content-wrapper\">[vc_row full_width=&#8221;stretch_row_content_no_spaces&#8221; content_placement=&#8221;middle&#8221; full_height=&#8221;yes&#8221; typography_style=&#8221;white&#8221; css=&#8221;.vc_custom_1687245397019{padding-top: 6% !important;padding-bottom: 6% !important;background-image: url(https:\/\/soltec-ep.es\/wp-content\/uploads\/2023\/06\/bg-soltec-productos-web.jpg?id=173) !important;background-position: center !important;background-repeat: no-repeat !important;background-size: cover !important;}&#8221; wpex_bg_position=&#8221;center center&#8221;][vc_column]<div class=\"vcex-spacing wpex-w-100 wpex-clear\" style=\"height:60px;\"><\/div>[vc_column_text]\n<h1 style=\"text-align: center;\"><span data-sheets-value=\"{&quot;1&quot;:2,&quot;2&quot;:&quot;RET SERIES&quot;}\" data-sheets-userformat=\"{&quot;2&quot;:14337,&quot;3&quot;:{&quot;1&quot;:0,&quot;3&quot;:1},&quot;14&quot;:{&quot;1&quot;:3,&quot;3&quot;:1},&quot;15&quot;:&quot;Arial&quot;,&quot;16&quot;:10}\">KSK Kiosk Series<\/span><\/h1>\n[\/vc_column_text]<div class=\"vcex-spacing wpex-w-100 wpex-clear\" style=\"height:60px;\"><\/div>[vc_column_text]\n<p style=\"text-align: center;\">See all<\/p>\n[\/vc_column_text]<div class=\"vcex-icon vcex-module vcex-icon-small wpex-text-center\"><div class=\"vcex-icon-wrap wpex-inline-flex wpex-items-center wpex-justify-center wpex-leading-none\"><span aria-hidden=\"true\" class=\"fas fa-arrow-down\"><\/span><\/div><\/div>[\/vc_column][\/vc_row][vc_row][vc_column]<div class=\"vcex-spacing wpex-w-100 wpex-clear\" style=\"height:30px;\"><\/div>[\/vc_column][\/vc_row][vc_row][vc_column][vc_column_text]<b>KSK Kiosk Series<\/b><\/p>\n<p style=\"text-align: justify;\"><span style=\"font-weight: 400;\">La s\u00e8rie quioscos interactius SOLTEC KSK estan dissenyats per satisfer una \u00e0mplia gamma de necessitats a diverses ind\u00fastries. Aquests quioscos tenen un disseny cl\u00e0ssic, constru\u00efts amb acer pintat d&#8217;alta qualitat, cosa que garanteix durabilitat i una est\u00e8tica atemporal. La s\u00e8rie KSK ofereix \u00e0mplies opcions de personalitzaci\u00f3, amb la capacitat de pintar el quiosc en qualsevol color RAL, cosa que li permet integrar-se perfectament en qualsevol entorn o complir amb requisits espec\u00edfics de marca.<\/span><\/p>\n[\/vc_column_text]<div class=\"vcex-spacing wpex-w-100 wpex-clear\" style=\"height:30px;\"><\/div>[\/vc_column][\/vc_row][vc_row][vc_column width=&#8221;1\/2&#8243;][vc_column_text]<strong>KSK M LINE<\/strong><\/p>\n<p style=\"text-align: justify;\">Els quioscos KSK M Line de SOLTEC amb un disseny cl\u00e0ssic i la seva notable primesa (5cm) el converteix en un dels quioscos m\u00e9s elegants del mercat. Tenen una pantalla t\u00e0ctil, en posici\u00f3 horitzontal i un PC industrial integrat. Aquest PC pot ser personalitzat a les necessitats de cada projecte.<\/p>\n[\/vc_column_text]<div class=\"vcex-spacing wpex-w-100 wpex-clear\" style=\"height:30px;\"><\/div>[vc_row_inner][vc_column_inner width=&#8221;1\/4&#8243;]<style>.vcex-list_item.vcex_69d0f245ba294 .vcex-list-item-icon-inner{color:#29b4ad;}<\/style><div class=\"vcex-list_item vcex-module wpex-m-0 wpex-max-w-100 wpex-mb-5 vcex_69d0f245ba294\"><div class=\"vcex-list-item-inner wpex-inline-flex wpex-flex-no-wrap\"><div class=\"vcex-list-item-text vcex-content wpex-flex-grow\">Estructura d\u00b4acer<\/div><\/div><\/div>[\/vc_column_inner][vc_column_inner width=&#8221;1\/4&#8243;]<style>.vcex-list_item.vcex_69d0f245bb007 .vcex-list-item-icon-inner{color:#29b4ad;}<\/style><div class=\"vcex-list_item vcex-module wpex-m-0 wpex-max-w-100 wpex-mb-5 vcex_69d0f245bb007\"><div class=\"vcex-list-item-inner wpex-inline-flex wpex-flex-no-wrap\"><div class=\"vcex-list-item-text vcex-content wpex-flex-grow\">Pantalla t\u00e0ctil<\/div><\/div><\/div>[\/vc_column_inner][vc_column_inner width=&#8221;1\/4&#8243;]<style>.vcex-list_item.vcex_69d0f245bb6b2 .vcex-list-item-icon-inner{color:#29b4ad;}<\/style><div class=\"vcex-list_item vcex-module wpex-m-0 wpex-max-w-100 wpex-mb-5 vcex_69d0f245bb6b2\"><div class=\"vcex-list-item-inner wpex-inline-flex wpex-flex-no-wrap\"><div class=\"vcex-list-item-text vcex-content wpex-flex-grow\">PC industrial personalitzat<\/div><\/div><\/div>[\/vc_column_inner][vc_column_inner width=&#8221;1\/4&#8243;]<style>.vcex-list_item.vcex_69d0f245bbd8b .vcex-list-item-icon-inner{color:#29b4ad;}<\/style><div class=\"vcex-list_item vcex-module wpex-m-0 wpex-max-w-100 wpex-mb-5 vcex_69d0f245bbd8b\"><div class=\"vcex-list-item-inner wpex-inline-flex wpex-flex-no-wrap\"><div class=\"vcex-list-item-text vcex-content wpex-flex-grow\">Color personalitzable<\/div><\/div><\/div>[\/vc_column_inner][\/vc_row_inner]<a href=\"\/ca\/producte\/ksk-m-line\/\" class=\"vcex-button theme-button align-left inline\"><span class=\"vcex-button-inner theme-button-inner wpex-flex wpex-flex-wrap wpex-items-center wpex-justify-center\">VEURE MODEL<\/span><\/a> [\/vc_column][vc_column width=&#8221;1\/2&#8243;][vc_single_image image=&#8221;600&#8243; img_size=&#8221;medium&#8221; alignment=&#8221;center&#8221;][\/vc_column][\/vc_row][vc_row][vc_column width=&#8221;1\/2&#8243;]<div class=\"vcex-spacing wpex-w-100 wpex-clear\" style=\"height:30px;\"><\/div>[vc_column_text]<strong>KSK G LINE<\/strong><\/p>\n<p style=\"text-align: justify;\">Els quioscos SOLTEC KSK G Line \u00e9s una soluci\u00f3 interactiva d&#8217;avantguarda amb un disseny vertical. Amb el disseny vertical, mostra una est\u00e8tica moderna i refinada que cridar\u00e0 l&#8217;atenci\u00f3. Tenen una pantalla t\u00e0ctil, en posici\u00f3 vertical i un PC industrial integrat. Aquest PC pot ser personalitzat a les necessitats de cada projecte.<\/p>\n[\/vc_column_text]<div class=\"vcex-spacing wpex-w-100 wpex-clear\" style=\"height:30px;\"><\/div>[vc_row_inner][vc_column_inner width=&#8221;1\/4&#8243;]<style>.vcex-list_item.vcex_69d0f245bdc89 .vcex-list-item-icon-inner{color:#29b4ad;}<\/style><div class=\"vcex-list_item vcex-module wpex-m-0 wpex-max-w-100 wpex-mb-5 vcex_69d0f245bdc89\"><div class=\"vcex-list-item-inner wpex-inline-flex wpex-flex-no-wrap\"><div class=\"vcex-list-item-text vcex-content wpex-flex-grow\">Acer pintat<\/div><\/div><\/div>[\/vc_column_inner][vc_column_inner width=&#8221;1\/4&#8243;]<style>.vcex-list_item.vcex_69d0f245be472 .vcex-list-item-icon-inner{color:#29b4ad;}<\/style><div class=\"vcex-list_item vcex-module wpex-m-0 wpex-max-w-100 wpex-mb-5 vcex_69d0f245be472\"><div class=\"vcex-list-item-inner wpex-inline-flex wpex-flex-no-wrap\"><div class=\"vcex-list-item-text vcex-content wpex-flex-grow\">Est\u00e8tica personalitzable<\/div><\/div><\/div>[\/vc_column_inner][vc_column_inner width=&#8221;1\/4&#8243;]<style>.vcex-list_item.vcex_69d0f245bec61 .vcex-list-item-icon-inner{color:#29b4ad;}<\/style><div class=\"vcex-list_item vcex-module wpex-m-0 wpex-max-w-100 wpex-mb-5 vcex_69d0f245bec61\"><div class=\"vcex-list-item-inner wpex-inline-flex wpex-flex-no-wrap\"><div class=\"vcex-list-item-text vcex-content wpex-flex-grow\">Pantalla t\u00e0ctil<\/div><\/div><\/div>[\/vc_column_inner][vc_column_inner width=&#8221;1\/4&#8243;]<style>.vcex-list_item.vcex_69d0f245bf358 .vcex-list-item-icon-inner{color:#29b4ad;}<\/style><div class=\"vcex-list_item vcex-module wpex-m-0 wpex-max-w-100 wpex-mb-5 vcex_69d0f245bf358\"><div class=\"vcex-list-item-inner wpex-inline-flex wpex-flex-no-wrap\"><div class=\"vcex-list-item-text vcex-content wpex-flex-grow\">PC Industrial personalitzable<\/div><\/div><\/div>[\/vc_column_inner][\/vc_row_inner]<a href=\"\/ca\/producte\/ksk-g-line\" class=\"vcex-button theme-button align-left inline\"><span class=\"vcex-button-inner theme-button-inner wpex-flex wpex-flex-wrap wpex-items-center wpex-justify-center\">VEURE MODEL<\/span><\/a> [\/vc_column][vc_column width=&#8221;1\/2&#8243;][vc_single_image image=&#8221;599&#8243; img_size=&#8221;medium&#8221; alignment=&#8221;center&#8221;][\/vc_column][\/vc_row]\n<\/div>","protected":false},"excerpt":{"rendered":"<p>[vc_row full_width=&#8221;stretch_row_content_no_spaces&#8221; content_placement=&#8221;middle&#8221; full_height=&#8221;yes&#8221; typography_style=&#8221;white&#8221; css=&#8221;.vc_custom_1687245397019{padding-top: 6% !important;padding-bottom: 6% !important;background-image: url(https:\/\/soltec-ep.es\/wp-content\/uploads\/2023\/06\/bg-soltec-productos-web.jpg?id=173) !important;background-position: center !important;background-repeat: no-repeat !important;background-size: cover !important;}&#8221; wpex_bg_position=&#8221;center center&#8221;][vc_column][vc_column_text] KSK Kiosk Series [\/vc_column_text][vc_column_text] See all [\/vc_column_text][\/vc_column][\/vc_row][vc_row][vc_column][\/vc_column][\/vc_row][vc_row][vc_column][vc_column_text]KSK Kiosk Series La s\u00e8rie quioscos interactius SOLTEC KSK estan dissenyats per satisfer una \u00e0mplia gamma de necessitats a diverses ind\u00fastries. Aquests quioscos tenen un disseny cl\u00e0ssic, constru\u00efts amb&hellip;<\/p>\n","protected":false},"author":1,"featured_media":0,"parent":0,"menu_order":0,"comment_status":"closed","ping_status":"closed","template":"","meta":{"footnotes":""},"class_list":["post-3211","page","type-page","status-publish","hentry","entry","no-media"],"yoast_head":"<!-- This site is optimized with the Yoast SEO plugin v23.0 - https:\/\/yoast.com\/wordpress\/plugins\/seo\/ -->\n<title>KSK Kiosk Series - Soltec<\/title>\n<meta name=\"robots\" content=\"index, follow, max-snippet:-1, max-image-preview:large, max-video-preview:-1\" \/>\n<link rel=\"canonical\" href=\"https:\/\/soltec-ep.es\/ca\/ksk-kiosk-series\/\" \/>\n<meta property=\"og:locale\" content=\"ca_ES\" \/>\n<meta property=\"og:type\" content=\"article\" \/>\n<meta property=\"og:title\" content=\"KSK Kiosk Series - Soltec\" \/>\n<meta property=\"og:description\" content=\"[vc_row full_width=&#8221;stretch_row_content_no_spaces&#8221; content_placement=&#8221;middle&#8221; full_height=&#8221;yes&#8221; typography_style=&#8221;white&#8221; css=&#8221;.vc_custom_1687245397019{padding-top: 6% !important;padding-bottom: 6% !important;background-image: url(https:\/\/soltec-ep.es\/wp-content\/uploads\/2023\/06\/bg-soltec-productos-web.jpg?id=173) !important;background-position: center !important;background-repeat: no-repeat !important;background-size: cover !important;}&#8221; wpex_bg_position=&#8221;center center&#8221;][vc_column][vc_column_text] KSK Kiosk Series [\/vc_column_text][vc_column_text] See all [\/vc_column_text][\/vc_column][\/vc_row][vc_row][vc_column][\/vc_column][\/vc_row][vc_row][vc_column][vc_column_text]KSK Kiosk Series La s\u00e8rie quioscos interactius SOLTEC KSK estan dissenyats per satisfer una \u00e0mplia gamma de necessitats a diverses ind\u00fastries. Aquests quioscos tenen un disseny cl\u00e0ssic, constru\u00efts amb&hellip;\" \/>\n<meta property=\"og:url\" content=\"https:\/\/soltec-ep.es\/ca\/ksk-kiosk-series\/\" \/>\n<meta property=\"og:site_name\" content=\"Soltec\" \/>\n<meta property=\"article:modified_time\" content=\"2024-04-23T11:14:35+00:00\" \/>\n<meta name=\"twitter:card\" content=\"summary_large_image\" \/>\n<meta name=\"twitter:label1\" content=\"Temps estimat de lectura\" \/>\n\t<meta name=\"twitter:data1\" content=\"2 minuts\" \/>\n<script type=\"application\/ld+json\" class=\"yoast-schema-graph\">{\"@context\":\"https:\/\/schema.org\",\"@graph\":[{\"@type\":\"WebPage\",\"@id\":\"https:\/\/soltec-ep.es\/ca\/ksk-kiosk-series\/\",\"url\":\"https:\/\/soltec-ep.es\/ca\/ksk-kiosk-series\/\",\"name\":\"KSK Kiosk Series - Soltec\",\"isPartOf\":{\"@id\":\"https:\/\/soltec-ep.es\/#website\"},\"datePublished\":\"2023-07-20T08:32:22+00:00\",\"dateModified\":\"2024-04-23T11:14:35+00:00\",\"breadcrumb\":{\"@id\":\"https:\/\/soltec-ep.es\/ca\/ksk-kiosk-series\/#breadcrumb\"},\"inLanguage\":\"ca\",\"potentialAction\":[{\"@type\":\"ReadAction\",\"target\":[\"https:\/\/soltec-ep.es\/ca\/ksk-kiosk-series\/\"]}]},{\"@type\":\"BreadcrumbList\",\"@id\":\"https:\/\/soltec-ep.es\/ca\/ksk-kiosk-series\/#breadcrumb\",\"itemListElement\":[{\"@type\":\"ListItem\",\"position\":1,\"name\":\"Home\",\"item\":\"https:\/\/soltec-ep.es\/\"},{\"@type\":\"ListItem\",\"position\":2,\"name\":\"KSK Kiosk Series\"}]},{\"@type\":\"WebSite\",\"@id\":\"https:\/\/soltec-ep.es\/#website\",\"url\":\"https:\/\/soltec-ep.es\/\",\"name\":\"Soltec\",\"description\":\"Audiovisual Solutions\",\"publisher\":{\"@id\":\"https:\/\/soltec-ep.es\/#organization\"},\"potentialAction\":[{\"@type\":\"SearchAction\",\"target\":{\"@type\":\"EntryPoint\",\"urlTemplate\":\"https:\/\/soltec-ep.es\/?s={search_term_string}\"},\"query-input\":\"required name=search_term_string\"}],\"inLanguage\":\"ca\"},{\"@type\":\"Organization\",\"@id\":\"https:\/\/soltec-ep.es\/#organization\",\"name\":\"Soltec\",\"url\":\"https:\/\/soltec-ep.es\/\",\"logo\":{\"@type\":\"ImageObject\",\"inLanguage\":\"ca\",\"@id\":\"https:\/\/soltec-ep.es\/#\/schema\/logo\/image\/\",\"url\":\"https:\/\/soltec-ep.es\/wp-content\/uploads\/2023\/06\/logo-Soltec-negre.png\",\"contentUrl\":\"https:\/\/soltec-ep.es\/wp-content\/uploads\/2023\/06\/logo-Soltec-negre.png\",\"width\":595,\"height\":126,\"caption\":\"Soltec\"},\"image\":{\"@id\":\"https:\/\/soltec-ep.es\/#\/schema\/logo\/image\/\"}}]}<\/script>\n<!-- \/ Yoast SEO plugin. -->","yoast_head_json":{"title":"KSK Kiosk Series - Soltec","robots":{"index":"index","follow":"follow","max-snippet":"max-snippet:-1","max-image-preview":"max-image-preview:large","max-video-preview":"max-video-preview:-1"},"canonical":"https:\/\/soltec-ep.es\/ca\/ksk-kiosk-series\/","og_locale":"ca_ES","og_type":"article","og_title":"KSK Kiosk Series - Soltec","og_description":"[vc_row full_width=&#8221;stretch_row_content_no_spaces&#8221; content_placement=&#8221;middle&#8221; full_height=&#8221;yes&#8221; typography_style=&#8221;white&#8221; css=&#8221;.vc_custom_1687245397019{padding-top: 6% !important;padding-bottom: 6% !important;background-image: url(https:\/\/soltec-ep.es\/wp-content\/uploads\/2023\/06\/bg-soltec-productos-web.jpg?id=173) !important;background-position: center !important;background-repeat: no-repeat !important;background-size: cover !important;}&#8221; wpex_bg_position=&#8221;center center&#8221;][vc_column][vc_column_text] KSK Kiosk Series [\/vc_column_text][vc_column_text] See all [\/vc_column_text][\/vc_column][\/vc_row][vc_row][vc_column][\/vc_column][\/vc_row][vc_row][vc_column][vc_column_text]KSK Kiosk Series La s\u00e8rie quioscos interactius SOLTEC KSK estan dissenyats per satisfer una \u00e0mplia gamma de necessitats a diverses ind\u00fastries. Aquests quioscos tenen un disseny cl\u00e0ssic, constru\u00efts amb&hellip;","og_url":"https:\/\/soltec-ep.es\/ca\/ksk-kiosk-series\/","og_site_name":"Soltec","article_modified_time":"2024-04-23T11:14:35+00:00","twitter_card":"summary_large_image","twitter_misc":{"Temps estimat de lectura":"2 minuts"},"schema":{"@context":"https:\/\/schema.org","@graph":[{"@type":"WebPage","@id":"https:\/\/soltec-ep.es\/ca\/ksk-kiosk-series\/","url":"https:\/\/soltec-ep.es\/ca\/ksk-kiosk-series\/","name":"KSK Kiosk Series - Soltec","isPartOf":{"@id":"https:\/\/soltec-ep.es\/#website"},"datePublished":"2023-07-20T08:32:22+00:00","dateModified":"2024-04-23T11:14:35+00:00","breadcrumb":{"@id":"https:\/\/soltec-ep.es\/ca\/ksk-kiosk-series\/#breadcrumb"},"inLanguage":"ca","potentialAction":[{"@type":"ReadAction","target":["https:\/\/soltec-ep.es\/ca\/ksk-kiosk-series\/"]}]},{"@type":"BreadcrumbList","@id":"https:\/\/soltec-ep.es\/ca\/ksk-kiosk-series\/#breadcrumb","itemListElement":[{"@type":"ListItem","position":1,"name":"Home","item":"https:\/\/soltec-ep.es\/"},{"@type":"ListItem","position":2,"name":"KSK Kiosk Series"}]},{"@type":"WebSite","@id":"https:\/\/soltec-ep.es\/#website","url":"https:\/\/soltec-ep.es\/","name":"Soltec","description":"Audiovisual Solutions","publisher":{"@id":"https:\/\/soltec-ep.es\/#organization"},"potentialAction":[{"@type":"SearchAction","target":{"@type":"EntryPoint","urlTemplate":"https:\/\/soltec-ep.es\/?s={search_term_string}"},"query-input":"required name=search_term_string"}],"inLanguage":"ca"},{"@type":"Organization","@id":"https:\/\/soltec-ep.es\/#organization","name":"Soltec","url":"https:\/\/soltec-ep.es\/","logo":{"@type":"ImageObject","inLanguage":"ca","@id":"https:\/\/soltec-ep.es\/#\/schema\/logo\/image\/","url":"https:\/\/soltec-ep.es\/wp-content\/uploads\/2023\/06\/logo-Soltec-negre.png","contentUrl":"https:\/\/soltec-ep.es\/wp-content\/uploads\/2023\/06\/logo-Soltec-negre.png","width":595,"height":126,"caption":"Soltec"},"image":{"@id":"https:\/\/soltec-ep.es\/#\/schema\/logo\/image\/"}}]}},"_links":{"self":[{"href":"https:\/\/soltec-ep.es\/ca\/wp-json\/wp\/v2\/pages\/3211","targetHints":{"allow":["GET"]}}],"collection":[{"href":"https:\/\/soltec-ep.es\/ca\/wp-json\/wp\/v2\/pages"}],"about":[{"href":"https:\/\/soltec-ep.es\/ca\/wp-json\/wp\/v2\/types\/page"}],"author":[{"embeddable":true,"href":"https:\/\/soltec-ep.es\/ca\/wp-json\/wp\/v2\/users\/1"}],"replies":[{"embeddable":true,"href":"https:\/\/soltec-ep.es\/ca\/wp-json\/wp\/v2\/comments?post=3211"}],"version-history":[{"count":4,"href":"https:\/\/soltec-ep.es\/ca\/wp-json\/wp\/v2\/pages\/3211\/revisions"}],"predecessor-version":[{"id":3666,"href":"https:\/\/soltec-ep.es\/ca\/wp-json\/wp\/v2\/pages\/3211\/revisions\/3666"}],"wp:attachment":[{"href":"https:\/\/soltec-ep.es\/ca\/wp-json\/wp\/v2\/media?parent=3211"}],"curies":[{"name":"wp","href":"https:\/\/api.w.org\/{rel}","templated":true}]}}