{"id":3213,"date":"2023-07-07T06:00:05","date_gmt":"2023-07-07T06:00:05","guid":{"rendered":"https:\/\/soltec-ep.es\/quioscos-interactivos\/"},"modified":"2024-04-19T10:59:04","modified_gmt":"2024-04-19T10:59:04","slug":"quioscos-interactivos","status":"publish","type":"page","link":"https:\/\/soltec-ep.es\/ca\/quioscos-interactivos\/","title":{"rendered":"Quioscos interactius"},"content":{"rendered":"<div class=\"wpb-content-wrapper\">[vc_row full_width=&#8221;stretch_row_content_no_spaces&#8221; content_placement=&#8221;middle&#8221; full_height=&#8221;yes&#8221; typography_style=&#8221;white&#8221; css=&#8221;.vc_custom_1687245397019{padding-top: 6% !important;padding-bottom: 6% !important;background-image: url(https:\/\/soltec-ep.es\/wp-content\/uploads\/2023\/06\/bg-soltec-productos-web.jpg?id=173) !important;background-position: center !important;background-repeat: no-repeat !important;background-size: cover !important;}&#8221; wpex_bg_position=&#8221;center center&#8221;][vc_column]<div class=\"vcex-spacing wpex-w-100 wpex-clear\" style=\"height:60px;\"><\/div>[vc_column_text]\n<h1 style=\"text-align: center;\"><span data-sheets-value=\"{&quot;1&quot;:2,&quot;2&quot;:&quot;kioscos interactivos&quot;}\" data-sheets-userformat=\"{&quot;2&quot;:6659,&quot;3&quot;:{&quot;1&quot;:0},&quot;4&quot;:{&quot;1&quot;:2,&quot;2&quot;:16777215},&quot;12&quot;:0,&quot;14&quot;:{&quot;1&quot;:2,&quot;2&quot;:2236962},&quot;15&quot;:&quot;Arial, Helvetica, sans-serif&quot;}\">Quioscos Interactius<\/span><\/h1>\n[\/vc_column_text]<div class=\"vcex-spacing wpex-w-100 wpex-clear\" style=\"height:60px;\"><\/div>[vc_column_text]\n<p style=\"text-align: center;\">See all<\/p>\n[\/vc_column_text]<div class=\"vcex-icon vcex-module vcex-icon-small wpex-text-center\"><div class=\"vcex-icon-wrap wpex-inline-flex wpex-items-center wpex-justify-center wpex-leading-none\"><span aria-hidden=\"true\" class=\"fas fa-arrow-down\"><\/span><\/div><\/div>[\/vc_column][\/vc_row][vc_row][vc_column]<div class=\"vcex-spacing wpex-w-100 wpex-clear\" style=\"height:30px;\"><\/div>[\/vc_column][\/vc_row][vc_row][vc_column width=&#8221;2\/4&#8243;][vc_row_inner][vc_column_inner][vc_column_text]\n<h2>Quioscos interactius<\/h2>\n<h3>KSK Series<\/h3>\n<p style=\"text-align: justify;\">La s\u00e8rie quioscos interactius SOLTEC KSK estan dissenyats per satisfer una \u00e0mplia gamma de necessitats a diverses ind\u00fastries. Aquests quioscos tenen un disseny cl\u00e0ssic, amb estructura d\u00b4acer pintat d\u00b4alta qualitat. Aquests equips compten amb una pantalla t\u00e0ctil integrada i un PC industrial que es pot personalitzar segons els requisits t\u00e8cnics del client.<\/p>\n[\/vc_column_text][\/vc_column_inner][\/vc_row_inner]<style>.vcex-list_item.vcex_69f1c4a6a6c7e{font-size:20px;}.vcex-list_item.vcex_69f1c4a6a6c7e .vcex-list-item-icon-inner{color:#29b4ad;}<\/style><div class=\"vcex-list_item vcex-module wpex-m-0 wpex-max-w-100 wpex-mb-5 vcex_69f1c4a6a6c7e\"><div class=\"vcex-list-item-inner wpex-inline-flex wpex-flex-no-wrap\"><div class=\"vcex-list-item-text vcex-content wpex-flex-grow\">Personalitzaci\u00f3 per colors<\/div><\/div><\/div><style>.vcex-list_item.vcex_69f1c4a6a80a2{font-size:20px;}.vcex-list_item.vcex_69f1c4a6a80a2 .vcex-list-item-icon-inner{color:#29b4ad;}<\/style><div class=\"vcex-list_item vcex-module wpex-m-0 wpex-max-w-100 wpex-mb-5 vcex_69f1c4a6a80a2\"><div class=\"vcex-list-item-inner wpex-inline-flex wpex-flex-no-wrap\"><div class=\"vcex-list-item-text vcex-content wpex-flex-grow\">Pantalla t\u00e0ctil<\/div><\/div><\/div><style>.vcex-list_item.vcex_69f1c4a6a883d{font-size:20px;}.vcex-list_item.vcex_69f1c4a6a883d .vcex-list-item-icon-inner{color:#29b4ad;}<\/style><div class=\"vcex-list_item vcex-module wpex-m-0 wpex-max-w-100 wpex-mb-5 vcex_69f1c4a6a883d\"><div class=\"vcex-list-item-inner wpex-inline-flex wpex-flex-no-wrap\"><div class=\"vcex-list-item-text vcex-content wpex-flex-grow\">PC Industrial incorporat<\/div><\/div><\/div><style>.vcex-list_item.vcex_69f1c4a6a8f24{font-size:20px;}.vcex-list_item.vcex_69f1c4a6a8f24 .vcex-list-item-icon-inner{color:#29b4ad;}<\/style><div class=\"vcex-list_item vcex-module wpex-m-0 wpex-max-w-100 wpex-mb-5 vcex_69f1c4a6a8f24\"><div class=\"vcex-list-item-inner wpex-inline-flex wpex-flex-no-wrap\"><div class=\"vcex-list-item-text vcex-content wpex-flex-grow\">S&#8217;hi pot incorporar: esc\u00e0ner de codi, impressora de rebuts, lector de targetes, etc.<\/div><\/div><\/div>[\/vc_column][vc_column width=&#8221;1\/4&#8243;][vc_single_image image=&#8221;600&#8243; alignment=&#8221;left&#8221; onclick=&#8221;custom_link&#8221; link=&#8221;\/producte\/ksk-m-line\/&#8221;]<div class=\"vcex-spacing wpex-w-100 wpex-clear\" style=\"height:20px;\"><\/div>[vc_row_inner][vc_column_inner][vc_column_text]\n<h4 style=\"text-align: center;\">KSK M Line<\/h4>\n[\/vc_column_text]<div class=\"vcex-spacing wpex-w-100 wpex-clear\" style=\"height:20px;\"><\/div><div class=\"theme-button-wrap textcenter wpex-clr\"><a href=\"\/ca\/producte\/ksk-m-line\/\" class=\"vcex-button theme-button align-center inline\"><span class=\"vcex-button-inner theme-button-inner wpex-flex wpex-flex-wrap wpex-items-center wpex-justify-center\">VEURE MODELS<\/span><\/a><\/div> [\/vc_column_inner][\/vc_row_inner][\/vc_column][vc_column width=&#8221;1\/4&#8243;][vc_single_image image=&#8221;599&#8243; img_size=&#8221;medium&#8221; onclick=&#8221;custom_link&#8221; link=&#8221;\/producte\/ksk-g-line\/&#8221;]<div class=\"vcex-spacing wpex-w-100 wpex-clear\" style=\"height:20px;\"><\/div>[vc_row_inner][vc_column_inner][vc_column_text]\n<h4 style=\"text-align: center;\">KSK G Line<\/h4>\n[\/vc_column_text]<div class=\"vcex-spacing wpex-w-100 wpex-clear\" style=\"height:20px;\"><\/div><div class=\"theme-button-wrap textcenter wpex-clr\"><a href=\"\/ca\/producte\/ksk-g-line\/\" class=\"vcex-button theme-button align-center inline\"><span class=\"vcex-button-inner theme-button-inner wpex-flex wpex-flex-wrap wpex-items-center wpex-justify-center\">VEURE MODELS<\/span><\/a><\/div> [\/vc_column_inner][\/vc_row_inner][\/vc_column][\/vc_row][vc_row][vc_column]<div class=\"vcex-spacing wpex-w-100 wpex-clear\" style=\"height:30px;\"><\/div>[vc_separator]<div class=\"vcex-spacing wpex-w-100 wpex-clear\" style=\"height:30px;\"><\/div>[\/vc_column][\/vc_row][vc_row][vc_column width=&#8221;2\/4&#8243;][vc_row_inner][vc_column_inner][vc_column_text]\n<h3>KCV Series<\/h3>\n<p style=\"text-align: justify;\">La s\u00e8rie de quics interactius SOLTEC KCV s\u00f3n un producte excepcional que destaca per l&#8217;estructura corbada d&#8217;acer. El disseny corbat d&#8217;aquest quiosc afegeix eleg\u00e0ncia i atractiu i el converteix en una elecci\u00f3 ideal per a aquelles instal\u00b7lacions on es requereix un acabat exclusiu. Aquests equips compten amb una pantalla t\u00e0ctil integrada i un PC industrial que es pot personalitzar segons els requisits t\u00e8cnics del client.<\/p>\n[\/vc_column_text][\/vc_column_inner][\/vc_row_inner]<style>.vcex-list_item.vcex_69f1c4a6abbc4{font-size:20px;}.vcex-list_item.vcex_69f1c4a6abbc4 .vcex-list-item-icon-inner{color:#29b4ad;}<\/style><div class=\"vcex-list_item vcex-module wpex-m-0 wpex-max-w-100 wpex-mb-5 vcex_69f1c4a6abbc4\"><div class=\"vcex-list-item-inner wpex-inline-flex wpex-flex-no-wrap\"><div class=\"vcex-list-item-text vcex-content wpex-flex-grow\">Personalitzaci\u00f3 colors RAL<\/div><\/div><\/div><style>.vcex-list_item.vcex_69f1c4a6ac4dd{font-size:20px;}.vcex-list_item.vcex_69f1c4a6ac4dd .vcex-list-item-icon-inner{color:#29b4ad;}<\/style><div class=\"vcex-list_item vcex-module wpex-m-0 wpex-max-w-100 wpex-mb-5 vcex_69f1c4a6ac4dd\"><div class=\"vcex-list-item-inner wpex-inline-flex wpex-flex-no-wrap\"><div class=\"vcex-list-item-text vcex-content wpex-flex-grow\">Pantalla t\u00e0ctil<\/div><\/div><\/div><style>.vcex-list_item.vcex_69f1c4a6acd74{font-size:20px;}.vcex-list_item.vcex_69f1c4a6acd74 .vcex-list-item-icon-inner{color:#29b4ad;}<\/style><div class=\"vcex-list_item vcex-module wpex-m-0 wpex-max-w-100 wpex-mb-5 vcex_69f1c4a6acd74\"><div class=\"vcex-list-item-inner wpex-inline-flex wpex-flex-no-wrap\"><div class=\"vcex-list-item-text vcex-content wpex-flex-grow\">PC industrial personalitzable<\/div><\/div><\/div><style>.vcex-list_item.vcex_69f1c4a6ad477{font-size:20px;}.vcex-list_item.vcex_69f1c4a6ad477 .vcex-list-item-icon-inner{color:#29b4ad;}<\/style><div class=\"vcex-list_item vcex-module wpex-m-0 wpex-max-w-100 wpex-mb-5 vcex_69f1c4a6ad477\"><div class=\"vcex-list-item-inner wpex-inline-flex wpex-flex-no-wrap\"><div class=\"vcex-list-item-text vcex-content wpex-flex-grow\">Es poden integrar: impressores, webcams o lectura de targetes<\/div><\/div><\/div>[\/vc_column][vc_column width=&#8221;1\/4&#8243;][\/vc_column][vc_column width=&#8221;1\/4&#8243;]<div class=\"vcex-spacing wpex-w-100 wpex-clear\" style=\"height:20px;\"><\/div>[vc_single_image image=&#8221;596&#8243; onclick=&#8221;custom_link&#8221; link=&#8221;\/producte\/kcv-series\/&#8221;]<div class=\"vcex-spacing wpex-w-100 wpex-clear\" style=\"height:20px;\"><\/div>[vc_row_inner][vc_column_inner][vc_column_text]\n<h4 style=\"text-align: center;\"><span data-sheets-value=\"{&quot;1&quot;:2,&quot;2&quot;:&quot;SKCV156M-28&quot;}\" data-sheets-userformat=\"{&quot;2&quot;:14337,&quot;3&quot;:{&quot;1&quot;:0,&quot;3&quot;:1},&quot;14&quot;:{&quot;1&quot;:2,&quot;2&quot;:0},&quot;15&quot;:&quot;Arial&quot;,&quot;16&quot;:10}\">SKCV156M-28<\/span><\/h4>\n[\/vc_column_text]<div class=\"vcex-spacing wpex-w-100 wpex-clear\" style=\"height:20px;\"><\/div><div class=\"theme-button-wrap textcenter wpex-clr\"><a href=\"\/ca\/producte\/kcv-series\/\" class=\"vcex-button theme-button align-center inline\"><span class=\"vcex-button-inner theme-button-inner wpex-flex wpex-flex-wrap wpex-items-center wpex-justify-center\">VEURE MODEL<\/span><\/a><\/div> [\/vc_column_inner][\/vc_row_inner][\/vc_column][\/vc_row][vc_row][vc_column]<div class=\"vcex-spacing wpex-w-100 wpex-clear\" style=\"height:30px;\"><\/div>[vc_separator]<div class=\"vcex-spacing wpex-w-100 wpex-clear\" style=\"height:30px;\"><\/div>[\/vc_column][\/vc_row][vc_row][vc_column width=&#8221;2\/4&#8243;][vc_row_inner][vc_column_inner][vc_column_text]\n<h3 style=\"text-align: justify;\">KLF Series<\/h3>\n<p style=\"text-align: justify;\">Els quioscos interactius de SOLTEC amb panells TFT de gran format KLF ofereixen una soluci\u00f3 excepcional per a la navegaci\u00f3 i els punts d&#8217;informaci\u00f3 interactius a causa dels seus nombrosos avantatges. Aquests equips compten amb una pantalla t\u00e0ctil integrada i un PC industrial que es pot personalitzar segons els requisits t\u00e8cnics del client.<\/p>\n[\/vc_column_text][\/vc_column_inner][\/vc_row_inner]<style>.vcex-list_item.vcex_69f1c4a6af079{font-size:20px;}.vcex-list_item.vcex_69f1c4a6af079 .vcex-list-item-icon-inner{color:#29b4ad;}<\/style><div class=\"vcex-list_item vcex-module wpex-m-0 wpex-max-w-100 wpex-mb-5 vcex_69f1c4a6af079\"><div class=\"vcex-list-item-inner wpex-inline-flex wpex-flex-no-wrap\"><div class=\"vcex-list-item-text vcex-content wpex-flex-grow\">Construcci\u00f3 resistent<\/div><\/div><\/div><style>.vcex-list_item.vcex_69f1c4a6af8ce{font-size:20px;}.vcex-list_item.vcex_69f1c4a6af8ce .vcex-list-item-icon-inner{color:#29b4ad;}<\/style><div class=\"vcex-list_item vcex-module wpex-m-0 wpex-max-w-100 wpex-mb-5 vcex_69f1c4a6af8ce\"><div class=\"vcex-list-item-inner wpex-inline-flex wpex-flex-no-wrap\"><div class=\"vcex-list-item-text vcex-content wpex-flex-grow\">Pantalla t\u00e0ctil<\/div><\/div><\/div><style>.vcex-list_item.vcex_69f1c4a6b00cb{font-size:20px;}.vcex-list_item.vcex_69f1c4a6b00cb .vcex-list-item-icon-inner{color:#29b4ad;}<\/style><div class=\"vcex-list_item vcex-module wpex-m-0 wpex-max-w-100 wpex-mb-5 vcex_69f1c4a6b00cb\"><div class=\"vcex-list-item-inner wpex-inline-flex wpex-flex-no-wrap\"><div class=\"vcex-list-item-text vcex-content wpex-flex-grow\">PC personalitzable incorporat<\/div><\/div><\/div><style>.vcex-list_item.vcex_69f1c4a6b0893{font-size:20px;}.vcex-list_item.vcex_69f1c4a6b0893 .vcex-list-item-icon-inner{color:#29b4ad;}<\/style><div class=\"vcex-list_item vcex-module wpex-m-0 wpex-max-w-100 wpex-mb-5 vcex_69f1c4a6b0893\"><div class=\"vcex-list-item-inner wpex-inline-flex wpex-flex-no-wrap\"><div class=\"vcex-list-item-text vcex-content wpex-flex-grow\">Disseny i colors personalitzables<\/div><\/div><\/div>[\/vc_column][vc_column width=&#8221;1\/4&#8243;][vc_single_image image=&#8221;598&#8243; onclick=&#8221;custom_link&#8221; link=&#8221;\/producte\/klf-m-line\/&#8221;]<div class=\"vcex-spacing wpex-w-100 wpex-clear\" style=\"height:20px;\"><\/div>[vc_row_inner][vc_column_inner][vc_column_text]\n<h4 style=\"text-align: center;\">KLF M Line Series<\/h4>\n[\/vc_column_text]<div class=\"vcex-spacing wpex-w-100 wpex-clear\" style=\"height:20px;\"><\/div><div class=\"theme-button-wrap textcenter wpex-clr\"><a href=\"\/ca\/producte\/klf-m-line\/\" class=\"vcex-button theme-button align-center inline\"><span class=\"vcex-button-inner theme-button-inner wpex-flex wpex-flex-wrap wpex-items-center wpex-justify-center\">VEURE MODEL<\/span><\/a><\/div> [\/vc_column_inner][\/vc_row_inner][\/vc_column][vc_column width=&#8221;1\/4&#8243;][vc_single_image image=&#8221;597&#8243; onclick=&#8221;custom_link&#8221; link=&#8221;\/producte\/klf-c-line\/&#8221;]<div class=\"vcex-spacing wpex-w-100 wpex-clear\" style=\"height:20px;\"><\/div>[vc_row_inner][vc_column_inner][vc_column_text]\n<h4 style=\"text-align: center;\"><span data-sheets-value=\"{&quot;1&quot;:2,&quot;2&quot;:&quot;FOL A LINE&quot;}\" data-sheets-userformat=\"{&quot;2&quot;:14337,&quot;3&quot;:{&quot;1&quot;:0,&quot;3&quot;:1},&quot;14&quot;:{&quot;1&quot;:3,&quot;3&quot;:1},&quot;15&quot;:&quot;Arial&quot;,&quot;16&quot;:10}\">KLF C<\/span> <span data-sheets-value=\"{&quot;1&quot;:2,&quot;2&quot;:&quot;FOL G LINE&quot;}\" data-sheets-userformat=\"{&quot;2&quot;:14337,&quot;3&quot;:{&quot;1&quot;:0,&quot;3&quot;:1},&quot;14&quot;:{&quot;1&quot;:3,&quot;3&quot;:1},&quot;15&quot;:&quot;Arial&quot;,&quot;16&quot;:10}\">Line Series<\/span><\/h4>\n[\/vc_column_text]<div class=\"vcex-spacing wpex-w-100 wpex-clear\" style=\"height:20px;\"><\/div><div class=\"theme-button-wrap textcenter wpex-clr\"><a href=\"\/ca\/producte\/klf-c-line\/\" class=\"vcex-button theme-button align-center inline\"><span class=\"vcex-button-inner theme-button-inner wpex-flex wpex-flex-wrap wpex-items-center wpex-justify-center\">VEURE MODEL<\/span><\/a><\/div> [\/vc_column_inner][\/vc_row_inner][\/vc_column][\/vc_row]\n<\/div>","protected":false},"excerpt":{"rendered":"<p>[vc_row full_width=&#8221;stretch_row_content_no_spaces&#8221; content_placement=&#8221;middle&#8221; full_height=&#8221;yes&#8221; typography_style=&#8221;white&#8221; css=&#8221;.vc_custom_1687245397019{padding-top: 6% !important;padding-bottom: 6% !important;background-image: url(https:\/\/soltec-ep.es\/wp-content\/uploads\/2023\/06\/bg-soltec-productos-web.jpg?id=173) !important;background-position: center !important;background-repeat: no-repeat !important;background-size: cover !important;}&#8221; wpex_bg_position=&#8221;center center&#8221;][vc_column][vc_column_text] Quioscos Interactius [\/vc_column_text][vc_column_text] See all [\/vc_column_text][\/vc_column][\/vc_row][vc_row][vc_column][\/vc_column][\/vc_row][vc_row][vc_column width=&#8221;2\/4&#8243;][vc_row_inner][vc_column_inner][vc_column_text] Quioscos interactius KSK Series La s\u00e8rie quioscos interactius SOLTEC KSK estan dissenyats per satisfer una \u00e0mplia gamma de necessitats a diverses ind\u00fastries. Aquests quioscos tenen un disseny cl\u00e0ssic,&hellip;<\/p>\n","protected":false},"author":1,"featured_media":2990,"parent":0,"menu_order":0,"comment_status":"closed","ping_status":"closed","template":"","meta":{"footnotes":""},"class_list":["post-3213","page","type-page","status-publish","has-post-thumbnail","hentry","entry","has-media"],"yoast_head":"<!-- This site is optimized with the Yoast SEO plugin v23.0 - https:\/\/yoast.com\/wordpress\/plugins\/seo\/ -->\n<title>Quioscos interactius - Soltec<\/title>\n<meta name=\"description\" content=\"Quioscos interactius de SOLTEC. Dissenyats per satisfer una \u00e0mplia gamma de necessitats en diverses ind\u00fastries.\" \/>\n<meta name=\"robots\" content=\"index, follow, max-snippet:-1, max-image-preview:large, max-video-preview:-1\" \/>\n<link rel=\"canonical\" href=\"https:\/\/soltec-ep.es\/ca\/quioscos-interactivos\/\" \/>\n<meta property=\"og:locale\" content=\"ca_ES\" \/>\n<meta property=\"og:type\" content=\"article\" \/>\n<meta property=\"og:title\" content=\"Quioscos interactius - Soltec\" \/>\n<meta property=\"og:description\" content=\"Quioscos interactius de SOLTEC. Dissenyats per satisfer una \u00e0mplia gamma de necessitats en diverses ind\u00fastries.\" \/>\n<meta property=\"og:url\" content=\"https:\/\/soltec-ep.es\/ca\/quioscos-interactivos\/\" \/>\n<meta property=\"og:site_name\" content=\"Soltec\" \/>\n<meta property=\"article:modified_time\" content=\"2024-04-19T10:59:04+00:00\" \/>\n<meta property=\"og:image\" content=\"https:\/\/soltec-ep.es\/wp-content\/uploads\/2023\/08\/KSK_M-1-1024x1024.png\" \/>\n\t<meta property=\"og:image:width\" content=\"1024\" \/>\n\t<meta property=\"og:image:height\" content=\"1024\" \/>\n\t<meta property=\"og:image:type\" content=\"image\/png\" \/>\n<meta name=\"twitter:card\" content=\"summary_large_image\" \/>\n<meta name=\"twitter:label1\" content=\"Temps estimat de lectura\" \/>\n\t<meta name=\"twitter:data1\" content=\"3 minuts\" \/>\n<script type=\"application\/ld+json\" class=\"yoast-schema-graph\">{\"@context\":\"https:\/\/schema.org\",\"@graph\":[{\"@type\":\"WebPage\",\"@id\":\"https:\/\/soltec-ep.es\/ca\/quioscos-interactivos\/\",\"url\":\"https:\/\/soltec-ep.es\/ca\/quioscos-interactivos\/\",\"name\":\"Quioscos interactius - Soltec\",\"isPartOf\":{\"@id\":\"https:\/\/soltec-ep.es\/#website\"},\"primaryImageOfPage\":{\"@id\":\"https:\/\/soltec-ep.es\/ca\/quioscos-interactivos\/#primaryimage\"},\"image\":{\"@id\":\"https:\/\/soltec-ep.es\/ca\/quioscos-interactivos\/#primaryimage\"},\"thumbnailUrl\":\"https:\/\/soltec-ep.es\/wp-content\/uploads\/2023\/08\/KSK_M-1.png\",\"datePublished\":\"2023-07-07T06:00:05+00:00\",\"dateModified\":\"2024-04-19T10:59:04+00:00\",\"description\":\"Quioscos interactius de SOLTEC. Dissenyats per satisfer una \u00e0mplia gamma de necessitats en diverses ind\u00fastries.\",\"breadcrumb\":{\"@id\":\"https:\/\/soltec-ep.es\/ca\/quioscos-interactivos\/#breadcrumb\"},\"inLanguage\":\"ca\",\"potentialAction\":[{\"@type\":\"ReadAction\",\"target\":[\"https:\/\/soltec-ep.es\/ca\/quioscos-interactivos\/\"]}]},{\"@type\":\"ImageObject\",\"inLanguage\":\"ca\",\"@id\":\"https:\/\/soltec-ep.es\/ca\/quioscos-interactivos\/#primaryimage\",\"url\":\"https:\/\/soltec-ep.es\/wp-content\/uploads\/2023\/08\/KSK_M-1.png\",\"contentUrl\":\"https:\/\/soltec-ep.es\/wp-content\/uploads\/2023\/08\/KSK_M-1.png\",\"width\":1920,\"height\":1920,\"caption\":\"Quioscos interactius Soltec\"},{\"@type\":\"BreadcrumbList\",\"@id\":\"https:\/\/soltec-ep.es\/ca\/quioscos-interactivos\/#breadcrumb\",\"itemListElement\":[{\"@type\":\"ListItem\",\"position\":1,\"name\":\"Home\",\"item\":\"https:\/\/soltec-ep.es\/ca\/\"},{\"@type\":\"ListItem\",\"position\":2,\"name\":\"Quioscos interactius\"}]},{\"@type\":\"WebSite\",\"@id\":\"https:\/\/soltec-ep.es\/#website\",\"url\":\"https:\/\/soltec-ep.es\/\",\"name\":\"Soltec\",\"description\":\"Audiovisual Solutions\",\"publisher\":{\"@id\":\"https:\/\/soltec-ep.es\/#organization\"},\"potentialAction\":[{\"@type\":\"SearchAction\",\"target\":{\"@type\":\"EntryPoint\",\"urlTemplate\":\"https:\/\/soltec-ep.es\/?s={search_term_string}\"},\"query-input\":\"required name=search_term_string\"}],\"inLanguage\":\"ca\"},{\"@type\":\"Organization\",\"@id\":\"https:\/\/soltec-ep.es\/#organization\",\"name\":\"Soltec\",\"url\":\"https:\/\/soltec-ep.es\/\",\"logo\":{\"@type\":\"ImageObject\",\"inLanguage\":\"ca\",\"@id\":\"https:\/\/soltec-ep.es\/#\/schema\/logo\/image\/\",\"url\":\"https:\/\/soltec-ep.es\/wp-content\/uploads\/2023\/06\/logo-Soltec-negre.png\",\"contentUrl\":\"https:\/\/soltec-ep.es\/wp-content\/uploads\/2023\/06\/logo-Soltec-negre.png\",\"width\":595,\"height\":126,\"caption\":\"Soltec\"},\"image\":{\"@id\":\"https:\/\/soltec-ep.es\/#\/schema\/logo\/image\/\"}}]}<\/script>\n<!-- \/ Yoast SEO plugin. -->","yoast_head_json":{"title":"Quioscos interactius - Soltec","description":"Quioscos interactius de SOLTEC. Dissenyats per satisfer una \u00e0mplia gamma de necessitats en diverses ind\u00fastries.","robots":{"index":"index","follow":"follow","max-snippet":"max-snippet:-1","max-image-preview":"max-image-preview:large","max-video-preview":"max-video-preview:-1"},"canonical":"https:\/\/soltec-ep.es\/ca\/quioscos-interactivos\/","og_locale":"ca_ES","og_type":"article","og_title":"Quioscos interactius - Soltec","og_description":"Quioscos interactius de SOLTEC. Dissenyats per satisfer una \u00e0mplia gamma de necessitats en diverses ind\u00fastries.","og_url":"https:\/\/soltec-ep.es\/ca\/quioscos-interactivos\/","og_site_name":"Soltec","article_modified_time":"2024-04-19T10:59:04+00:00","og_image":[{"width":1024,"height":1024,"url":"https:\/\/soltec-ep.es\/wp-content\/uploads\/2023\/08\/KSK_M-1-1024x1024.png","type":"image\/png"}],"twitter_card":"summary_large_image","twitter_misc":{"Temps estimat de lectura":"3 minuts"},"schema":{"@context":"https:\/\/schema.org","@graph":[{"@type":"WebPage","@id":"https:\/\/soltec-ep.es\/ca\/quioscos-interactivos\/","url":"https:\/\/soltec-ep.es\/ca\/quioscos-interactivos\/","name":"Quioscos interactius - Soltec","isPartOf":{"@id":"https:\/\/soltec-ep.es\/#website"},"primaryImageOfPage":{"@id":"https:\/\/soltec-ep.es\/ca\/quioscos-interactivos\/#primaryimage"},"image":{"@id":"https:\/\/soltec-ep.es\/ca\/quioscos-interactivos\/#primaryimage"},"thumbnailUrl":"https:\/\/soltec-ep.es\/wp-content\/uploads\/2023\/08\/KSK_M-1.png","datePublished":"2023-07-07T06:00:05+00:00","dateModified":"2024-04-19T10:59:04+00:00","description":"Quioscos interactius de SOLTEC. Dissenyats per satisfer una \u00e0mplia gamma de necessitats en diverses ind\u00fastries.","breadcrumb":{"@id":"https:\/\/soltec-ep.es\/ca\/quioscos-interactivos\/#breadcrumb"},"inLanguage":"ca","potentialAction":[{"@type":"ReadAction","target":["https:\/\/soltec-ep.es\/ca\/quioscos-interactivos\/"]}]},{"@type":"ImageObject","inLanguage":"ca","@id":"https:\/\/soltec-ep.es\/ca\/quioscos-interactivos\/#primaryimage","url":"https:\/\/soltec-ep.es\/wp-content\/uploads\/2023\/08\/KSK_M-1.png","contentUrl":"https:\/\/soltec-ep.es\/wp-content\/uploads\/2023\/08\/KSK_M-1.png","width":1920,"height":1920,"caption":"Quioscos interactius Soltec"},{"@type":"BreadcrumbList","@id":"https:\/\/soltec-ep.es\/ca\/quioscos-interactivos\/#breadcrumb","itemListElement":[{"@type":"ListItem","position":1,"name":"Home","item":"https:\/\/soltec-ep.es\/ca\/"},{"@type":"ListItem","position":2,"name":"Quioscos interactius"}]},{"@type":"WebSite","@id":"https:\/\/soltec-ep.es\/#website","url":"https:\/\/soltec-ep.es\/","name":"Soltec","description":"Audiovisual Solutions","publisher":{"@id":"https:\/\/soltec-ep.es\/#organization"},"potentialAction":[{"@type":"SearchAction","target":{"@type":"EntryPoint","urlTemplate":"https:\/\/soltec-ep.es\/?s={search_term_string}"},"query-input":"required name=search_term_string"}],"inLanguage":"ca"},{"@type":"Organization","@id":"https:\/\/soltec-ep.es\/#organization","name":"Soltec","url":"https:\/\/soltec-ep.es\/","logo":{"@type":"ImageObject","inLanguage":"ca","@id":"https:\/\/soltec-ep.es\/#\/schema\/logo\/image\/","url":"https:\/\/soltec-ep.es\/wp-content\/uploads\/2023\/06\/logo-Soltec-negre.png","contentUrl":"https:\/\/soltec-ep.es\/wp-content\/uploads\/2023\/06\/logo-Soltec-negre.png","width":595,"height":126,"caption":"Soltec"},"image":{"@id":"https:\/\/soltec-ep.es\/#\/schema\/logo\/image\/"}}]}},"_links":{"self":[{"href":"https:\/\/soltec-ep.es\/ca\/wp-json\/wp\/v2\/pages\/3213","targetHints":{"allow":["GET"]}}],"collection":[{"href":"https:\/\/soltec-ep.es\/ca\/wp-json\/wp\/v2\/pages"}],"about":[{"href":"https:\/\/soltec-ep.es\/ca\/wp-json\/wp\/v2\/types\/page"}],"author":[{"embeddable":true,"href":"https:\/\/soltec-ep.es\/ca\/wp-json\/wp\/v2\/users\/1"}],"replies":[{"embeddable":true,"href":"https:\/\/soltec-ep.es\/ca\/wp-json\/wp\/v2\/comments?post=3213"}],"version-history":[{"count":4,"href":"https:\/\/soltec-ep.es\/ca\/wp-json\/wp\/v2\/pages\/3213\/revisions"}],"predecessor-version":[{"id":3371,"href":"https:\/\/soltec-ep.es\/ca\/wp-json\/wp\/v2\/pages\/3213\/revisions\/3371"}],"wp:featuredmedia":[{"embeddable":true,"href":"https:\/\/soltec-ep.es\/ca\/wp-json\/wp\/v2\/media\/2990"}],"wp:attachment":[{"href":"https:\/\/soltec-ep.es\/ca\/wp-json\/wp\/v2\/media?parent=3213"}],"curies":[{"name":"wp","href":"https:\/\/api.w.org\/{rel}","templated":true}]}}