{"id":3215,"date":"2023-07-07T05:48:15","date_gmt":"2023-07-07T05:48:15","guid":{"rendered":"https:\/\/soltec-ep.es\/des-monitor-series\/"},"modified":"2024-04-23T11:09:24","modified_gmt":"2024-04-23T11:09:24","slug":"des-monitor-series","status":"publish","type":"page","link":"https:\/\/soltec-ep.es\/ca\/des-monitor-series\/","title":{"rendered":"Des Monitor s\u00e8ries"},"content":{"rendered":"<div class=\"wpb-content-wrapper\">[vc_row full_width=&#8221;stretch_row_content_no_spaces&#8221; content_placement=&#8221;middle&#8221; full_height=&#8221;yes&#8221; typography_style=&#8221;white&#8221; css=&#8221;.vc_custom_1687245397019{padding-top: 6% !important;padding-bottom: 6% !important;background-image: url(https:\/\/soltec-ep.es\/wp-content\/uploads\/2023\/06\/bg-soltec-productos-web.jpg?id=173) !important;background-position: center !important;background-repeat: no-repeat !important;background-size: cover !important;}&#8221; wpex_bg_position=&#8221;center center&#8221;][vc_column]<div class=\"vcex-spacing wpex-w-100 wpex-clear\" style=\"height:60px;\"><\/div>[vc_column_text]\n<h1 style=\"text-align: center;\"><span data-sheets-value=\"{&quot;1&quot;:2,&quot;2&quot;:&quot;RET SERIES&quot;}\" data-sheets-userformat=\"{&quot;2&quot;:14337,&quot;3&quot;:{&quot;1&quot;:0,&quot;3&quot;:1},&quot;14&quot;:{&quot;1&quot;:3,&quot;3&quot;:1},&quot;15&quot;:&quot;Arial&quot;,&quot;16&quot;:10}\">DES MONITOR S\u00c8RIES<\/span><\/h1>\n[\/vc_column_text]<div class=\"vcex-spacing wpex-w-100 wpex-clear\" style=\"height:60px;\"><\/div>[vc_column_text]\n<p style=\"text-align: center;\">See all<\/p>\n[\/vc_column_text]<div class=\"vcex-icon vcex-module vcex-icon-small wpex-text-center\"><div class=\"vcex-icon-wrap wpex-inline-flex wpex-items-center wpex-justify-center wpex-leading-none\"><span aria-hidden=\"true\" class=\"fas fa-arrow-down\"><\/span><\/div><\/div>[\/vc_column][\/vc_row][vc_row][vc_column]<div class=\"vcex-spacing wpex-w-100 wpex-clear\" style=\"height:30px;\"><\/div>[\/vc_column][\/vc_row][vc_row][vc_column][vc_column_text]<b>DES<\/b> <b>MONITOR S\u00c8RIES<\/b><\/p>\n<p style=\"text-align: justify;\">Els monitors d&#8217;escriptori manuals abatibles de SOLTEC s\u00f3n una soluci\u00f3 dissenyada per a sales de juntes i taules de reunions. El monitor compta amb un ajustament d&#8217;inclinaci\u00f3 manual, cosa que permet obtenir un angle de visi\u00f3 \u00f2ptim durant les reunions i presentacions. Aix\u00f2 ho converteix en una soluci\u00f3 ideal per a instal\u00b7lacions on no \u00e9s possible fer una obertura a la taula o on nom\u00e9s es permet una mecanitzaci\u00f3 limitada a la taula de la sala de juntes. Amb el disseny plegable, ofereix una combinaci\u00f3 de durabilitat, eleg\u00e0ncia i funcionalitat, convertint-se en una eina essencial per a qualsevol espai de treball modern.<\/p>\n[\/vc_column_text]<div class=\"vcex-spacing wpex-w-100 wpex-clear\" style=\"height:30px;\"><\/div>[\/vc_column][\/vc_row][vc_row][vc_column width=&#8221;1\/2&#8243;][vc_column_text]<strong>DES G LINE<\/strong><\/p>\n<p style=\"text-align: justify;\">Monitor d&#8217;Escriptori Abatible Manual DES-G LINE de SOLTEC per a sales de juntes i taules de reunions. Estructura d\u00b4alumini anoditzat amb vidre protector amb serigrafia de vora negra. Dissenyat per ser cargolat a la taula de la sala de juntes. El monitor manual compta amb una inclinaci\u00f3 ajustable, cosa que permet obtenir un angle de visualitzaci\u00f3 \u00f2ptim durant reunions i presentacions. Quan el monitor est\u00e0 tancat, la pantalla est\u00e0 enfocant la taula.<\/p>\n[\/vc_column_text]<div class=\"vcex-spacing wpex-w-100 wpex-clear\" style=\"height:30px;\"><\/div>[vc_row_inner][vc_column_inner width=&#8221;1\/3&#8243;]<style>.vcex-list_item.vcex_69df01e3cd879 .vcex-list-item-icon-inner{color:#29b4ad;}<\/style><div class=\"vcex-list_item vcex-module wpex-m-0 wpex-max-w-100 wpex-mb-5 vcex_69df01e3cd879\"><div class=\"vcex-list-item-inner wpex-inline-flex wpex-flex-no-wrap\"><div class=\"vcex-list-item-text vcex-content wpex-flex-grow\">Vidre protector<\/div><\/div><\/div>[\/vc_column_inner][vc_column_inner width=&#8221;1\/3&#8243;]<style>.vcex-list_item.vcex_69df01e3ce709 .vcex-list-item-icon-inner{color:#29b4ad;}<\/style><div class=\"vcex-list_item vcex-module wpex-m-0 wpex-max-w-100 wpex-mb-5 vcex_69df01e3ce709\"><div class=\"vcex-list-item-inner wpex-inline-flex wpex-flex-no-wrap\"><div class=\"vcex-list-item-text vcex-content wpex-flex-grow\">Inclinaci\u00f3 ajustable<\/div><\/div><\/div>[\/vc_column_inner][vc_column_inner width=&#8221;1\/3&#8243;]<style>.vcex-list_item.vcex_69df01e3ced94 .vcex-list-item-icon-inner{color:#29b4ad;}<\/style><div class=\"vcex-list_item vcex-module wpex-m-0 wpex-max-w-100 wpex-mb-5 vcex_69df01e3ced94\"><div class=\"vcex-list-item-inner wpex-inline-flex wpex-flex-no-wrap\"><div class=\"vcex-list-item-text vcex-content wpex-flex-grow\">Estructura d&#8217;alumini anoditzat<\/div><\/div><\/div>[\/vc_column_inner][\/vc_row_inner]<a href=\"\/ca\/producte\/des-g-line\/\" class=\"vcex-button theme-button align-left inline\"><span class=\"vcex-button-inner theme-button-inner wpex-flex wpex-flex-wrap wpex-items-center wpex-justify-center\">VEURE MODEL<\/span><\/a> [\/vc_column][vc_column width=&#8221;1\/2&#8243;]<div class=\"vcex-spacing wpex-w-100 wpex-clear\" style=\"height:30px;\"><\/div>[vc_single_image image=&#8221;285&#8243;][\/vc_column][\/vc_row][vc_row][vc_column width=&#8221;1\/2&#8243;]<div class=\"vcex-spacing wpex-w-100 wpex-clear\" style=\"height:30px;\"><\/div>[vc_column_text]<strong>DES H LINE<\/strong><\/p>\n<p style=\"text-align: justify;\">Monitor d&#8217;Escriptori Abatible Manual DES-H LINE de SOLTEC per a sales de juntes i taules de reunions. Estructura d\u00b4alumini anoditzat amb vidre protector amb serigrafia de vora negra. Dissenyat per ser col\u00b7locat sobre la taula de la sala de juntes sense cap mecanitzaci\u00f3 de la taula.<\/p>\n<p style=\"text-align: justify;\">El monitor manual compta amb una inclinaci\u00f3 ajustable, cosa que permet obtenir un angle de visualitzaci\u00f3 \u00f2ptim durant reunions i presentacions. Quan el monitor est\u00e0 tancat, est\u00e0 enfocant el sostre.<\/p>\n[\/vc_column_text]<div class=\"vcex-spacing wpex-w-100 wpex-clear\" style=\"height:30px;\"><\/div>[vc_row_inner][vc_column_inner width=&#8221;1\/3&#8243;]<style>.vcex-list_item.vcex_69df01e3d0ae8 .vcex-list-item-icon-inner{color:#29b4ad;}<\/style><div class=\"vcex-list_item vcex-module wpex-m-0 wpex-max-w-100 wpex-mb-5 vcex_69df01e3d0ae8\"><div class=\"vcex-list-item-inner wpex-inline-flex wpex-flex-no-wrap\"><div class=\"vcex-list-item-text vcex-content wpex-flex-grow\">Vidre protector antiesgarrapades<\/div><\/div><\/div>[\/vc_column_inner][vc_column_inner width=&#8221;1\/3&#8243;]<style>.vcex-list_item.vcex_69df01e3d117f .vcex-list-item-icon-inner{color:#29b4ad;}<\/style><div class=\"vcex-list_item vcex-module wpex-m-0 wpex-max-w-100 wpex-mb-5 vcex_69df01e3d117f\"><div class=\"vcex-list-item-inner wpex-inline-flex wpex-flex-no-wrap\"><div class=\"vcex-list-item-text vcex-content wpex-flex-grow\">Inclinaci\u00f3 ajustable<\/div><\/div><\/div>[\/vc_column_inner][vc_column_inner width=&#8221;1\/3&#8243;]<style>.vcex-list_item.vcex_69df01e3d1777 .vcex-list-item-icon-inner{color:#29b4ad;}<\/style><div class=\"vcex-list_item vcex-module wpex-m-0 wpex-max-w-100 wpex-mb-5 vcex_69df01e3d1777\"><div class=\"vcex-list-item-inner wpex-inline-flex wpex-flex-no-wrap\"><div class=\"vcex-list-item-text vcex-content wpex-flex-grow\">Estructura d&#8217;alumini anoditzat<\/div><\/div><\/div>[\/vc_column_inner][\/vc_row_inner]<a href=\"\/ca\/producte\/des-h-line\/\" class=\"vcex-button theme-button align-left inline\"><span class=\"vcex-button-inner theme-button-inner wpex-flex wpex-flex-wrap wpex-items-center wpex-justify-center\">VEURE MODEL<\/span><\/a> [\/vc_column][vc_column width=&#8221;1\/2&#8243;][vc_single_image image=&#8221;286&#8243;][\/vc_column][\/vc_row][vc_row][vc_column width=&#8221;1\/2&#8243;]<div class=\"vcex-spacing wpex-w-100 wpex-clear\" style=\"height:30px;\"><\/div>[vc_column_text]<strong>DES L LINE<\/strong><\/p>\n<p style=\"text-align: justify;\">Monitor d&#8217;Escriptori Abatible Manual DES-L LINE de SOLTEC per a sales de juntes i taules de reunions. Estructura d\u00b4acer pintat. Dissenyat per ser cargolat a la taula de la sala de juntes.<\/p>\n<p style=\"text-align: justify;\">El monitor compta amb una inclinaci\u00f3 ajustable, cosa que permet obtenir un angle de visualitzaci\u00f3 \u00f2ptim durant reunions i presentacions. Quan el monitor est\u00e0 tancat, la pantalla est\u00e0 enfocant la taula.<\/p>\n[\/vc_column_text]<div class=\"vcex-spacing wpex-w-100 wpex-clear\" style=\"height:30px;\"><\/div>[vc_row_inner][vc_column_inner width=&#8221;1\/3&#8243;]<style>.vcex-list_item.vcex_69df01e3d2e1d .vcex-list-item-icon-inner{color:#29b4ad;}<\/style><div class=\"vcex-list_item vcex-module wpex-m-0 wpex-max-w-100 wpex-mb-5 vcex_69df01e3d2e1d\"><div class=\"vcex-list-item-inner wpex-inline-flex wpex-flex-no-wrap\"><div class=\"vcex-list-item-text vcex-content wpex-flex-grow\">Vidre protector<\/div><\/div><\/div>[\/vc_column_inner][vc_column_inner width=&#8221;1\/3&#8243;]<style>.vcex-list_item.vcex_69df01e3d356d .vcex-list-item-icon-inner{color:#29b4ad;}<\/style><div class=\"vcex-list_item vcex-module wpex-m-0 wpex-max-w-100 wpex-mb-5 vcex_69df01e3d356d\"><div class=\"vcex-list-item-inner wpex-inline-flex wpex-flex-no-wrap\"><div class=\"vcex-list-item-text vcex-content wpex-flex-grow\">Inclinaci\u00f3 ajustable<\/div><\/div><\/div>[\/vc_column_inner][vc_column_inner width=&#8221;1\/3&#8243;]<style>.vcex-list_item.vcex_69df01e3d3dbc .vcex-list-item-icon-inner{color:#29b4ad;}<\/style><div class=\"vcex-list_item vcex-module wpex-m-0 wpex-max-w-100 wpex-mb-5 vcex_69df01e3d3dbc\"><div class=\"vcex-list-item-inner wpex-inline-flex wpex-flex-no-wrap\"><div class=\"vcex-list-item-text vcex-content wpex-flex-grow\">Estructura d\u00b4acer pintat<\/div><\/div><\/div>[\/vc_column_inner][\/vc_row_inner]<a href=\"\/ca\/producte\/des-l-line\/\" class=\"vcex-button theme-button align-left inline\"><span class=\"vcex-button-inner theme-button-inner wpex-flex wpex-flex-wrap wpex-items-center wpex-justify-center\">VEURE MODEL<\/span><\/a> [\/vc_column][vc_column width=&#8221;1\/2&#8243;][vc_single_image image=&#8221;585&#8243;][\/vc_column][\/vc_row]\n<\/div>","protected":false},"excerpt":{"rendered":"<p>[vc_row full_width=&#8221;stretch_row_content_no_spaces&#8221; content_placement=&#8221;middle&#8221; full_height=&#8221;yes&#8221; typography_style=&#8221;white&#8221; css=&#8221;.vc_custom_1687245397019{padding-top: 6% !important;padding-bottom: 6% !important;background-image: url(https:\/\/soltec-ep.es\/wp-content\/uploads\/2023\/06\/bg-soltec-productos-web.jpg?id=173) !important;background-position: center !important;background-repeat: no-repeat !important;background-size: cover !important;}&#8221; wpex_bg_position=&#8221;center center&#8221;][vc_column][vc_column_text] DES MONITOR S\u00c8RIES [\/vc_column_text][vc_column_text] See all [\/vc_column_text][\/vc_column][\/vc_row][vc_row][vc_column][\/vc_column][\/vc_row][vc_row][vc_column][vc_column_text]DES MONITOR S\u00c8RIES Els monitors d&#8217;escriptori manuals abatibles de SOLTEC s\u00f3n una soluci\u00f3 dissenyada per a sales de juntes i taules de reunions. El monitor compta amb un ajustament&hellip;<\/p>\n","protected":false},"author":1,"featured_media":0,"parent":0,"menu_order":0,"comment_status":"closed","ping_status":"closed","template":"","meta":{"footnotes":""},"class_list":["post-3215","page","type-page","status-publish","hentry","entry","no-media"],"yoast_head":"<!-- This site is optimized with the Yoast SEO plugin v23.0 - https:\/\/yoast.com\/wordpress\/plugins\/seo\/ -->\n<title>Des Monitor s\u00e8ries - Soltec<\/title>\n<meta name=\"robots\" content=\"index, follow, max-snippet:-1, max-image-preview:large, max-video-preview:-1\" \/>\n<link rel=\"canonical\" href=\"https:\/\/soltec-ep.es\/ca\/des-monitor-series\/\" \/>\n<meta property=\"og:locale\" content=\"ca_ES\" \/>\n<meta property=\"og:type\" content=\"article\" \/>\n<meta property=\"og:title\" content=\"Des Monitor s\u00e8ries - Soltec\" \/>\n<meta property=\"og:description\" content=\"[vc_row full_width=&#8221;stretch_row_content_no_spaces&#8221; content_placement=&#8221;middle&#8221; full_height=&#8221;yes&#8221; typography_style=&#8221;white&#8221; css=&#8221;.vc_custom_1687245397019{padding-top: 6% !important;padding-bottom: 6% !important;background-image: url(https:\/\/soltec-ep.es\/wp-content\/uploads\/2023\/06\/bg-soltec-productos-web.jpg?id=173) !important;background-position: center !important;background-repeat: no-repeat !important;background-size: cover !important;}&#8221; wpex_bg_position=&#8221;center center&#8221;][vc_column][vc_column_text] DES MONITOR S\u00c8RIES [\/vc_column_text][vc_column_text] See all [\/vc_column_text][\/vc_column][\/vc_row][vc_row][vc_column][\/vc_column][\/vc_row][vc_row][vc_column][vc_column_text]DES MONITOR S\u00c8RIES Els monitors d&#8217;escriptori manuals abatibles de SOLTEC s\u00f3n una soluci\u00f3 dissenyada per a sales de juntes i taules de reunions. El monitor compta amb un ajustament&hellip;\" \/>\n<meta property=\"og:url\" content=\"https:\/\/soltec-ep.es\/ca\/des-monitor-series\/\" \/>\n<meta property=\"og:site_name\" content=\"Soltec\" \/>\n<meta property=\"article:modified_time\" content=\"2024-04-23T11:09:24+00:00\" \/>\n<meta name=\"twitter:card\" content=\"summary_large_image\" \/>\n<meta name=\"twitter:label1\" content=\"Temps estimat de lectura\" \/>\n\t<meta name=\"twitter:data1\" content=\"3 minuts\" \/>\n<script type=\"application\/ld+json\" class=\"yoast-schema-graph\">{\"@context\":\"https:\/\/schema.org\",\"@graph\":[{\"@type\":\"WebPage\",\"@id\":\"https:\/\/soltec-ep.es\/ca\/des-monitor-series\/\",\"url\":\"https:\/\/soltec-ep.es\/ca\/des-monitor-series\/\",\"name\":\"Des Monitor s\u00e8ries - Soltec\",\"isPartOf\":{\"@id\":\"https:\/\/soltec-ep.es\/#website\"},\"datePublished\":\"2023-07-07T05:48:15+00:00\",\"dateModified\":\"2024-04-23T11:09:24+00:00\",\"breadcrumb\":{\"@id\":\"https:\/\/soltec-ep.es\/ca\/des-monitor-series\/#breadcrumb\"},\"inLanguage\":\"ca\",\"potentialAction\":[{\"@type\":\"ReadAction\",\"target\":[\"https:\/\/soltec-ep.es\/ca\/des-monitor-series\/\"]}]},{\"@type\":\"BreadcrumbList\",\"@id\":\"https:\/\/soltec-ep.es\/ca\/des-monitor-series\/#breadcrumb\",\"itemListElement\":[{\"@type\":\"ListItem\",\"position\":1,\"name\":\"Home\",\"item\":\"https:\/\/soltec-ep.es\/\"},{\"@type\":\"ListItem\",\"position\":2,\"name\":\"Des Monitor s\u00e8ries\"}]},{\"@type\":\"WebSite\",\"@id\":\"https:\/\/soltec-ep.es\/#website\",\"url\":\"https:\/\/soltec-ep.es\/\",\"name\":\"Soltec\",\"description\":\"Audiovisual Solutions\",\"publisher\":{\"@id\":\"https:\/\/soltec-ep.es\/#organization\"},\"potentialAction\":[{\"@type\":\"SearchAction\",\"target\":{\"@type\":\"EntryPoint\",\"urlTemplate\":\"https:\/\/soltec-ep.es\/?s={search_term_string}\"},\"query-input\":\"required name=search_term_string\"}],\"inLanguage\":\"ca\"},{\"@type\":\"Organization\",\"@id\":\"https:\/\/soltec-ep.es\/#organization\",\"name\":\"Soltec\",\"url\":\"https:\/\/soltec-ep.es\/\",\"logo\":{\"@type\":\"ImageObject\",\"inLanguage\":\"ca\",\"@id\":\"https:\/\/soltec-ep.es\/#\/schema\/logo\/image\/\",\"url\":\"https:\/\/soltec-ep.es\/wp-content\/uploads\/2023\/06\/logo-Soltec-negre.png\",\"contentUrl\":\"https:\/\/soltec-ep.es\/wp-content\/uploads\/2023\/06\/logo-Soltec-negre.png\",\"width\":595,\"height\":126,\"caption\":\"Soltec\"},\"image\":{\"@id\":\"https:\/\/soltec-ep.es\/#\/schema\/logo\/image\/\"}}]}<\/script>\n<!-- \/ Yoast SEO plugin. -->","yoast_head_json":{"title":"Des Monitor s\u00e8ries - Soltec","robots":{"index":"index","follow":"follow","max-snippet":"max-snippet:-1","max-image-preview":"max-image-preview:large","max-video-preview":"max-video-preview:-1"},"canonical":"https:\/\/soltec-ep.es\/ca\/des-monitor-series\/","og_locale":"ca_ES","og_type":"article","og_title":"Des Monitor s\u00e8ries - Soltec","og_description":"[vc_row full_width=&#8221;stretch_row_content_no_spaces&#8221; content_placement=&#8221;middle&#8221; full_height=&#8221;yes&#8221; typography_style=&#8221;white&#8221; css=&#8221;.vc_custom_1687245397019{padding-top: 6% !important;padding-bottom: 6% !important;background-image: url(https:\/\/soltec-ep.es\/wp-content\/uploads\/2023\/06\/bg-soltec-productos-web.jpg?id=173) !important;background-position: center !important;background-repeat: no-repeat !important;background-size: cover !important;}&#8221; wpex_bg_position=&#8221;center center&#8221;][vc_column][vc_column_text] DES MONITOR S\u00c8RIES [\/vc_column_text][vc_column_text] See all [\/vc_column_text][\/vc_column][\/vc_row][vc_row][vc_column][\/vc_column][\/vc_row][vc_row][vc_column][vc_column_text]DES MONITOR S\u00c8RIES Els monitors d&#8217;escriptori manuals abatibles de SOLTEC s\u00f3n una soluci\u00f3 dissenyada per a sales de juntes i taules de reunions. El monitor compta amb un ajustament&hellip;","og_url":"https:\/\/soltec-ep.es\/ca\/des-monitor-series\/","og_site_name":"Soltec","article_modified_time":"2024-04-23T11:09:24+00:00","twitter_card":"summary_large_image","twitter_misc":{"Temps estimat de lectura":"3 minuts"},"schema":{"@context":"https:\/\/schema.org","@graph":[{"@type":"WebPage","@id":"https:\/\/soltec-ep.es\/ca\/des-monitor-series\/","url":"https:\/\/soltec-ep.es\/ca\/des-monitor-series\/","name":"Des Monitor s\u00e8ries - Soltec","isPartOf":{"@id":"https:\/\/soltec-ep.es\/#website"},"datePublished":"2023-07-07T05:48:15+00:00","dateModified":"2024-04-23T11:09:24+00:00","breadcrumb":{"@id":"https:\/\/soltec-ep.es\/ca\/des-monitor-series\/#breadcrumb"},"inLanguage":"ca","potentialAction":[{"@type":"ReadAction","target":["https:\/\/soltec-ep.es\/ca\/des-monitor-series\/"]}]},{"@type":"BreadcrumbList","@id":"https:\/\/soltec-ep.es\/ca\/des-monitor-series\/#breadcrumb","itemListElement":[{"@type":"ListItem","position":1,"name":"Home","item":"https:\/\/soltec-ep.es\/"},{"@type":"ListItem","position":2,"name":"Des Monitor s\u00e8ries"}]},{"@type":"WebSite","@id":"https:\/\/soltec-ep.es\/#website","url":"https:\/\/soltec-ep.es\/","name":"Soltec","description":"Audiovisual Solutions","publisher":{"@id":"https:\/\/soltec-ep.es\/#organization"},"potentialAction":[{"@type":"SearchAction","target":{"@type":"EntryPoint","urlTemplate":"https:\/\/soltec-ep.es\/?s={search_term_string}"},"query-input":"required name=search_term_string"}],"inLanguage":"ca"},{"@type":"Organization","@id":"https:\/\/soltec-ep.es\/#organization","name":"Soltec","url":"https:\/\/soltec-ep.es\/","logo":{"@type":"ImageObject","inLanguage":"ca","@id":"https:\/\/soltec-ep.es\/#\/schema\/logo\/image\/","url":"https:\/\/soltec-ep.es\/wp-content\/uploads\/2023\/06\/logo-Soltec-negre.png","contentUrl":"https:\/\/soltec-ep.es\/wp-content\/uploads\/2023\/06\/logo-Soltec-negre.png","width":595,"height":126,"caption":"Soltec"},"image":{"@id":"https:\/\/soltec-ep.es\/#\/schema\/logo\/image\/"}}]}},"_links":{"self":[{"href":"https:\/\/soltec-ep.es\/ca\/wp-json\/wp\/v2\/pages\/3215","targetHints":{"allow":["GET"]}}],"collection":[{"href":"https:\/\/soltec-ep.es\/ca\/wp-json\/wp\/v2\/pages"}],"about":[{"href":"https:\/\/soltec-ep.es\/ca\/wp-json\/wp\/v2\/types\/page"}],"author":[{"embeddable":true,"href":"https:\/\/soltec-ep.es\/ca\/wp-json\/wp\/v2\/users\/1"}],"replies":[{"embeddable":true,"href":"https:\/\/soltec-ep.es\/ca\/wp-json\/wp\/v2\/comments?post=3215"}],"version-history":[{"count":4,"href":"https:\/\/soltec-ep.es\/ca\/wp-json\/wp\/v2\/pages\/3215\/revisions"}],"predecessor-version":[{"id":3664,"href":"https:\/\/soltec-ep.es\/ca\/wp-json\/wp\/v2\/pages\/3215\/revisions\/3664"}],"wp:attachment":[{"href":"https:\/\/soltec-ep.es\/ca\/wp-json\/wp\/v2\/media?parent=3215"}],"curies":[{"name":"wp","href":"https:\/\/api.w.org\/{rel}","templated":true}]}}