{"id":3395,"date":"2023-08-09T06:42:00","date_gmt":"2023-08-09T06:42:00","guid":{"rendered":"https:\/\/soltec-ep.es\/?post_type=product&#038;p=3395"},"modified":"2024-04-23T10:22:24","modified_gmt":"2024-04-23T10:22:24","slug":"arm-m-line","status":"publish","type":"product","link":"https:\/\/soltec-ep.es\/ca\/producto\/arm-m-line\/","title":{"rendered":"ARM M LINE"},"content":{"rendered":"<p>Els monitors professionals SOLTEC ARM-M Line s\u00f3n ideals per a instal\u00b7lacions industrials i professionals que requereixen un funcionament les 24 hores del dia, els 7 dies de la setmana. Aquests monitors estan dissenyats amb vores rectes. Una de les seves caracter\u00edstiques destacades \u00e9s la compatibilitat amb suport VESA a la part posterior, cosa que garanteix la seva compatibilitat amb qualsevol suport VESA est\u00e0ndard disponible al mercat.<\/p>\n<p>Els monitors ARM M Line estan dissenyats per satisfer les demandes d&#8217;operaci\u00f3 cont\u00ednua, cosa que els fa adequats per a aplicacions les 24 hores del dia. Estan constru\u00efts amb components robusts i dissenyats per resistir per\u00edodes perllongats sense comprometre el rendiment ni la durabilitat.<\/p>\n<p>Aquests monitors estan disponibles en una \u00e0mplia gamma de mides. Ja sigui que es necessiti una pantalla m\u00e9s petita per a espais compactes o una pantalla m\u00e9s gran per a una m\u00e0xima visibilitat, la s\u00e8rie ARM ofereix opcions de mida per adaptar-se a diverses situacions.<\/p>\n<p>Cal destacar que aquest model pot ser adequat per a \u00fas en exteriors, cosa que proporciona versatilitat en diversos entorns.<\/p>\n","protected":false},"excerpt":{"rendered":"<p>Els monitors professionals SOLTEC ARM-M Line s\u00f3n ideals per a instal\u00b7lacions industrials i professionals que requereixen un funcionament les 24 hores del dia, els 7 dies de la setmana. Aquests monitors estan dissenyats amb vores rectes. Una de les seves caracter\u00edstiques destacades \u00e9s la compatibilitat amb suport VESA a la part posterior, cosa que garanteix&hellip;<\/p>\n","protected":false},"featured_media":3003,"comment_status":"closed","ping_status":"closed","template":"","meta":[],"product_cat":[68],"product_tag":[],"class_list":{"0":"post-3395","1":"product","2":"type-product","3":"status-publish","4":"has-post-thumbnail","6":"product_cat-arm-series-ca","7":"entry","8":"has-media","10":"first","11":"instock","12":"shipping-taxable","13":"purchasable","14":"product-type-variable"},"yoast_head":"<!-- This site is optimized with the Yoast SEO plugin v23.0 - https:\/\/yoast.com\/wordpress\/plugins\/seo\/ -->\n<title>ARM M LINE - Soltec<\/title>\n<meta name=\"robots\" content=\"index, follow, max-snippet:-1, max-image-preview:large, max-video-preview:-1\" \/>\n<link rel=\"canonical\" href=\"https:\/\/soltec-ep.es\/ca\/producto\/arm-m-line\/\" \/>\n<meta property=\"og:locale\" content=\"ca_ES\" \/>\n<meta property=\"og:type\" content=\"article\" \/>\n<meta property=\"og:title\" content=\"ARM M LINE - Soltec\" \/>\n<meta property=\"og:description\" content=\"Els monitors professionals SOLTEC ARM-M Line s\u00f3n ideals per a instal\u00b7lacions industrials i professionals que requereixen un funcionament les 24 hores del dia, els 7 dies de la setmana. Aquests monitors estan dissenyats amb vores rectes. Una de les seves caracter\u00edstiques destacades \u00e9s la compatibilitat amb suport VESA a la part posterior, cosa que garanteix&hellip;\" \/>\n<meta property=\"og:url\" content=\"https:\/\/soltec-ep.es\/ca\/producto\/arm-m-line\/\" \/>\n<meta property=\"og:site_name\" content=\"Soltec\" \/>\n<meta property=\"article:modified_time\" content=\"2024-04-23T10:22:24+00:00\" \/>\n<meta property=\"og:image\" content=\"https:\/\/soltec-ep.es\/wp-content\/uploads\/2023\/08\/ARM_M-1.png\" \/>\n\t<meta property=\"og:image:width\" content=\"1920\" \/>\n\t<meta property=\"og:image:height\" content=\"1080\" \/>\n\t<meta property=\"og:image:type\" content=\"image\/png\" \/>\n<meta name=\"twitter:card\" content=\"summary_large_image\" \/>\n<meta name=\"twitter:label1\" content=\"Temps estimat de lectura\" \/>\n\t<meta name=\"twitter:data1\" content=\"1 minut\" \/>\n<script type=\"application\/ld+json\" class=\"yoast-schema-graph\">{\"@context\":\"https:\/\/schema.org\",\"@graph\":[{\"@type\":\"WebPage\",\"@id\":\"https:\/\/soltec-ep.es\/ca\/producto\/arm-m-line\/\",\"url\":\"https:\/\/soltec-ep.es\/ca\/producto\/arm-m-line\/\",\"name\":\"ARM M LINE - Soltec\",\"isPartOf\":{\"@id\":\"https:\/\/soltec-ep.es\/#website\"},\"primaryImageOfPage\":{\"@id\":\"https:\/\/soltec-ep.es\/ca\/producto\/arm-m-line\/#primaryimage\"},\"image\":{\"@id\":\"https:\/\/soltec-ep.es\/ca\/producto\/arm-m-line\/#primaryimage\"},\"thumbnailUrl\":\"https:\/\/soltec-ep.es\/wp-content\/uploads\/2023\/08\/ARM_M-1.png\",\"datePublished\":\"2023-08-09T06:42:00+00:00\",\"dateModified\":\"2024-04-23T10:22:24+00:00\",\"breadcrumb\":{\"@id\":\"https:\/\/soltec-ep.es\/ca\/producto\/arm-m-line\/#breadcrumb\"},\"inLanguage\":\"ca\",\"potentialAction\":[{\"@type\":\"ReadAction\",\"target\":[\"https:\/\/soltec-ep.es\/ca\/producto\/arm-m-line\/\"]}]},{\"@type\":\"ImageObject\",\"inLanguage\":\"ca\",\"@id\":\"https:\/\/soltec-ep.es\/ca\/producto\/arm-m-line\/#primaryimage\",\"url\":\"https:\/\/soltec-ep.es\/wp-content\/uploads\/2023\/08\/ARM_M-1.png\",\"contentUrl\":\"https:\/\/soltec-ep.es\/wp-content\/uploads\/2023\/08\/ARM_M-1.png\",\"width\":1920,\"height\":1080},{\"@type\":\"BreadcrumbList\",\"@id\":\"https:\/\/soltec-ep.es\/ca\/producto\/arm-m-line\/#breadcrumb\",\"itemListElement\":[{\"@type\":\"ListItem\",\"position\":1,\"name\":\"Home\",\"item\":\"https:\/\/soltec-ep.es\/ca\/\"},{\"@type\":\"ListItem\",\"position\":2,\"name\":\"Tienda\",\"item\":\"https:\/\/soltec-ep.es\/ca\/tienda-2\/\"},{\"@type\":\"ListItem\",\"position\":3,\"name\":\"ARM M LINE\"}]},{\"@type\":\"WebSite\",\"@id\":\"https:\/\/soltec-ep.es\/#website\",\"url\":\"https:\/\/soltec-ep.es\/\",\"name\":\"Soltec\",\"description\":\"Audiovisual Solutions\",\"publisher\":{\"@id\":\"https:\/\/soltec-ep.es\/#organization\"},\"potentialAction\":[{\"@type\":\"SearchAction\",\"target\":{\"@type\":\"EntryPoint\",\"urlTemplate\":\"https:\/\/soltec-ep.es\/?s={search_term_string}\"},\"query-input\":\"required name=search_term_string\"}],\"inLanguage\":\"ca\"},{\"@type\":\"Organization\",\"@id\":\"https:\/\/soltec-ep.es\/#organization\",\"name\":\"Soltec\",\"url\":\"https:\/\/soltec-ep.es\/\",\"logo\":{\"@type\":\"ImageObject\",\"inLanguage\":\"ca\",\"@id\":\"https:\/\/soltec-ep.es\/#\/schema\/logo\/image\/\",\"url\":\"https:\/\/soltec-ep.es\/wp-content\/uploads\/2023\/06\/logo-Soltec-negre.png\",\"contentUrl\":\"https:\/\/soltec-ep.es\/wp-content\/uploads\/2023\/06\/logo-Soltec-negre.png\",\"width\":595,\"height\":126,\"caption\":\"Soltec\"},\"image\":{\"@id\":\"https:\/\/soltec-ep.es\/#\/schema\/logo\/image\/\"}}]}<\/script>\n<!-- \/ Yoast SEO plugin. -->","yoast_head_json":{"title":"ARM M LINE - Soltec","robots":{"index":"index","follow":"follow","max-snippet":"max-snippet:-1","max-image-preview":"max-image-preview:large","max-video-preview":"max-video-preview:-1"},"canonical":"https:\/\/soltec-ep.es\/ca\/producto\/arm-m-line\/","og_locale":"ca_ES","og_type":"article","og_title":"ARM M LINE - Soltec","og_description":"Els monitors professionals SOLTEC ARM-M Line s\u00f3n ideals per a instal\u00b7lacions industrials i professionals que requereixen un funcionament les 24 hores del dia, els 7 dies de la setmana. Aquests monitors estan dissenyats amb vores rectes. Una de les seves caracter\u00edstiques destacades \u00e9s la compatibilitat amb suport VESA a la part posterior, cosa que garanteix&hellip;","og_url":"https:\/\/soltec-ep.es\/ca\/producto\/arm-m-line\/","og_site_name":"Soltec","article_modified_time":"2024-04-23T10:22:24+00:00","og_image":[{"width":1920,"height":1080,"url":"https:\/\/soltec-ep.es\/wp-content\/uploads\/2023\/08\/ARM_M-1.png","type":"image\/png"}],"twitter_card":"summary_large_image","twitter_misc":{"Temps estimat de lectura":"1 minut"},"schema":{"@context":"https:\/\/schema.org","@graph":[{"@type":"WebPage","@id":"https:\/\/soltec-ep.es\/ca\/producto\/arm-m-line\/","url":"https:\/\/soltec-ep.es\/ca\/producto\/arm-m-line\/","name":"ARM M LINE - Soltec","isPartOf":{"@id":"https:\/\/soltec-ep.es\/#website"},"primaryImageOfPage":{"@id":"https:\/\/soltec-ep.es\/ca\/producto\/arm-m-line\/#primaryimage"},"image":{"@id":"https:\/\/soltec-ep.es\/ca\/producto\/arm-m-line\/#primaryimage"},"thumbnailUrl":"https:\/\/soltec-ep.es\/wp-content\/uploads\/2023\/08\/ARM_M-1.png","datePublished":"2023-08-09T06:42:00+00:00","dateModified":"2024-04-23T10:22:24+00:00","breadcrumb":{"@id":"https:\/\/soltec-ep.es\/ca\/producto\/arm-m-line\/#breadcrumb"},"inLanguage":"ca","potentialAction":[{"@type":"ReadAction","target":["https:\/\/soltec-ep.es\/ca\/producto\/arm-m-line\/"]}]},{"@type":"ImageObject","inLanguage":"ca","@id":"https:\/\/soltec-ep.es\/ca\/producto\/arm-m-line\/#primaryimage","url":"https:\/\/soltec-ep.es\/wp-content\/uploads\/2023\/08\/ARM_M-1.png","contentUrl":"https:\/\/soltec-ep.es\/wp-content\/uploads\/2023\/08\/ARM_M-1.png","width":1920,"height":1080},{"@type":"BreadcrumbList","@id":"https:\/\/soltec-ep.es\/ca\/producto\/arm-m-line\/#breadcrumb","itemListElement":[{"@type":"ListItem","position":1,"name":"Home","item":"https:\/\/soltec-ep.es\/ca\/"},{"@type":"ListItem","position":2,"name":"Tienda","item":"https:\/\/soltec-ep.es\/ca\/tienda-2\/"},{"@type":"ListItem","position":3,"name":"ARM M LINE"}]},{"@type":"WebSite","@id":"https:\/\/soltec-ep.es\/#website","url":"https:\/\/soltec-ep.es\/","name":"Soltec","description":"Audiovisual Solutions","publisher":{"@id":"https:\/\/soltec-ep.es\/#organization"},"potentialAction":[{"@type":"SearchAction","target":{"@type":"EntryPoint","urlTemplate":"https:\/\/soltec-ep.es\/?s={search_term_string}"},"query-input":"required name=search_term_string"}],"inLanguage":"ca"},{"@type":"Organization","@id":"https:\/\/soltec-ep.es\/#organization","name":"Soltec","url":"https:\/\/soltec-ep.es\/","logo":{"@type":"ImageObject","inLanguage":"ca","@id":"https:\/\/soltec-ep.es\/#\/schema\/logo\/image\/","url":"https:\/\/soltec-ep.es\/wp-content\/uploads\/2023\/06\/logo-Soltec-negre.png","contentUrl":"https:\/\/soltec-ep.es\/wp-content\/uploads\/2023\/06\/logo-Soltec-negre.png","width":595,"height":126,"caption":"Soltec"},"image":{"@id":"https:\/\/soltec-ep.es\/#\/schema\/logo\/image\/"}}]}},"_links":{"self":[{"href":"https:\/\/soltec-ep.es\/ca\/wp-json\/wp\/v2\/product\/3395","targetHints":{"allow":["GET"]}}],"collection":[{"href":"https:\/\/soltec-ep.es\/ca\/wp-json\/wp\/v2\/product"}],"about":[{"href":"https:\/\/soltec-ep.es\/ca\/wp-json\/wp\/v2\/types\/product"}],"replies":[{"embeddable":true,"href":"https:\/\/soltec-ep.es\/ca\/wp-json\/wp\/v2\/comments?post=3395"}],"wp:featuredmedia":[{"embeddable":true,"href":"https:\/\/soltec-ep.es\/ca\/wp-json\/wp\/v2\/media\/3003"}],"wp:attachment":[{"href":"https:\/\/soltec-ep.es\/ca\/wp-json\/wp\/v2\/media?parent=3395"}],"wp:term":[{"taxonomy":"product_cat","embeddable":true,"href":"https:\/\/soltec-ep.es\/ca\/wp-json\/wp\/v2\/product_cat?post=3395"},{"taxonomy":"product_tag","embeddable":true,"href":"https:\/\/soltec-ep.es\/ca\/wp-json\/wp\/v2\/product_tag?post=3395"}],"curies":[{"name":"wp","href":"https:\/\/api.w.org\/{rel}","templated":true}]}}