{"id":3471,"date":"2023-08-09T06:40:45","date_gmt":"2023-08-09T06:40:45","guid":{"rendered":"https:\/\/soltec-ep.es\/?post_type=product&#038;p=3471"},"modified":"2024-04-23T10:26:39","modified_gmt":"2024-04-23T10:26:39","slug":"kcv-series","status":"publish","type":"product","link":"https:\/\/soltec-ep.es\/ca\/producto\/kcv-series\/","title":{"rendered":"KCV S\u00c8RIES"},"content":{"rendered":"<p>La s\u00e8rie de quics interactius SOLTEC KCV s\u00f3n un producte excepcional que destaca tant pel seu sofisticat disseny amb una estructura corbada d&#8217;acer que es pot pintar en qualsevol color RAL, cosa que significa que es pot personalitzar perqu\u00e8 s&#8217;adapti perfectament a la marca o al disseny de qualsevol entorn.<\/p>\n<p>Els quioscos de la s\u00e8rie KCV estan equipats amb una pantalla t\u00e0ctil capacitiva projectada i un PC industrial incorporat. Aquest PC integrat es pot personalitzar segons les necessitats espec\u00edfiques dels clients.<\/p>\n<p>Es poden integrar perif\u00e8rics com a esc\u00e0ners de codis de barres, impressores de rebuts, impressores A4, webcams o lectors de targetes al quiosc per adaptar-lo a fluxos de treball i entorns espec\u00edfics.<\/p>\n<p>En incorporar perif\u00e8rics addicionals, els quioscos poden ampliar les seves funcionalitats per satisfer requisits espec\u00edfics de la ind\u00fastria. Aquesta versatilitat i adaptabilitat fan que la s\u00e8rie SOLTEC KCV sigui una elecci\u00f3 ideal per a solucions de quioscs interactius en una \u00e0mplia gamma dind\u00fastries.<\/p>\n","protected":false},"excerpt":{"rendered":"<p>La s\u00e8rie de quics interactius SOLTEC KCV s\u00f3n un producte excepcional que destaca tant pel seu sofisticat disseny amb una estructura corbada d&#8217;acer que es pot pintar en qualsevol color RAL, cosa que significa que es pot personalitzar perqu\u00e8 s&#8217;adapti perfectament a la marca o al disseny de qualsevol entorn. Els quioscos de la s\u00e8rie&hellip;<\/p>\n","protected":false},"featured_media":2992,"comment_status":"closed","ping_status":"closed","template":"","meta":[],"product_cat":[72],"product_tag":[],"class_list":{"0":"post-3471","1":"product","2":"type-product","3":"status-publish","4":"has-post-thumbnail","6":"product_cat-kcv-series-ca","7":"entry","8":"has-media","10":"first","11":"instock","12":"shipping-taxable","13":"purchasable","14":"product-type-variable"},"yoast_head":"<!-- This site is optimized with the Yoast SEO plugin v23.0 - https:\/\/yoast.com\/wordpress\/plugins\/seo\/ -->\n<title>KCV S\u00c8RIES - Soltec<\/title>\n<meta name=\"robots\" content=\"index, follow, max-snippet:-1, max-image-preview:large, max-video-preview:-1\" \/>\n<link rel=\"canonical\" href=\"https:\/\/soltec-ep.es\/ca\/producto\/kcv-series\/\" \/>\n<meta property=\"og:locale\" content=\"ca_ES\" \/>\n<meta property=\"og:type\" content=\"article\" \/>\n<meta property=\"og:title\" content=\"KCV S\u00c8RIES - Soltec\" \/>\n<meta property=\"og:description\" content=\"La s\u00e8rie de quics interactius SOLTEC KCV s\u00f3n un producte excepcional que destaca tant pel seu sofisticat disseny amb una estructura corbada d&#8217;acer que es pot pintar en qualsevol color RAL, cosa que significa que es pot personalitzar perqu\u00e8 s&#8217;adapti perfectament a la marca o al disseny de qualsevol entorn. Els quioscos de la s\u00e8rie&hellip;\" \/>\n<meta property=\"og:url\" content=\"https:\/\/soltec-ep.es\/ca\/producto\/kcv-series\/\" \/>\n<meta property=\"og:site_name\" content=\"Soltec\" \/>\n<meta property=\"article:modified_time\" content=\"2024-04-23T10:26:39+00:00\" \/>\n<meta property=\"og:image\" content=\"https:\/\/soltec-ep.es\/wp-content\/uploads\/2023\/08\/KCV-1-1024x1024.png\" \/>\n\t<meta property=\"og:image:width\" content=\"1024\" \/>\n\t<meta property=\"og:image:height\" content=\"1024\" \/>\n\t<meta property=\"og:image:type\" content=\"image\/png\" \/>\n<meta name=\"twitter:card\" content=\"summary_large_image\" \/>\n<meta name=\"twitter:label1\" content=\"Temps estimat de lectura\" \/>\n\t<meta name=\"twitter:data1\" content=\"1 minut\" \/>\n<script type=\"application\/ld+json\" class=\"yoast-schema-graph\">{\"@context\":\"https:\/\/schema.org\",\"@graph\":[{\"@type\":\"WebPage\",\"@id\":\"https:\/\/soltec-ep.es\/ca\/producto\/kcv-series\/\",\"url\":\"https:\/\/soltec-ep.es\/ca\/producto\/kcv-series\/\",\"name\":\"KCV S\u00c8RIES - Soltec\",\"isPartOf\":{\"@id\":\"https:\/\/soltec-ep.es\/#website\"},\"primaryImageOfPage\":{\"@id\":\"https:\/\/soltec-ep.es\/ca\/producto\/kcv-series\/#primaryimage\"},\"image\":{\"@id\":\"https:\/\/soltec-ep.es\/ca\/producto\/kcv-series\/#primaryimage\"},\"thumbnailUrl\":\"https:\/\/soltec-ep.es\/wp-content\/uploads\/2023\/08\/KCV-1.png\",\"datePublished\":\"2023-08-09T06:40:45+00:00\",\"dateModified\":\"2024-04-23T10:26:39+00:00\",\"breadcrumb\":{\"@id\":\"https:\/\/soltec-ep.es\/ca\/producto\/kcv-series\/#breadcrumb\"},\"inLanguage\":\"ca\",\"potentialAction\":[{\"@type\":\"ReadAction\",\"target\":[\"https:\/\/soltec-ep.es\/ca\/producto\/kcv-series\/\"]}]},{\"@type\":\"ImageObject\",\"inLanguage\":\"ca\",\"@id\":\"https:\/\/soltec-ep.es\/ca\/producto\/kcv-series\/#primaryimage\",\"url\":\"https:\/\/soltec-ep.es\/wp-content\/uploads\/2023\/08\/KCV-1.png\",\"contentUrl\":\"https:\/\/soltec-ep.es\/wp-content\/uploads\/2023\/08\/KCV-1.png\",\"width\":1920,\"height\":1920,\"caption\":\"Quioscos interactius multim\u00e8dia\"},{\"@type\":\"BreadcrumbList\",\"@id\":\"https:\/\/soltec-ep.es\/ca\/producto\/kcv-series\/#breadcrumb\",\"itemListElement\":[{\"@type\":\"ListItem\",\"position\":1,\"name\":\"Home\",\"item\":\"https:\/\/soltec-ep.es\/ca\/\"},{\"@type\":\"ListItem\",\"position\":2,\"name\":\"Tienda\",\"item\":\"https:\/\/soltec-ep.es\/ca\/tienda-2\/\"},{\"@type\":\"ListItem\",\"position\":3,\"name\":\"KCV S\u00c8RIES\"}]},{\"@type\":\"WebSite\",\"@id\":\"https:\/\/soltec-ep.es\/#website\",\"url\":\"https:\/\/soltec-ep.es\/\",\"name\":\"Soltec\",\"description\":\"Audiovisual Solutions\",\"publisher\":{\"@id\":\"https:\/\/soltec-ep.es\/#organization\"},\"potentialAction\":[{\"@type\":\"SearchAction\",\"target\":{\"@type\":\"EntryPoint\",\"urlTemplate\":\"https:\/\/soltec-ep.es\/?s={search_term_string}\"},\"query-input\":\"required name=search_term_string\"}],\"inLanguage\":\"ca\"},{\"@type\":\"Organization\",\"@id\":\"https:\/\/soltec-ep.es\/#organization\",\"name\":\"Soltec\",\"url\":\"https:\/\/soltec-ep.es\/\",\"logo\":{\"@type\":\"ImageObject\",\"inLanguage\":\"ca\",\"@id\":\"https:\/\/soltec-ep.es\/#\/schema\/logo\/image\/\",\"url\":\"https:\/\/soltec-ep.es\/wp-content\/uploads\/2023\/06\/logo-Soltec-negre.png\",\"contentUrl\":\"https:\/\/soltec-ep.es\/wp-content\/uploads\/2023\/06\/logo-Soltec-negre.png\",\"width\":595,\"height\":126,\"caption\":\"Soltec\"},\"image\":{\"@id\":\"https:\/\/soltec-ep.es\/#\/schema\/logo\/image\/\"}}]}<\/script>\n<!-- \/ Yoast SEO plugin. -->","yoast_head_json":{"title":"KCV S\u00c8RIES - Soltec","robots":{"index":"index","follow":"follow","max-snippet":"max-snippet:-1","max-image-preview":"max-image-preview:large","max-video-preview":"max-video-preview:-1"},"canonical":"https:\/\/soltec-ep.es\/ca\/producto\/kcv-series\/","og_locale":"ca_ES","og_type":"article","og_title":"KCV S\u00c8RIES - Soltec","og_description":"La s\u00e8rie de quics interactius SOLTEC KCV s\u00f3n un producte excepcional que destaca tant pel seu sofisticat disseny amb una estructura corbada d&#8217;acer que es pot pintar en qualsevol color RAL, cosa que significa que es pot personalitzar perqu\u00e8 s&#8217;adapti perfectament a la marca o al disseny de qualsevol entorn. Els quioscos de la s\u00e8rie&hellip;","og_url":"https:\/\/soltec-ep.es\/ca\/producto\/kcv-series\/","og_site_name":"Soltec","article_modified_time":"2024-04-23T10:26:39+00:00","og_image":[{"width":1024,"height":1024,"url":"https:\/\/soltec-ep.es\/wp-content\/uploads\/2023\/08\/KCV-1-1024x1024.png","type":"image\/png"}],"twitter_card":"summary_large_image","twitter_misc":{"Temps estimat de lectura":"1 minut"},"schema":{"@context":"https:\/\/schema.org","@graph":[{"@type":"WebPage","@id":"https:\/\/soltec-ep.es\/ca\/producto\/kcv-series\/","url":"https:\/\/soltec-ep.es\/ca\/producto\/kcv-series\/","name":"KCV S\u00c8RIES - Soltec","isPartOf":{"@id":"https:\/\/soltec-ep.es\/#website"},"primaryImageOfPage":{"@id":"https:\/\/soltec-ep.es\/ca\/producto\/kcv-series\/#primaryimage"},"image":{"@id":"https:\/\/soltec-ep.es\/ca\/producto\/kcv-series\/#primaryimage"},"thumbnailUrl":"https:\/\/soltec-ep.es\/wp-content\/uploads\/2023\/08\/KCV-1.png","datePublished":"2023-08-09T06:40:45+00:00","dateModified":"2024-04-23T10:26:39+00:00","breadcrumb":{"@id":"https:\/\/soltec-ep.es\/ca\/producto\/kcv-series\/#breadcrumb"},"inLanguage":"ca","potentialAction":[{"@type":"ReadAction","target":["https:\/\/soltec-ep.es\/ca\/producto\/kcv-series\/"]}]},{"@type":"ImageObject","inLanguage":"ca","@id":"https:\/\/soltec-ep.es\/ca\/producto\/kcv-series\/#primaryimage","url":"https:\/\/soltec-ep.es\/wp-content\/uploads\/2023\/08\/KCV-1.png","contentUrl":"https:\/\/soltec-ep.es\/wp-content\/uploads\/2023\/08\/KCV-1.png","width":1920,"height":1920,"caption":"Quioscos interactius multim\u00e8dia"},{"@type":"BreadcrumbList","@id":"https:\/\/soltec-ep.es\/ca\/producto\/kcv-series\/#breadcrumb","itemListElement":[{"@type":"ListItem","position":1,"name":"Home","item":"https:\/\/soltec-ep.es\/ca\/"},{"@type":"ListItem","position":2,"name":"Tienda","item":"https:\/\/soltec-ep.es\/ca\/tienda-2\/"},{"@type":"ListItem","position":3,"name":"KCV S\u00c8RIES"}]},{"@type":"WebSite","@id":"https:\/\/soltec-ep.es\/#website","url":"https:\/\/soltec-ep.es\/","name":"Soltec","description":"Audiovisual Solutions","publisher":{"@id":"https:\/\/soltec-ep.es\/#organization"},"potentialAction":[{"@type":"SearchAction","target":{"@type":"EntryPoint","urlTemplate":"https:\/\/soltec-ep.es\/?s={search_term_string}"},"query-input":"required name=search_term_string"}],"inLanguage":"ca"},{"@type":"Organization","@id":"https:\/\/soltec-ep.es\/#organization","name":"Soltec","url":"https:\/\/soltec-ep.es\/","logo":{"@type":"ImageObject","inLanguage":"ca","@id":"https:\/\/soltec-ep.es\/#\/schema\/logo\/image\/","url":"https:\/\/soltec-ep.es\/wp-content\/uploads\/2023\/06\/logo-Soltec-negre.png","contentUrl":"https:\/\/soltec-ep.es\/wp-content\/uploads\/2023\/06\/logo-Soltec-negre.png","width":595,"height":126,"caption":"Soltec"},"image":{"@id":"https:\/\/soltec-ep.es\/#\/schema\/logo\/image\/"}}]}},"_links":{"self":[{"href":"https:\/\/soltec-ep.es\/ca\/wp-json\/wp\/v2\/product\/3471","targetHints":{"allow":["GET"]}}],"collection":[{"href":"https:\/\/soltec-ep.es\/ca\/wp-json\/wp\/v2\/product"}],"about":[{"href":"https:\/\/soltec-ep.es\/ca\/wp-json\/wp\/v2\/types\/product"}],"replies":[{"embeddable":true,"href":"https:\/\/soltec-ep.es\/ca\/wp-json\/wp\/v2\/comments?post=3471"}],"wp:featuredmedia":[{"embeddable":true,"href":"https:\/\/soltec-ep.es\/ca\/wp-json\/wp\/v2\/media\/2992"}],"wp:attachment":[{"href":"https:\/\/soltec-ep.es\/ca\/wp-json\/wp\/v2\/media?parent=3471"}],"wp:term":[{"taxonomy":"product_cat","embeddable":true,"href":"https:\/\/soltec-ep.es\/ca\/wp-json\/wp\/v2\/product_cat?post=3471"},{"taxonomy":"product_tag","embeddable":true,"href":"https:\/\/soltec-ep.es\/ca\/wp-json\/wp\/v2\/product_tag?post=3471"}],"curies":[{"name":"wp","href":"https:\/\/api.w.org\/{rel}","templated":true}]}}