{"id":3473,"date":"2023-08-09T06:40:34","date_gmt":"2023-08-09T06:40:34","guid":{"rendered":"https:\/\/soltec-ep.es\/?post_type=product&#038;p=3473"},"modified":"2024-04-23T10:27:14","modified_gmt":"2024-04-23T10:27:14","slug":"ksk-m-line","status":"publish","type":"product","link":"https:\/\/soltec-ep.es\/ca\/producto\/ksk-m-line\/","title":{"rendered":"KSK M LINE"},"content":{"rendered":"<p>Els quioscos KSK M Line de SOLTEC amb un disseny cl\u00e0ssic i la seva notable primesa (5cm) el converteix en un dels quioscos m\u00e9s elegants del mercat que causar\u00e0 una impressi\u00f3 immediata als que el vegin.<br \/>\nEl quiosc est\u00e0 fabricat per perdurar, amb una robusta estructura d&#8217;acer que en garanteix la durabilitat i la resist\u00e8ncia davant l&#8217;\u00fas regular. L&#8217;estructura d&#8217;acer es pot pintar en qualsevol color RAL, cosa que significa que pot ser personalitzada per adaptar-se a qualsevol imatge de marca o esquema de disseny.<br \/>\nAmb una pantalla t\u00e0ctil capacitiva projectada incorporada i un PC industrial que es pot personalitzar segons els requisits t\u00e8cnics del client.<br \/>\nAquests equips poden ser personalitzats amb multitud de perif\u00e8rics en funci\u00f3 dels requisits de cada projecte. Es poden integrar, impressores t\u00e8rmiques, lectors de targetes, altaveus, lectors QR entre d&#8217;altres.<br \/>\nLa l\u00ednia KSK M est\u00e0 espec\u00edficament dissenyada per ser utilitzada com a punt interactiu d&#8217;informaci\u00f3 multim\u00e8dia.<\/p>\n","protected":false},"excerpt":{"rendered":"<p>Els quioscos KSK M Line de SOLTEC amb un disseny cl\u00e0ssic i la seva notable primesa (5cm) el converteix en un dels quioscos m\u00e9s elegants del mercat que causar\u00e0 una impressi\u00f3 immediata als que el vegin. El quiosc est\u00e0 fabricat per perdurar, amb una robusta estructura d&#8217;acer que en garanteix la durabilitat i la resist\u00e8ncia&hellip;<\/p>\n","protected":false},"featured_media":2990,"comment_status":"closed","ping_status":"closed","template":"","meta":[],"product_cat":[73],"product_tag":[],"class_list":{"0":"post-3473","1":"product","2":"type-product","3":"status-publish","4":"has-post-thumbnail","6":"product_cat-ksk-series-ca","7":"entry","8":"has-media","10":"first","11":"instock","12":"shipping-taxable","13":"purchasable","14":"product-type-variable"},"yoast_head":"<!-- This site is optimized with the Yoast SEO plugin v23.0 - https:\/\/yoast.com\/wordpress\/plugins\/seo\/ -->\n<title>KSK M LINE - Soltec<\/title>\n<meta name=\"robots\" content=\"index, follow, max-snippet:-1, max-image-preview:large, max-video-preview:-1\" \/>\n<link rel=\"canonical\" href=\"https:\/\/soltec-ep.es\/ca\/producto\/ksk-m-line\/\" \/>\n<meta property=\"og:locale\" content=\"ca_ES\" \/>\n<meta property=\"og:type\" content=\"article\" \/>\n<meta property=\"og:title\" content=\"KSK M LINE - Soltec\" \/>\n<meta property=\"og:description\" content=\"Els quioscos KSK M Line de SOLTEC amb un disseny cl\u00e0ssic i la seva notable primesa (5cm) el converteix en un dels quioscos m\u00e9s elegants del mercat que causar\u00e0 una impressi\u00f3 immediata als que el vegin. El quiosc est\u00e0 fabricat per perdurar, amb una robusta estructura d&#8217;acer que en garanteix la durabilitat i la resist\u00e8ncia&hellip;\" \/>\n<meta property=\"og:url\" content=\"https:\/\/soltec-ep.es\/ca\/producto\/ksk-m-line\/\" \/>\n<meta property=\"og:site_name\" content=\"Soltec\" \/>\n<meta property=\"article:modified_time\" content=\"2024-04-23T10:27:14+00:00\" \/>\n<meta property=\"og:image\" content=\"https:\/\/soltec-ep.es\/wp-content\/uploads\/2023\/08\/KSK_M-1-1024x1024.png\" \/>\n\t<meta property=\"og:image:width\" content=\"1024\" \/>\n\t<meta property=\"og:image:height\" content=\"1024\" \/>\n\t<meta property=\"og:image:type\" content=\"image\/png\" \/>\n<meta name=\"twitter:card\" content=\"summary_large_image\" \/>\n<meta name=\"twitter:label1\" content=\"Temps estimat de lectura\" \/>\n\t<meta name=\"twitter:data1\" content=\"1 minut\" \/>\n<script type=\"application\/ld+json\" class=\"yoast-schema-graph\">{\"@context\":\"https:\/\/schema.org\",\"@graph\":[{\"@type\":\"WebPage\",\"@id\":\"https:\/\/soltec-ep.es\/ca\/producto\/ksk-m-line\/\",\"url\":\"https:\/\/soltec-ep.es\/ca\/producto\/ksk-m-line\/\",\"name\":\"KSK M LINE - Soltec\",\"isPartOf\":{\"@id\":\"https:\/\/soltec-ep.es\/#website\"},\"primaryImageOfPage\":{\"@id\":\"https:\/\/soltec-ep.es\/ca\/producto\/ksk-m-line\/#primaryimage\"},\"image\":{\"@id\":\"https:\/\/soltec-ep.es\/ca\/producto\/ksk-m-line\/#primaryimage\"},\"thumbnailUrl\":\"https:\/\/soltec-ep.es\/wp-content\/uploads\/2023\/08\/KSK_M-1.png\",\"datePublished\":\"2023-08-09T06:40:34+00:00\",\"dateModified\":\"2024-04-23T10:27:14+00:00\",\"breadcrumb\":{\"@id\":\"https:\/\/soltec-ep.es\/ca\/producto\/ksk-m-line\/#breadcrumb\"},\"inLanguage\":\"ca\",\"potentialAction\":[{\"@type\":\"ReadAction\",\"target\":[\"https:\/\/soltec-ep.es\/ca\/producto\/ksk-m-line\/\"]}]},{\"@type\":\"ImageObject\",\"inLanguage\":\"ca\",\"@id\":\"https:\/\/soltec-ep.es\/ca\/producto\/ksk-m-line\/#primaryimage\",\"url\":\"https:\/\/soltec-ep.es\/wp-content\/uploads\/2023\/08\/KSK_M-1.png\",\"contentUrl\":\"https:\/\/soltec-ep.es\/wp-content\/uploads\/2023\/08\/KSK_M-1.png\",\"width\":1920,\"height\":1920,\"caption\":\"Quioscos interactius Soltec\"},{\"@type\":\"BreadcrumbList\",\"@id\":\"https:\/\/soltec-ep.es\/ca\/producto\/ksk-m-line\/#breadcrumb\",\"itemListElement\":[{\"@type\":\"ListItem\",\"position\":1,\"name\":\"Home\",\"item\":\"https:\/\/soltec-ep.es\/\"},{\"@type\":\"ListItem\",\"position\":2,\"name\":\"Tienda\",\"item\":\"https:\/\/soltec-ep.es\/ca\/tienda-2\/\"},{\"@type\":\"ListItem\",\"position\":3,\"name\":\"KSK M LINE\"}]},{\"@type\":\"WebSite\",\"@id\":\"https:\/\/soltec-ep.es\/#website\",\"url\":\"https:\/\/soltec-ep.es\/\",\"name\":\"Soltec\",\"description\":\"Audiovisual Solutions\",\"publisher\":{\"@id\":\"https:\/\/soltec-ep.es\/#organization\"},\"potentialAction\":[{\"@type\":\"SearchAction\",\"target\":{\"@type\":\"EntryPoint\",\"urlTemplate\":\"https:\/\/soltec-ep.es\/?s={search_term_string}\"},\"query-input\":\"required name=search_term_string\"}],\"inLanguage\":\"ca\"},{\"@type\":\"Organization\",\"@id\":\"https:\/\/soltec-ep.es\/#organization\",\"name\":\"Soltec\",\"url\":\"https:\/\/soltec-ep.es\/\",\"logo\":{\"@type\":\"ImageObject\",\"inLanguage\":\"ca\",\"@id\":\"https:\/\/soltec-ep.es\/#\/schema\/logo\/image\/\",\"url\":\"https:\/\/soltec-ep.es\/wp-content\/uploads\/2023\/06\/logo-Soltec-negre.png\",\"contentUrl\":\"https:\/\/soltec-ep.es\/wp-content\/uploads\/2023\/06\/logo-Soltec-negre.png\",\"width\":595,\"height\":126,\"caption\":\"Soltec\"},\"image\":{\"@id\":\"https:\/\/soltec-ep.es\/#\/schema\/logo\/image\/\"}}]}<\/script>\n<!-- \/ Yoast SEO plugin. -->","yoast_head_json":{"title":"KSK M LINE - Soltec","robots":{"index":"index","follow":"follow","max-snippet":"max-snippet:-1","max-image-preview":"max-image-preview:large","max-video-preview":"max-video-preview:-1"},"canonical":"https:\/\/soltec-ep.es\/ca\/producto\/ksk-m-line\/","og_locale":"ca_ES","og_type":"article","og_title":"KSK M LINE - Soltec","og_description":"Els quioscos KSK M Line de SOLTEC amb un disseny cl\u00e0ssic i la seva notable primesa (5cm) el converteix en un dels quioscos m\u00e9s elegants del mercat que causar\u00e0 una impressi\u00f3 immediata als que el vegin. El quiosc est\u00e0 fabricat per perdurar, amb una robusta estructura d&#8217;acer que en garanteix la durabilitat i la resist\u00e8ncia&hellip;","og_url":"https:\/\/soltec-ep.es\/ca\/producto\/ksk-m-line\/","og_site_name":"Soltec","article_modified_time":"2024-04-23T10:27:14+00:00","og_image":[{"width":1024,"height":1024,"url":"https:\/\/soltec-ep.es\/wp-content\/uploads\/2023\/08\/KSK_M-1-1024x1024.png","type":"image\/png"}],"twitter_card":"summary_large_image","twitter_misc":{"Temps estimat de lectura":"1 minut"},"schema":{"@context":"https:\/\/schema.org","@graph":[{"@type":"WebPage","@id":"https:\/\/soltec-ep.es\/ca\/producto\/ksk-m-line\/","url":"https:\/\/soltec-ep.es\/ca\/producto\/ksk-m-line\/","name":"KSK M LINE - Soltec","isPartOf":{"@id":"https:\/\/soltec-ep.es\/#website"},"primaryImageOfPage":{"@id":"https:\/\/soltec-ep.es\/ca\/producto\/ksk-m-line\/#primaryimage"},"image":{"@id":"https:\/\/soltec-ep.es\/ca\/producto\/ksk-m-line\/#primaryimage"},"thumbnailUrl":"https:\/\/soltec-ep.es\/wp-content\/uploads\/2023\/08\/KSK_M-1.png","datePublished":"2023-08-09T06:40:34+00:00","dateModified":"2024-04-23T10:27:14+00:00","breadcrumb":{"@id":"https:\/\/soltec-ep.es\/ca\/producto\/ksk-m-line\/#breadcrumb"},"inLanguage":"ca","potentialAction":[{"@type":"ReadAction","target":["https:\/\/soltec-ep.es\/ca\/producto\/ksk-m-line\/"]}]},{"@type":"ImageObject","inLanguage":"ca","@id":"https:\/\/soltec-ep.es\/ca\/producto\/ksk-m-line\/#primaryimage","url":"https:\/\/soltec-ep.es\/wp-content\/uploads\/2023\/08\/KSK_M-1.png","contentUrl":"https:\/\/soltec-ep.es\/wp-content\/uploads\/2023\/08\/KSK_M-1.png","width":1920,"height":1920,"caption":"Quioscos interactius Soltec"},{"@type":"BreadcrumbList","@id":"https:\/\/soltec-ep.es\/ca\/producto\/ksk-m-line\/#breadcrumb","itemListElement":[{"@type":"ListItem","position":1,"name":"Home","item":"https:\/\/soltec-ep.es\/"},{"@type":"ListItem","position":2,"name":"Tienda","item":"https:\/\/soltec-ep.es\/ca\/tienda-2\/"},{"@type":"ListItem","position":3,"name":"KSK M LINE"}]},{"@type":"WebSite","@id":"https:\/\/soltec-ep.es\/#website","url":"https:\/\/soltec-ep.es\/","name":"Soltec","description":"Audiovisual Solutions","publisher":{"@id":"https:\/\/soltec-ep.es\/#organization"},"potentialAction":[{"@type":"SearchAction","target":{"@type":"EntryPoint","urlTemplate":"https:\/\/soltec-ep.es\/?s={search_term_string}"},"query-input":"required name=search_term_string"}],"inLanguage":"ca"},{"@type":"Organization","@id":"https:\/\/soltec-ep.es\/#organization","name":"Soltec","url":"https:\/\/soltec-ep.es\/","logo":{"@type":"ImageObject","inLanguage":"ca","@id":"https:\/\/soltec-ep.es\/#\/schema\/logo\/image\/","url":"https:\/\/soltec-ep.es\/wp-content\/uploads\/2023\/06\/logo-Soltec-negre.png","contentUrl":"https:\/\/soltec-ep.es\/wp-content\/uploads\/2023\/06\/logo-Soltec-negre.png","width":595,"height":126,"caption":"Soltec"},"image":{"@id":"https:\/\/soltec-ep.es\/#\/schema\/logo\/image\/"}}]}},"_links":{"self":[{"href":"https:\/\/soltec-ep.es\/ca\/wp-json\/wp\/v2\/product\/3473","targetHints":{"allow":["GET"]}}],"collection":[{"href":"https:\/\/soltec-ep.es\/ca\/wp-json\/wp\/v2\/product"}],"about":[{"href":"https:\/\/soltec-ep.es\/ca\/wp-json\/wp\/v2\/types\/product"}],"replies":[{"embeddable":true,"href":"https:\/\/soltec-ep.es\/ca\/wp-json\/wp\/v2\/comments?post=3473"}],"wp:featuredmedia":[{"embeddable":true,"href":"https:\/\/soltec-ep.es\/ca\/wp-json\/wp\/v2\/media\/2990"}],"wp:attachment":[{"href":"https:\/\/soltec-ep.es\/ca\/wp-json\/wp\/v2\/media?parent=3473"}],"wp:term":[{"taxonomy":"product_cat","embeddable":true,"href":"https:\/\/soltec-ep.es\/ca\/wp-json\/wp\/v2\/product_cat?post=3473"},{"taxonomy":"product_tag","embeddable":true,"href":"https:\/\/soltec-ep.es\/ca\/wp-json\/wp\/v2\/product_tag?post=3473"}],"curies":[{"name":"wp","href":"https:\/\/api.w.org\/{rel}","templated":true}]}}