{"id":3478,"date":"2023-08-09T06:40:09","date_gmt":"2023-08-09T06:40:09","guid":{"rendered":"https:\/\/soltec-ep.es\/?post_type=product&#038;p=3478"},"modified":"2024-04-23T10:29:07","modified_gmt":"2024-04-23T10:29:07","slug":"fol-a-line","status":"publish","type":"product","link":"https:\/\/soltec-ep.es\/ca\/producto\/fol-a-line\/","title":{"rendered":"FOL A LINE"},"content":{"rendered":"<p>El Monitor Abatible Motoritzat FOL-A de SOLTEC \u00e9s una soluci\u00f3 de visualitzaci\u00f3 d&#8217;alta tecnologia dissenyada espec\u00edficament per a taules de sala de juntes i sales de reunions. L\u00b4estructura del monitor d\u00b4alumini anoditzat d\u00b4alta gamma proporciona un aspecte elegant i modern. Amb un marc frontal dalumini anoditzat que afegeix un atractiu est\u00e8tic.<br \/>\nAquest monitor compta amb un disseny abatible \u00fanic que permet guardar-lo f\u00e0cilment quan no est\u00e0 en \u00fas, cosa que el converteix en una soluci\u00f3 ideal per a taules amb espai limitat amb tan sols una caixa de 10 cm sota la taula.<br \/>\nEl monitor tamb\u00e9 compta amb un ajustament d&#8217;inclinaci\u00f3 de 20\u00ba que es pot configurar segons la prefer\u00e8ncia de l&#8217;usuari, cosa que permet als usuaris ajustar l&#8217;angle de visualitzaci\u00f3 a la vostra posici\u00f3 preferida.<\/p>\n","protected":false},"excerpt":{"rendered":"<p>El Monitor Abatible Motoritzat FOL-A de SOLTEC \u00e9s una soluci\u00f3 de visualitzaci\u00f3 d&#8217;alta tecnologia dissenyada espec\u00edficament per a taules de sala de juntes i sales de reunions. L\u00b4estructura del monitor d\u00b4alumini anoditzat d\u00b4alta gamma proporciona un aspecte elegant i modern. Amb un marc frontal dalumini anoditzat que afegeix un atractiu est\u00e8tic. Aquest monitor compta amb&hellip;<\/p>\n","protected":false},"featured_media":2984,"comment_status":"closed","ping_status":"closed","template":"","meta":[],"product_cat":[75],"product_tag":[],"class_list":{"0":"post-3478","1":"product","2":"type-product","3":"status-publish","4":"has-post-thumbnail","6":"product_cat-fol-series-ca","7":"entry","8":"has-media","10":"first","11":"instock","12":"shipping-taxable","13":"purchasable","14":"product-type-variable"},"yoast_head":"<!-- This site is optimized with the Yoast SEO plugin v23.0 - https:\/\/yoast.com\/wordpress\/plugins\/seo\/ -->\n<title>FOL A LINE - Soltec<\/title>\n<meta name=\"robots\" content=\"index, follow, max-snippet:-1, max-image-preview:large, max-video-preview:-1\" \/>\n<link rel=\"canonical\" href=\"https:\/\/soltec-ep.es\/ca\/producto\/fol-a-line\/\" \/>\n<meta property=\"og:locale\" content=\"ca_ES\" \/>\n<meta property=\"og:type\" content=\"article\" \/>\n<meta property=\"og:title\" content=\"FOL A LINE - Soltec\" \/>\n<meta property=\"og:description\" content=\"El Monitor Abatible Motoritzat FOL-A de SOLTEC \u00e9s una soluci\u00f3 de visualitzaci\u00f3 d&#8217;alta tecnologia dissenyada espec\u00edficament per a taules de sala de juntes i sales de reunions. L\u00b4estructura del monitor d\u00b4alumini anoditzat d\u00b4alta gamma proporciona un aspecte elegant i modern. Amb un marc frontal dalumini anoditzat que afegeix un atractiu est\u00e8tic. Aquest monitor compta amb&hellip;\" \/>\n<meta property=\"og:url\" content=\"https:\/\/soltec-ep.es\/ca\/producto\/fol-a-line\/\" \/>\n<meta property=\"og:site_name\" content=\"Soltec\" \/>\n<meta property=\"article:modified_time\" content=\"2024-04-23T10:29:07+00:00\" \/>\n<meta property=\"og:image\" content=\"https:\/\/soltec-ep.es\/wp-content\/uploads\/2023\/08\/FOL_A-1-1024x576.png\" \/>\n\t<meta property=\"og:image:width\" content=\"1024\" \/>\n\t<meta property=\"og:image:height\" content=\"576\" \/>\n\t<meta property=\"og:image:type\" content=\"image\/png\" \/>\n<meta name=\"twitter:card\" content=\"summary_large_image\" \/>\n<meta name=\"twitter:label1\" content=\"Temps estimat de lectura\" \/>\n\t<meta name=\"twitter:data1\" content=\"1 minut\" \/>\n<script type=\"application\/ld+json\" class=\"yoast-schema-graph\">{\"@context\":\"https:\/\/schema.org\",\"@graph\":[{\"@type\":\"WebPage\",\"@id\":\"https:\/\/soltec-ep.es\/ca\/producto\/fol-a-line\/\",\"url\":\"https:\/\/soltec-ep.es\/ca\/producto\/fol-a-line\/\",\"name\":\"FOL A LINE - Soltec\",\"isPartOf\":{\"@id\":\"https:\/\/soltec-ep.es\/#website\"},\"primaryImageOfPage\":{\"@id\":\"https:\/\/soltec-ep.es\/ca\/producto\/fol-a-line\/#primaryimage\"},\"image\":{\"@id\":\"https:\/\/soltec-ep.es\/ca\/producto\/fol-a-line\/#primaryimage\"},\"thumbnailUrl\":\"https:\/\/soltec-ep.es\/wp-content\/uploads\/2023\/08\/FOL_A-1.png\",\"datePublished\":\"2023-08-09T06:40:09+00:00\",\"dateModified\":\"2024-04-23T10:29:07+00:00\",\"breadcrumb\":{\"@id\":\"https:\/\/soltec-ep.es\/ca\/producto\/fol-a-line\/#breadcrumb\"},\"inLanguage\":\"ca\",\"potentialAction\":[{\"@type\":\"ReadAction\",\"target\":[\"https:\/\/soltec-ep.es\/ca\/producto\/fol-a-line\/\"]}]},{\"@type\":\"ImageObject\",\"inLanguage\":\"ca\",\"@id\":\"https:\/\/soltec-ep.es\/ca\/producto\/fol-a-line\/#primaryimage\",\"url\":\"https:\/\/soltec-ep.es\/wp-content\/uploads\/2023\/08\/FOL_A-1.png\",\"contentUrl\":\"https:\/\/soltec-ep.es\/wp-content\/uploads\/2023\/08\/FOL_A-1.png\",\"width\":1920,\"height\":1080,\"caption\":\"monitors motoritzats retractil\"},{\"@type\":\"BreadcrumbList\",\"@id\":\"https:\/\/soltec-ep.es\/ca\/producto\/fol-a-line\/#breadcrumb\",\"itemListElement\":[{\"@type\":\"ListItem\",\"position\":1,\"name\":\"Home\",\"item\":\"https:\/\/soltec-ep.es\/\"},{\"@type\":\"ListItem\",\"position\":2,\"name\":\"Tienda\",\"item\":\"https:\/\/soltec-ep.es\/ca\/tienda-2\/\"},{\"@type\":\"ListItem\",\"position\":3,\"name\":\"FOL A LINE\"}]},{\"@type\":\"WebSite\",\"@id\":\"https:\/\/soltec-ep.es\/#website\",\"url\":\"https:\/\/soltec-ep.es\/\",\"name\":\"Soltec\",\"description\":\"Audiovisual Solutions\",\"publisher\":{\"@id\":\"https:\/\/soltec-ep.es\/#organization\"},\"potentialAction\":[{\"@type\":\"SearchAction\",\"target\":{\"@type\":\"EntryPoint\",\"urlTemplate\":\"https:\/\/soltec-ep.es\/?s={search_term_string}\"},\"query-input\":\"required name=search_term_string\"}],\"inLanguage\":\"ca\"},{\"@type\":\"Organization\",\"@id\":\"https:\/\/soltec-ep.es\/#organization\",\"name\":\"Soltec\",\"url\":\"https:\/\/soltec-ep.es\/\",\"logo\":{\"@type\":\"ImageObject\",\"inLanguage\":\"ca\",\"@id\":\"https:\/\/soltec-ep.es\/#\/schema\/logo\/image\/\",\"url\":\"https:\/\/soltec-ep.es\/wp-content\/uploads\/2023\/06\/logo-Soltec-negre.png\",\"contentUrl\":\"https:\/\/soltec-ep.es\/wp-content\/uploads\/2023\/06\/logo-Soltec-negre.png\",\"width\":595,\"height\":126,\"caption\":\"Soltec\"},\"image\":{\"@id\":\"https:\/\/soltec-ep.es\/#\/schema\/logo\/image\/\"}}]}<\/script>\n<!-- \/ Yoast SEO plugin. -->","yoast_head_json":{"title":"FOL A LINE - Soltec","robots":{"index":"index","follow":"follow","max-snippet":"max-snippet:-1","max-image-preview":"max-image-preview:large","max-video-preview":"max-video-preview:-1"},"canonical":"https:\/\/soltec-ep.es\/ca\/producto\/fol-a-line\/","og_locale":"ca_ES","og_type":"article","og_title":"FOL A LINE - Soltec","og_description":"El Monitor Abatible Motoritzat FOL-A de SOLTEC \u00e9s una soluci\u00f3 de visualitzaci\u00f3 d&#8217;alta tecnologia dissenyada espec\u00edficament per a taules de sala de juntes i sales de reunions. L\u00b4estructura del monitor d\u00b4alumini anoditzat d\u00b4alta gamma proporciona un aspecte elegant i modern. Amb un marc frontal dalumini anoditzat que afegeix un atractiu est\u00e8tic. Aquest monitor compta amb&hellip;","og_url":"https:\/\/soltec-ep.es\/ca\/producto\/fol-a-line\/","og_site_name":"Soltec","article_modified_time":"2024-04-23T10:29:07+00:00","og_image":[{"width":1024,"height":576,"url":"https:\/\/soltec-ep.es\/wp-content\/uploads\/2023\/08\/FOL_A-1-1024x576.png","type":"image\/png"}],"twitter_card":"summary_large_image","twitter_misc":{"Temps estimat de lectura":"1 minut"},"schema":{"@context":"https:\/\/schema.org","@graph":[{"@type":"WebPage","@id":"https:\/\/soltec-ep.es\/ca\/producto\/fol-a-line\/","url":"https:\/\/soltec-ep.es\/ca\/producto\/fol-a-line\/","name":"FOL A LINE - Soltec","isPartOf":{"@id":"https:\/\/soltec-ep.es\/#website"},"primaryImageOfPage":{"@id":"https:\/\/soltec-ep.es\/ca\/producto\/fol-a-line\/#primaryimage"},"image":{"@id":"https:\/\/soltec-ep.es\/ca\/producto\/fol-a-line\/#primaryimage"},"thumbnailUrl":"https:\/\/soltec-ep.es\/wp-content\/uploads\/2023\/08\/FOL_A-1.png","datePublished":"2023-08-09T06:40:09+00:00","dateModified":"2024-04-23T10:29:07+00:00","breadcrumb":{"@id":"https:\/\/soltec-ep.es\/ca\/producto\/fol-a-line\/#breadcrumb"},"inLanguage":"ca","potentialAction":[{"@type":"ReadAction","target":["https:\/\/soltec-ep.es\/ca\/producto\/fol-a-line\/"]}]},{"@type":"ImageObject","inLanguage":"ca","@id":"https:\/\/soltec-ep.es\/ca\/producto\/fol-a-line\/#primaryimage","url":"https:\/\/soltec-ep.es\/wp-content\/uploads\/2023\/08\/FOL_A-1.png","contentUrl":"https:\/\/soltec-ep.es\/wp-content\/uploads\/2023\/08\/FOL_A-1.png","width":1920,"height":1080,"caption":"monitors motoritzats retractil"},{"@type":"BreadcrumbList","@id":"https:\/\/soltec-ep.es\/ca\/producto\/fol-a-line\/#breadcrumb","itemListElement":[{"@type":"ListItem","position":1,"name":"Home","item":"https:\/\/soltec-ep.es\/"},{"@type":"ListItem","position":2,"name":"Tienda","item":"https:\/\/soltec-ep.es\/ca\/tienda-2\/"},{"@type":"ListItem","position":3,"name":"FOL A LINE"}]},{"@type":"WebSite","@id":"https:\/\/soltec-ep.es\/#website","url":"https:\/\/soltec-ep.es\/","name":"Soltec","description":"Audiovisual Solutions","publisher":{"@id":"https:\/\/soltec-ep.es\/#organization"},"potentialAction":[{"@type":"SearchAction","target":{"@type":"EntryPoint","urlTemplate":"https:\/\/soltec-ep.es\/?s={search_term_string}"},"query-input":"required name=search_term_string"}],"inLanguage":"ca"},{"@type":"Organization","@id":"https:\/\/soltec-ep.es\/#organization","name":"Soltec","url":"https:\/\/soltec-ep.es\/","logo":{"@type":"ImageObject","inLanguage":"ca","@id":"https:\/\/soltec-ep.es\/#\/schema\/logo\/image\/","url":"https:\/\/soltec-ep.es\/wp-content\/uploads\/2023\/06\/logo-Soltec-negre.png","contentUrl":"https:\/\/soltec-ep.es\/wp-content\/uploads\/2023\/06\/logo-Soltec-negre.png","width":595,"height":126,"caption":"Soltec"},"image":{"@id":"https:\/\/soltec-ep.es\/#\/schema\/logo\/image\/"}}]}},"_links":{"self":[{"href":"https:\/\/soltec-ep.es\/ca\/wp-json\/wp\/v2\/product\/3478","targetHints":{"allow":["GET"]}}],"collection":[{"href":"https:\/\/soltec-ep.es\/ca\/wp-json\/wp\/v2\/product"}],"about":[{"href":"https:\/\/soltec-ep.es\/ca\/wp-json\/wp\/v2\/types\/product"}],"replies":[{"embeddable":true,"href":"https:\/\/soltec-ep.es\/ca\/wp-json\/wp\/v2\/comments?post=3478"}],"wp:featuredmedia":[{"embeddable":true,"href":"https:\/\/soltec-ep.es\/ca\/wp-json\/wp\/v2\/media\/2984"}],"wp:attachment":[{"href":"https:\/\/soltec-ep.es\/ca\/wp-json\/wp\/v2\/media?parent=3478"}],"wp:term":[{"taxonomy":"product_cat","embeddable":true,"href":"https:\/\/soltec-ep.es\/ca\/wp-json\/wp\/v2\/product_cat?post=3478"},{"taxonomy":"product_tag","embeddable":true,"href":"https:\/\/soltec-ep.es\/ca\/wp-json\/wp\/v2\/product_tag?post=3478"}],"curies":[{"name":"wp","href":"https:\/\/api.w.org\/{rel}","templated":true}]}}