{"id":3485,"date":"2023-08-09T06:40:02","date_gmt":"2023-08-09T06:40:02","guid":{"rendered":"https:\/\/soltec-ep.es\/?post_type=product&#038;p=3485"},"modified":"2024-04-23T10:31:29","modified_gmt":"2024-04-23T10:31:29","slug":"ret-g-line","status":"publish","type":"product","link":"https:\/\/soltec-ep.es\/ca\/producto\/ret-g-line\/","title":{"rendered":"RET G LINE"},"content":{"rendered":"<p><span style=\"font-weight: 400;\">El Monitor Retr\u00e0ctil Motoritzat de la l\u00ednia RET-G de SOLTEC compta amb una estructura de monitor<\/span> <b>d&#8217;alumini anoditzat d&#8217;alta gamma amb cantonades arrodonides<\/b> <span style=\"font-weight: 400;\">. Sistema patentat<\/span> <b>dobertura autom\u00e0tica de la placa de coberta<\/b> <span style=\"font-weight: 400;\">que evita el contacte entre lestructura del monitor i lobertura. Les vores arrodonides tamb\u00e9 contribueixen a l&#8217;est\u00e8tica general del monitor, donant-li un aspecte professional i polit.<\/span> <span style=\"font-weight: 400;\">Compta amb un<\/span> <b>vidre protector frontal amb serigrafia de vora negra<\/b> <span style=\"font-weight: 400;\">. Aquest vidre no nom\u00e9s millora l&#8217;atractiu visual del monitor, sin\u00f3 que tamb\u00e9 proporciona una capa addicional de protecci\u00f3.<\/span> <span style=\"font-weight: 400;\">L&#8217;angle d&#8217;<\/span> <b>inclinaci\u00f3 del monitor es pot ajustar fins a 20 \u00ba<\/b> <span style=\"font-weight: 400;\">segons la prefer\u00e8ncia de l&#8217;usuari. Doble entrada DVI. Pot ser controlat remotament a trav\u00e9s del port serial RS-485. Disponible una \u00e0mplia gamma d\u00b4opcions.<\/span><\/p>\n","protected":false},"excerpt":{"rendered":"<p>El Monitor Retr\u00e0ctil Motoritzat de la l\u00ednia RET-G de SOLTEC compta amb una estructura de monitor d&#8217;alumini anoditzat d&#8217;alta gamma amb cantonades arrodonides . Sistema patentat dobertura autom\u00e0tica de la placa de coberta que evita el contacte entre lestructura del monitor i lobertura. Les vores arrodonides tamb\u00e9 contribueixen a l&#8217;est\u00e8tica general del monitor, donant-li un&hellip;<\/p>\n","protected":false},"featured_media":2975,"comment_status":"closed","ping_status":"closed","template":"","meta":[],"product_cat":[77],"product_tag":[],"class_list":{"0":"post-3485","1":"product","2":"type-product","3":"status-publish","4":"has-post-thumbnail","6":"product_cat-ret-series-ca","7":"entry","8":"has-media","10":"first","11":"instock","12":"shipping-taxable","13":"purchasable","14":"product-type-variable"},"yoast_head":"<!-- This site is optimized with the Yoast SEO plugin v23.0 - https:\/\/yoast.com\/wordpress\/plugins\/seo\/ -->\n<title>RET G LINE - Soltec<\/title>\n<meta name=\"robots\" content=\"index, follow, max-snippet:-1, max-image-preview:large, max-video-preview:-1\" \/>\n<link rel=\"canonical\" href=\"https:\/\/soltec-ep.es\/ca\/producto\/ret-g-line\/\" \/>\n<meta property=\"og:locale\" content=\"ca_ES\" \/>\n<meta property=\"og:type\" content=\"article\" \/>\n<meta property=\"og:title\" content=\"RET G LINE - Soltec\" \/>\n<meta property=\"og:description\" content=\"El Monitor Retr\u00e0ctil Motoritzat de la l\u00ednia RET-G de SOLTEC compta amb una estructura de monitor d&#8217;alumini anoditzat d&#8217;alta gamma amb cantonades arrodonides . Sistema patentat dobertura autom\u00e0tica de la placa de coberta que evita el contacte entre lestructura del monitor i lobertura. Les vores arrodonides tamb\u00e9 contribueixen a l&#8217;est\u00e8tica general del monitor, donant-li un&hellip;\" \/>\n<meta property=\"og:url\" content=\"https:\/\/soltec-ep.es\/ca\/producto\/ret-g-line\/\" \/>\n<meta property=\"og:site_name\" content=\"Soltec\" \/>\n<meta property=\"article:modified_time\" content=\"2024-04-23T10:31:29+00:00\" \/>\n<meta property=\"og:image\" content=\"https:\/\/soltec-ep.es\/wp-content\/uploads\/2023\/08\/RET_G-1-1024x576.png\" \/>\n\t<meta property=\"og:image:width\" content=\"1024\" \/>\n\t<meta property=\"og:image:height\" content=\"576\" \/>\n\t<meta property=\"og:image:type\" content=\"image\/png\" \/>\n<meta name=\"twitter:card\" content=\"summary_large_image\" \/>\n<meta name=\"twitter:label1\" content=\"Temps estimat de lectura\" \/>\n\t<meta name=\"twitter:data1\" content=\"1 minut\" \/>\n<script type=\"application\/ld+json\" class=\"yoast-schema-graph\">{\"@context\":\"https:\/\/schema.org\",\"@graph\":[{\"@type\":\"WebPage\",\"@id\":\"https:\/\/soltec-ep.es\/ca\/producto\/ret-g-line\/\",\"url\":\"https:\/\/soltec-ep.es\/ca\/producto\/ret-g-line\/\",\"name\":\"RET G LINE - Soltec\",\"isPartOf\":{\"@id\":\"https:\/\/soltec-ep.es\/#website\"},\"primaryImageOfPage\":{\"@id\":\"https:\/\/soltec-ep.es\/ca\/producto\/ret-g-line\/#primaryimage\"},\"image\":{\"@id\":\"https:\/\/soltec-ep.es\/ca\/producto\/ret-g-line\/#primaryimage\"},\"thumbnailUrl\":\"https:\/\/soltec-ep.es\/wp-content\/uploads\/2023\/08\/RET_G-1.png\",\"datePublished\":\"2023-08-09T06:40:02+00:00\",\"dateModified\":\"2024-04-23T10:31:29+00:00\",\"breadcrumb\":{\"@id\":\"https:\/\/soltec-ep.es\/ca\/producto\/ret-g-line\/#breadcrumb\"},\"inLanguage\":\"ca\",\"potentialAction\":[{\"@type\":\"ReadAction\",\"target\":[\"https:\/\/soltec-ep.es\/ca\/producto\/ret-g-line\/\"]}]},{\"@type\":\"ImageObject\",\"inLanguage\":\"ca\",\"@id\":\"https:\/\/soltec-ep.es\/ca\/producto\/ret-g-line\/#primaryimage\",\"url\":\"https:\/\/soltec-ep.es\/wp-content\/uploads\/2023\/08\/RET_G-1.png\",\"contentUrl\":\"https:\/\/soltec-ep.es\/wp-content\/uploads\/2023\/08\/RET_G-1.png\",\"width\":1920,\"height\":1080},{\"@type\":\"BreadcrumbList\",\"@id\":\"https:\/\/soltec-ep.es\/ca\/producto\/ret-g-line\/#breadcrumb\",\"itemListElement\":[{\"@type\":\"ListItem\",\"position\":1,\"name\":\"Home\",\"item\":\"https:\/\/soltec-ep.es\/\"},{\"@type\":\"ListItem\",\"position\":2,\"name\":\"Tienda\",\"item\":\"https:\/\/soltec-ep.es\/ca\/tienda-2\/\"},{\"@type\":\"ListItem\",\"position\":3,\"name\":\"RET G LINE\"}]},{\"@type\":\"WebSite\",\"@id\":\"https:\/\/soltec-ep.es\/#website\",\"url\":\"https:\/\/soltec-ep.es\/\",\"name\":\"Soltec\",\"description\":\"Audiovisual Solutions\",\"publisher\":{\"@id\":\"https:\/\/soltec-ep.es\/#organization\"},\"potentialAction\":[{\"@type\":\"SearchAction\",\"target\":{\"@type\":\"EntryPoint\",\"urlTemplate\":\"https:\/\/soltec-ep.es\/?s={search_term_string}\"},\"query-input\":\"required name=search_term_string\"}],\"inLanguage\":\"ca\"},{\"@type\":\"Organization\",\"@id\":\"https:\/\/soltec-ep.es\/#organization\",\"name\":\"Soltec\",\"url\":\"https:\/\/soltec-ep.es\/\",\"logo\":{\"@type\":\"ImageObject\",\"inLanguage\":\"ca\",\"@id\":\"https:\/\/soltec-ep.es\/#\/schema\/logo\/image\/\",\"url\":\"https:\/\/soltec-ep.es\/wp-content\/uploads\/2023\/06\/logo-Soltec-negre.png\",\"contentUrl\":\"https:\/\/soltec-ep.es\/wp-content\/uploads\/2023\/06\/logo-Soltec-negre.png\",\"width\":595,\"height\":126,\"caption\":\"Soltec\"},\"image\":{\"@id\":\"https:\/\/soltec-ep.es\/#\/schema\/logo\/image\/\"}}]}<\/script>\n<!-- \/ Yoast SEO plugin. -->","yoast_head_json":{"title":"RET G LINE - Soltec","robots":{"index":"index","follow":"follow","max-snippet":"max-snippet:-1","max-image-preview":"max-image-preview:large","max-video-preview":"max-video-preview:-1"},"canonical":"https:\/\/soltec-ep.es\/ca\/producto\/ret-g-line\/","og_locale":"ca_ES","og_type":"article","og_title":"RET G LINE - Soltec","og_description":"El Monitor Retr\u00e0ctil Motoritzat de la l\u00ednia RET-G de SOLTEC compta amb una estructura de monitor d&#8217;alumini anoditzat d&#8217;alta gamma amb cantonades arrodonides . Sistema patentat dobertura autom\u00e0tica de la placa de coberta que evita el contacte entre lestructura del monitor i lobertura. Les vores arrodonides tamb\u00e9 contribueixen a l&#8217;est\u00e8tica general del monitor, donant-li un&hellip;","og_url":"https:\/\/soltec-ep.es\/ca\/producto\/ret-g-line\/","og_site_name":"Soltec","article_modified_time":"2024-04-23T10:31:29+00:00","og_image":[{"width":1024,"height":576,"url":"https:\/\/soltec-ep.es\/wp-content\/uploads\/2023\/08\/RET_G-1-1024x576.png","type":"image\/png"}],"twitter_card":"summary_large_image","twitter_misc":{"Temps estimat de lectura":"1 minut"},"schema":{"@context":"https:\/\/schema.org","@graph":[{"@type":"WebPage","@id":"https:\/\/soltec-ep.es\/ca\/producto\/ret-g-line\/","url":"https:\/\/soltec-ep.es\/ca\/producto\/ret-g-line\/","name":"RET G LINE - Soltec","isPartOf":{"@id":"https:\/\/soltec-ep.es\/#website"},"primaryImageOfPage":{"@id":"https:\/\/soltec-ep.es\/ca\/producto\/ret-g-line\/#primaryimage"},"image":{"@id":"https:\/\/soltec-ep.es\/ca\/producto\/ret-g-line\/#primaryimage"},"thumbnailUrl":"https:\/\/soltec-ep.es\/wp-content\/uploads\/2023\/08\/RET_G-1.png","datePublished":"2023-08-09T06:40:02+00:00","dateModified":"2024-04-23T10:31:29+00:00","breadcrumb":{"@id":"https:\/\/soltec-ep.es\/ca\/producto\/ret-g-line\/#breadcrumb"},"inLanguage":"ca","potentialAction":[{"@type":"ReadAction","target":["https:\/\/soltec-ep.es\/ca\/producto\/ret-g-line\/"]}]},{"@type":"ImageObject","inLanguage":"ca","@id":"https:\/\/soltec-ep.es\/ca\/producto\/ret-g-line\/#primaryimage","url":"https:\/\/soltec-ep.es\/wp-content\/uploads\/2023\/08\/RET_G-1.png","contentUrl":"https:\/\/soltec-ep.es\/wp-content\/uploads\/2023\/08\/RET_G-1.png","width":1920,"height":1080},{"@type":"BreadcrumbList","@id":"https:\/\/soltec-ep.es\/ca\/producto\/ret-g-line\/#breadcrumb","itemListElement":[{"@type":"ListItem","position":1,"name":"Home","item":"https:\/\/soltec-ep.es\/"},{"@type":"ListItem","position":2,"name":"Tienda","item":"https:\/\/soltec-ep.es\/ca\/tienda-2\/"},{"@type":"ListItem","position":3,"name":"RET G LINE"}]},{"@type":"WebSite","@id":"https:\/\/soltec-ep.es\/#website","url":"https:\/\/soltec-ep.es\/","name":"Soltec","description":"Audiovisual Solutions","publisher":{"@id":"https:\/\/soltec-ep.es\/#organization"},"potentialAction":[{"@type":"SearchAction","target":{"@type":"EntryPoint","urlTemplate":"https:\/\/soltec-ep.es\/?s={search_term_string}"},"query-input":"required name=search_term_string"}],"inLanguage":"ca"},{"@type":"Organization","@id":"https:\/\/soltec-ep.es\/#organization","name":"Soltec","url":"https:\/\/soltec-ep.es\/","logo":{"@type":"ImageObject","inLanguage":"ca","@id":"https:\/\/soltec-ep.es\/#\/schema\/logo\/image\/","url":"https:\/\/soltec-ep.es\/wp-content\/uploads\/2023\/06\/logo-Soltec-negre.png","contentUrl":"https:\/\/soltec-ep.es\/wp-content\/uploads\/2023\/06\/logo-Soltec-negre.png","width":595,"height":126,"caption":"Soltec"},"image":{"@id":"https:\/\/soltec-ep.es\/#\/schema\/logo\/image\/"}}]}},"_links":{"self":[{"href":"https:\/\/soltec-ep.es\/ca\/wp-json\/wp\/v2\/product\/3485","targetHints":{"allow":["GET"]}}],"collection":[{"href":"https:\/\/soltec-ep.es\/ca\/wp-json\/wp\/v2\/product"}],"about":[{"href":"https:\/\/soltec-ep.es\/ca\/wp-json\/wp\/v2\/types\/product"}],"replies":[{"embeddable":true,"href":"https:\/\/soltec-ep.es\/ca\/wp-json\/wp\/v2\/comments?post=3485"}],"wp:featuredmedia":[{"embeddable":true,"href":"https:\/\/soltec-ep.es\/ca\/wp-json\/wp\/v2\/media\/2975"}],"wp:attachment":[{"href":"https:\/\/soltec-ep.es\/ca\/wp-json\/wp\/v2\/media?parent=3485"}],"wp:term":[{"taxonomy":"product_cat","embeddable":true,"href":"https:\/\/soltec-ep.es\/ca\/wp-json\/wp\/v2\/product_cat?post=3485"},{"taxonomy":"product_tag","embeddable":true,"href":"https:\/\/soltec-ep.es\/ca\/wp-json\/wp\/v2\/product_tag?post=3485"}],"curies":[{"name":"wp","href":"https:\/\/api.w.org\/{rel}","templated":true}]}}