{"id":3555,"date":"2023-08-09T06:41:13","date_gmt":"2023-08-09T06:41:13","guid":{"rendered":"https:\/\/soltec-ep.es\/?post_type=product&#038;p=3555"},"modified":"2024-04-23T10:24:04","modified_gmt":"2024-04-23T10:24:04","slug":"mup-f-line","status":"publish","type":"product","link":"https:\/\/soltec-ep.es\/ca\/producto\/mup-f-line\/","title":{"rendered":"MUP F LINE"},"content":{"rendered":"<p>El t\u00f2tem de SOLTEC MUP F-Line \u00e9s un T\u00f2tem Digital Multim\u00e8dia de gamma mitjana que ofereix un disseny sofisticat. La seva estructura, fabricada en acer pintat compta amb laterals estesos, els quals es poden personalitzar amb dos colors RAL diferents, permetent un disseny \u00fanic i cridaner.<\/p>\n<p>La base del t\u00f2tem est\u00e0 dissenyada per ser fixada internament a terra, assegurant una aparen\u00e7a elegant sense cargols visibles. Disponible l\u00b4opci\u00f3 de base ampliada amb rodes o peus de goma.<\/p>\n<p>La versatilitat del SOLTEC MUP F LINE inclou una \u00e0mplia gamma d&#8217;opcions, com ara pantalla t\u00e0ctil i un PC incorporat personalitzable, cosa que garanteix que el t\u00f2tem pugui funcionar com una potent plataforma inform\u00e0tica capa\u00e7 d&#8217;executar diverses aplicacions de programari o tamb\u00e9 integrar un reproductor multim\u00e8dia digital .<\/p>\n","protected":false},"excerpt":{"rendered":"<p>El t\u00f2tem de SOLTEC MUP F-Line \u00e9s un T\u00f2tem Digital Multim\u00e8dia de gamma mitjana que ofereix un disseny sofisticat. La seva estructura, fabricada en acer pintat compta amb laterals estesos, els quals es poden personalitzar amb dos colors RAL diferents, permetent un disseny \u00fanic i cridaner. La base del t\u00f2tem est\u00e0 dissenyada per ser fixada&hellip;<\/p>\n","protected":false},"featured_media":2996,"comment_status":"closed","ping_status":"closed","template":"","meta":[],"product_cat":[70],"product_tag":[],"class_list":{"0":"post-3555","1":"product","2":"type-product","3":"status-publish","4":"has-post-thumbnail","6":"product_cat-mup-series-ca","7":"entry","8":"has-media","10":"first","11":"instock","12":"shipping-taxable","13":"purchasable","14":"product-type-variable"},"yoast_head":"<!-- This site is optimized with the Yoast SEO plugin v23.0 - https:\/\/yoast.com\/wordpress\/plugins\/seo\/ -->\n<title>MUP F LINE - Soltec<\/title>\n<meta name=\"robots\" content=\"index, follow, max-snippet:-1, max-image-preview:large, max-video-preview:-1\" \/>\n<link rel=\"canonical\" href=\"https:\/\/soltec-ep.es\/ca\/producto\/mup-f-line\/\" \/>\n<meta property=\"og:locale\" content=\"ca_ES\" \/>\n<meta property=\"og:type\" content=\"article\" \/>\n<meta property=\"og:title\" content=\"MUP F LINE - Soltec\" \/>\n<meta property=\"og:description\" content=\"El t\u00f2tem de SOLTEC MUP F-Line \u00e9s un T\u00f2tem Digital Multim\u00e8dia de gamma mitjana que ofereix un disseny sofisticat. La seva estructura, fabricada en acer pintat compta amb laterals estesos, els quals es poden personalitzar amb dos colors RAL diferents, permetent un disseny \u00fanic i cridaner. La base del t\u00f2tem est\u00e0 dissenyada per ser fixada&hellip;\" \/>\n<meta property=\"og:url\" content=\"https:\/\/soltec-ep.es\/ca\/producto\/mup-f-line\/\" \/>\n<meta property=\"og:site_name\" content=\"Soltec\" \/>\n<meta property=\"article:modified_time\" content=\"2024-04-23T10:24:04+00:00\" \/>\n<meta property=\"og:image\" content=\"https:\/\/soltec-ep.es\/wp-content\/uploads\/2023\/08\/MUP_F-1.png\" \/>\n\t<meta property=\"og:image:width\" content=\"1920\" \/>\n\t<meta property=\"og:image:height\" content=\"1920\" \/>\n\t<meta property=\"og:image:type\" content=\"image\/png\" \/>\n<meta name=\"twitter:card\" content=\"summary_large_image\" \/>\n<meta name=\"twitter:label1\" content=\"Temps estimat de lectura\" \/>\n\t<meta name=\"twitter:data1\" content=\"1 minut\" \/>\n<script type=\"application\/ld+json\" class=\"yoast-schema-graph\">{\"@context\":\"https:\/\/schema.org\",\"@graph\":[{\"@type\":\"WebPage\",\"@id\":\"https:\/\/soltec-ep.es\/ca\/producto\/mup-f-line\/\",\"url\":\"https:\/\/soltec-ep.es\/ca\/producto\/mup-f-line\/\",\"name\":\"MUP F LINE - Soltec\",\"isPartOf\":{\"@id\":\"https:\/\/soltec-ep.es\/#website\"},\"primaryImageOfPage\":{\"@id\":\"https:\/\/soltec-ep.es\/ca\/producto\/mup-f-line\/#primaryimage\"},\"image\":{\"@id\":\"https:\/\/soltec-ep.es\/ca\/producto\/mup-f-line\/#primaryimage\"},\"thumbnailUrl\":\"https:\/\/soltec-ep.es\/wp-content\/uploads\/2023\/08\/MUP_F-1.png\",\"datePublished\":\"2023-08-09T06:41:13+00:00\",\"dateModified\":\"2024-04-23T10:24:04+00:00\",\"breadcrumb\":{\"@id\":\"https:\/\/soltec-ep.es\/ca\/producto\/mup-f-line\/#breadcrumb\"},\"inLanguage\":\"ca\",\"potentialAction\":[{\"@type\":\"ReadAction\",\"target\":[\"https:\/\/soltec-ep.es\/ca\/producto\/mup-f-line\/\"]}]},{\"@type\":\"ImageObject\",\"inLanguage\":\"ca\",\"@id\":\"https:\/\/soltec-ep.es\/ca\/producto\/mup-f-line\/#primaryimage\",\"url\":\"https:\/\/soltec-ep.es\/wp-content\/uploads\/2023\/08\/MUP_F-1.png\",\"contentUrl\":\"https:\/\/soltec-ep.es\/wp-content\/uploads\/2023\/08\/MUP_F-1.png\",\"width\":1920,\"height\":1920,\"caption\":\"T\u00f2tems interactius - Totem Digital\"},{\"@type\":\"BreadcrumbList\",\"@id\":\"https:\/\/soltec-ep.es\/ca\/producto\/mup-f-line\/#breadcrumb\",\"itemListElement\":[{\"@type\":\"ListItem\",\"position\":1,\"name\":\"Home\",\"item\":\"https:\/\/soltec-ep.es\/ca\/\"},{\"@type\":\"ListItem\",\"position\":2,\"name\":\"Tienda\",\"item\":\"https:\/\/soltec-ep.es\/ca\/tienda-2\/\"},{\"@type\":\"ListItem\",\"position\":3,\"name\":\"MUP F LINE\"}]},{\"@type\":\"WebSite\",\"@id\":\"https:\/\/soltec-ep.es\/#website\",\"url\":\"https:\/\/soltec-ep.es\/\",\"name\":\"Soltec\",\"description\":\"Audiovisual Solutions\",\"publisher\":{\"@id\":\"https:\/\/soltec-ep.es\/#organization\"},\"potentialAction\":[{\"@type\":\"SearchAction\",\"target\":{\"@type\":\"EntryPoint\",\"urlTemplate\":\"https:\/\/soltec-ep.es\/?s={search_term_string}\"},\"query-input\":\"required name=search_term_string\"}],\"inLanguage\":\"ca\"},{\"@type\":\"Organization\",\"@id\":\"https:\/\/soltec-ep.es\/#organization\",\"name\":\"Soltec\",\"url\":\"https:\/\/soltec-ep.es\/\",\"logo\":{\"@type\":\"ImageObject\",\"inLanguage\":\"ca\",\"@id\":\"https:\/\/soltec-ep.es\/#\/schema\/logo\/image\/\",\"url\":\"https:\/\/soltec-ep.es\/wp-content\/uploads\/2023\/06\/logo-Soltec-negre.png\",\"contentUrl\":\"https:\/\/soltec-ep.es\/wp-content\/uploads\/2023\/06\/logo-Soltec-negre.png\",\"width\":595,\"height\":126,\"caption\":\"Soltec\"},\"image\":{\"@id\":\"https:\/\/soltec-ep.es\/#\/schema\/logo\/image\/\"}}]}<\/script>\n<!-- \/ Yoast SEO plugin. -->","yoast_head_json":{"title":"MUP F LINE - Soltec","robots":{"index":"index","follow":"follow","max-snippet":"max-snippet:-1","max-image-preview":"max-image-preview:large","max-video-preview":"max-video-preview:-1"},"canonical":"https:\/\/soltec-ep.es\/ca\/producto\/mup-f-line\/","og_locale":"ca_ES","og_type":"article","og_title":"MUP F LINE - Soltec","og_description":"El t\u00f2tem de SOLTEC MUP F-Line \u00e9s un T\u00f2tem Digital Multim\u00e8dia de gamma mitjana que ofereix un disseny sofisticat. La seva estructura, fabricada en acer pintat compta amb laterals estesos, els quals es poden personalitzar amb dos colors RAL diferents, permetent un disseny \u00fanic i cridaner. La base del t\u00f2tem est\u00e0 dissenyada per ser fixada&hellip;","og_url":"https:\/\/soltec-ep.es\/ca\/producto\/mup-f-line\/","og_site_name":"Soltec","article_modified_time":"2024-04-23T10:24:04+00:00","og_image":[{"width":1920,"height":1920,"url":"https:\/\/soltec-ep.es\/wp-content\/uploads\/2023\/08\/MUP_F-1.png","type":"image\/png"}],"twitter_card":"summary_large_image","twitter_misc":{"Temps estimat de lectura":"1 minut"},"schema":{"@context":"https:\/\/schema.org","@graph":[{"@type":"WebPage","@id":"https:\/\/soltec-ep.es\/ca\/producto\/mup-f-line\/","url":"https:\/\/soltec-ep.es\/ca\/producto\/mup-f-line\/","name":"MUP F LINE - Soltec","isPartOf":{"@id":"https:\/\/soltec-ep.es\/#website"},"primaryImageOfPage":{"@id":"https:\/\/soltec-ep.es\/ca\/producto\/mup-f-line\/#primaryimage"},"image":{"@id":"https:\/\/soltec-ep.es\/ca\/producto\/mup-f-line\/#primaryimage"},"thumbnailUrl":"https:\/\/soltec-ep.es\/wp-content\/uploads\/2023\/08\/MUP_F-1.png","datePublished":"2023-08-09T06:41:13+00:00","dateModified":"2024-04-23T10:24:04+00:00","breadcrumb":{"@id":"https:\/\/soltec-ep.es\/ca\/producto\/mup-f-line\/#breadcrumb"},"inLanguage":"ca","potentialAction":[{"@type":"ReadAction","target":["https:\/\/soltec-ep.es\/ca\/producto\/mup-f-line\/"]}]},{"@type":"ImageObject","inLanguage":"ca","@id":"https:\/\/soltec-ep.es\/ca\/producto\/mup-f-line\/#primaryimage","url":"https:\/\/soltec-ep.es\/wp-content\/uploads\/2023\/08\/MUP_F-1.png","contentUrl":"https:\/\/soltec-ep.es\/wp-content\/uploads\/2023\/08\/MUP_F-1.png","width":1920,"height":1920,"caption":"T\u00f2tems interactius - Totem Digital"},{"@type":"BreadcrumbList","@id":"https:\/\/soltec-ep.es\/ca\/producto\/mup-f-line\/#breadcrumb","itemListElement":[{"@type":"ListItem","position":1,"name":"Home","item":"https:\/\/soltec-ep.es\/ca\/"},{"@type":"ListItem","position":2,"name":"Tienda","item":"https:\/\/soltec-ep.es\/ca\/tienda-2\/"},{"@type":"ListItem","position":3,"name":"MUP F LINE"}]},{"@type":"WebSite","@id":"https:\/\/soltec-ep.es\/#website","url":"https:\/\/soltec-ep.es\/","name":"Soltec","description":"Audiovisual Solutions","publisher":{"@id":"https:\/\/soltec-ep.es\/#organization"},"potentialAction":[{"@type":"SearchAction","target":{"@type":"EntryPoint","urlTemplate":"https:\/\/soltec-ep.es\/?s={search_term_string}"},"query-input":"required name=search_term_string"}],"inLanguage":"ca"},{"@type":"Organization","@id":"https:\/\/soltec-ep.es\/#organization","name":"Soltec","url":"https:\/\/soltec-ep.es\/","logo":{"@type":"ImageObject","inLanguage":"ca","@id":"https:\/\/soltec-ep.es\/#\/schema\/logo\/image\/","url":"https:\/\/soltec-ep.es\/wp-content\/uploads\/2023\/06\/logo-Soltec-negre.png","contentUrl":"https:\/\/soltec-ep.es\/wp-content\/uploads\/2023\/06\/logo-Soltec-negre.png","width":595,"height":126,"caption":"Soltec"},"image":{"@id":"https:\/\/soltec-ep.es\/#\/schema\/logo\/image\/"}}]}},"_links":{"self":[{"href":"https:\/\/soltec-ep.es\/ca\/wp-json\/wp\/v2\/product\/3555","targetHints":{"allow":["GET"]}}],"collection":[{"href":"https:\/\/soltec-ep.es\/ca\/wp-json\/wp\/v2\/product"}],"about":[{"href":"https:\/\/soltec-ep.es\/ca\/wp-json\/wp\/v2\/types\/product"}],"replies":[{"embeddable":true,"href":"https:\/\/soltec-ep.es\/ca\/wp-json\/wp\/v2\/comments?post=3555"}],"wp:featuredmedia":[{"embeddable":true,"href":"https:\/\/soltec-ep.es\/ca\/wp-json\/wp\/v2\/media\/2996"}],"wp:attachment":[{"href":"https:\/\/soltec-ep.es\/ca\/wp-json\/wp\/v2\/media?parent=3555"}],"wp:term":[{"taxonomy":"product_cat","embeddable":true,"href":"https:\/\/soltec-ep.es\/ca\/wp-json\/wp\/v2\/product_cat?post=3555"},{"taxonomy":"product_tag","embeddable":true,"href":"https:\/\/soltec-ep.es\/ca\/wp-json\/wp\/v2\/product_tag?post=3555"}],"curies":[{"name":"wp","href":"https:\/\/api.w.org\/{rel}","templated":true}]}}