{"id":6192,"date":"2023-08-09T06:40:26","date_gmt":"2023-08-09T06:40:26","guid":{"rendered":"https:\/\/soltec-ep.es\/producto\/des-h-line\/"},"modified":"2026-03-20T09:01:27","modified_gmt":"2026-03-20T09:01:27","slug":"des-h-line","status":"publish","type":"product","link":"https:\/\/soltec-ep.es\/ca\/producto\/des-h-line\/","title":{"rendered":"DES H LINE"},"content":{"rendered":"<p>Monitor d&#8217;Escriptori Abatible Manual DES-H LINE de SOLTEC per a sales de juntes i taules de reunions.<br \/>\nEl monitor est\u00e0 fabricat amb una estructura d&#8217;alumini anoditzat, amb vidre protector amb serigrafia de vora negra oferint la protecci\u00f3 per a la pantalla del monitor, alhora que afegeix un toc d&#8217;eleg\u00e0ncia al disseny.<br \/>\nEl monitor DES-H LINE est\u00e0 dissenyat per ser col\u00b7locat sobre la taula de la sala de juntes sense cap mecanitzaci\u00f3 de la taula. El monitor manual compta amb una inclinaci\u00f3 ajustable, cosa que permet obtenir un angle de visualitzaci\u00f3 \u00f2ptim durant reunions i presentacions.<br \/>\nQuan el monitor est\u00e0 tancat, est\u00e0 enfocant el sostre.<\/p>\n","protected":false},"excerpt":{"rendered":"<p>Monitor d&#8217;Escriptori Abatible Manual DES-H LINE de SOLTEC per a sales de juntes i taules de reunions. El monitor est\u00e0 fabricat amb una estructura d&#8217;alumini anoditzat, amb vidre protector amb serigrafia de vora negra oferint la protecci\u00f3 per a la pantalla del monitor, alhora que afegeix un toc d&#8217;eleg\u00e0ncia al disseny. El monitor DES-H LINE&hellip;<\/p>\n","protected":false},"featured_media":2988,"comment_status":"closed","ping_status":"closed","template":"","meta":[],"product_cat":[74],"product_tag":[],"class_list":{"0":"post-6192","1":"product","2":"type-product","3":"status-publish","4":"has-post-thumbnail","6":"product_cat-des-series-ca","7":"entry","8":"has-media","10":"first","11":"instock","12":"shipping-taxable","13":"purchasable","14":"product-type-variable"},"yoast_head":"<!-- This site is optimized with the Yoast SEO plugin v23.0 - https:\/\/yoast.com\/wordpress\/plugins\/seo\/ -->\n<title>DES H LINE - Soltec<\/title>\n<meta name=\"robots\" content=\"index, follow, max-snippet:-1, max-image-preview:large, max-video-preview:-1\" \/>\n<link rel=\"canonical\" href=\"https:\/\/soltec-ep.es\/ca\/producto\/des-h-line\/\" \/>\n<meta property=\"og:locale\" content=\"ca_ES\" \/>\n<meta property=\"og:type\" content=\"article\" \/>\n<meta property=\"og:title\" content=\"DES H LINE - Soltec\" \/>\n<meta property=\"og:description\" content=\"Monitor d&#8217;Escriptori Abatible Manual DES-H LINE de SOLTEC per a sales de juntes i taules de reunions. El monitor est\u00e0 fabricat amb una estructura d&#8217;alumini anoditzat, amb vidre protector amb serigrafia de vora negra oferint la protecci\u00f3 per a la pantalla del monitor, alhora que afegeix un toc d&#8217;eleg\u00e0ncia al disseny. El monitor DES-H LINE&hellip;\" \/>\n<meta property=\"og:url\" content=\"https:\/\/soltec-ep.es\/ca\/producto\/des-h-line\/\" \/>\n<meta property=\"og:site_name\" content=\"Soltec\" \/>\n<meta property=\"article:modified_time\" content=\"2026-03-20T09:01:27+00:00\" \/>\n<meta property=\"og:image\" content=\"https:\/\/soltec-ep.es\/wp-content\/uploads\/2023\/08\/DES_H-1-1024x576.png\" \/>\n\t<meta property=\"og:image:width\" content=\"1024\" \/>\n\t<meta property=\"og:image:height\" content=\"576\" \/>\n\t<meta property=\"og:image:type\" content=\"image\/png\" \/>\n<meta name=\"twitter:card\" content=\"summary_large_image\" \/>\n<meta name=\"twitter:label1\" content=\"Temps estimat de lectura\" \/>\n\t<meta name=\"twitter:data1\" content=\"1 minut\" \/>\n<script type=\"application\/ld+json\" class=\"yoast-schema-graph\">{\"@context\":\"https:\/\/schema.org\",\"@graph\":[{\"@type\":\"WebPage\",\"@id\":\"https:\/\/soltec-ep.es\/ca\/producto\/des-h-line\/\",\"url\":\"https:\/\/soltec-ep.es\/ca\/producto\/des-h-line\/\",\"name\":\"DES H LINE - Soltec\",\"isPartOf\":{\"@id\":\"https:\/\/soltec-ep.es\/#website\"},\"primaryImageOfPage\":{\"@id\":\"https:\/\/soltec-ep.es\/ca\/producto\/des-h-line\/#primaryimage\"},\"image\":{\"@id\":\"https:\/\/soltec-ep.es\/ca\/producto\/des-h-line\/#primaryimage\"},\"thumbnailUrl\":\"https:\/\/soltec-ep.es\/wp-content\/uploads\/2023\/08\/DES_H-1.png\",\"datePublished\":\"2023-08-09T06:40:26+00:00\",\"dateModified\":\"2026-03-20T09:01:27+00:00\",\"breadcrumb\":{\"@id\":\"https:\/\/soltec-ep.es\/ca\/producto\/des-h-line\/#breadcrumb\"},\"inLanguage\":\"ca\",\"potentialAction\":[{\"@type\":\"ReadAction\",\"target\":[\"https:\/\/soltec-ep.es\/ca\/producto\/des-h-line\/\"]}]},{\"@type\":\"ImageObject\",\"inLanguage\":\"ca\",\"@id\":\"https:\/\/soltec-ep.es\/ca\/producto\/des-h-line\/#primaryimage\",\"url\":\"https:\/\/soltec-ep.es\/wp-content\/uploads\/2023\/08\/DES_H-1.png\",\"contentUrl\":\"https:\/\/soltec-ep.es\/wp-content\/uploads\/2023\/08\/DES_H-1.png\",\"width\":1920,\"height\":1080},{\"@type\":\"BreadcrumbList\",\"@id\":\"https:\/\/soltec-ep.es\/ca\/producto\/des-h-line\/#breadcrumb\",\"itemListElement\":[{\"@type\":\"ListItem\",\"position\":1,\"name\":\"Home\",\"item\":\"https:\/\/soltec-ep.es\/\"},{\"@type\":\"ListItem\",\"position\":2,\"name\":\"Tienda\",\"item\":\"https:\/\/soltec-ep.es\/ca\/tienda-2\/\"},{\"@type\":\"ListItem\",\"position\":3,\"name\":\"DES H LINE\"}]},{\"@type\":\"WebSite\",\"@id\":\"https:\/\/soltec-ep.es\/#website\",\"url\":\"https:\/\/soltec-ep.es\/\",\"name\":\"Soltec\",\"description\":\"Audiovisual Solutions\",\"publisher\":{\"@id\":\"https:\/\/soltec-ep.es\/#organization\"},\"potentialAction\":[{\"@type\":\"SearchAction\",\"target\":{\"@type\":\"EntryPoint\",\"urlTemplate\":\"https:\/\/soltec-ep.es\/?s={search_term_string}\"},\"query-input\":\"required name=search_term_string\"}],\"inLanguage\":\"ca\"},{\"@type\":\"Organization\",\"@id\":\"https:\/\/soltec-ep.es\/#organization\",\"name\":\"Soltec\",\"url\":\"https:\/\/soltec-ep.es\/\",\"logo\":{\"@type\":\"ImageObject\",\"inLanguage\":\"ca\",\"@id\":\"https:\/\/soltec-ep.es\/#\/schema\/logo\/image\/\",\"url\":\"https:\/\/soltec-ep.es\/wp-content\/uploads\/2023\/06\/logo-Soltec-negre.png\",\"contentUrl\":\"https:\/\/soltec-ep.es\/wp-content\/uploads\/2023\/06\/logo-Soltec-negre.png\",\"width\":595,\"height\":126,\"caption\":\"Soltec\"},\"image\":{\"@id\":\"https:\/\/soltec-ep.es\/#\/schema\/logo\/image\/\"}}]}<\/script>\n<!-- \/ Yoast SEO plugin. -->","yoast_head_json":{"title":"DES H LINE - Soltec","robots":{"index":"index","follow":"follow","max-snippet":"max-snippet:-1","max-image-preview":"max-image-preview:large","max-video-preview":"max-video-preview:-1"},"canonical":"https:\/\/soltec-ep.es\/ca\/producto\/des-h-line\/","og_locale":"ca_ES","og_type":"article","og_title":"DES H LINE - Soltec","og_description":"Monitor d&#8217;Escriptori Abatible Manual DES-H LINE de SOLTEC per a sales de juntes i taules de reunions. El monitor est\u00e0 fabricat amb una estructura d&#8217;alumini anoditzat, amb vidre protector amb serigrafia de vora negra oferint la protecci\u00f3 per a la pantalla del monitor, alhora que afegeix un toc d&#8217;eleg\u00e0ncia al disseny. El monitor DES-H LINE&hellip;","og_url":"https:\/\/soltec-ep.es\/ca\/producto\/des-h-line\/","og_site_name":"Soltec","article_modified_time":"2026-03-20T09:01:27+00:00","og_image":[{"width":1024,"height":576,"url":"https:\/\/soltec-ep.es\/wp-content\/uploads\/2023\/08\/DES_H-1-1024x576.png","type":"image\/png"}],"twitter_card":"summary_large_image","twitter_misc":{"Temps estimat de lectura":"1 minut"},"schema":{"@context":"https:\/\/schema.org","@graph":[{"@type":"WebPage","@id":"https:\/\/soltec-ep.es\/ca\/producto\/des-h-line\/","url":"https:\/\/soltec-ep.es\/ca\/producto\/des-h-line\/","name":"DES H LINE - Soltec","isPartOf":{"@id":"https:\/\/soltec-ep.es\/#website"},"primaryImageOfPage":{"@id":"https:\/\/soltec-ep.es\/ca\/producto\/des-h-line\/#primaryimage"},"image":{"@id":"https:\/\/soltec-ep.es\/ca\/producto\/des-h-line\/#primaryimage"},"thumbnailUrl":"https:\/\/soltec-ep.es\/wp-content\/uploads\/2023\/08\/DES_H-1.png","datePublished":"2023-08-09T06:40:26+00:00","dateModified":"2026-03-20T09:01:27+00:00","breadcrumb":{"@id":"https:\/\/soltec-ep.es\/ca\/producto\/des-h-line\/#breadcrumb"},"inLanguage":"ca","potentialAction":[{"@type":"ReadAction","target":["https:\/\/soltec-ep.es\/ca\/producto\/des-h-line\/"]}]},{"@type":"ImageObject","inLanguage":"ca","@id":"https:\/\/soltec-ep.es\/ca\/producto\/des-h-line\/#primaryimage","url":"https:\/\/soltec-ep.es\/wp-content\/uploads\/2023\/08\/DES_H-1.png","contentUrl":"https:\/\/soltec-ep.es\/wp-content\/uploads\/2023\/08\/DES_H-1.png","width":1920,"height":1080},{"@type":"BreadcrumbList","@id":"https:\/\/soltec-ep.es\/ca\/producto\/des-h-line\/#breadcrumb","itemListElement":[{"@type":"ListItem","position":1,"name":"Home","item":"https:\/\/soltec-ep.es\/"},{"@type":"ListItem","position":2,"name":"Tienda","item":"https:\/\/soltec-ep.es\/ca\/tienda-2\/"},{"@type":"ListItem","position":3,"name":"DES H LINE"}]},{"@type":"WebSite","@id":"https:\/\/soltec-ep.es\/#website","url":"https:\/\/soltec-ep.es\/","name":"Soltec","description":"Audiovisual Solutions","publisher":{"@id":"https:\/\/soltec-ep.es\/#organization"},"potentialAction":[{"@type":"SearchAction","target":{"@type":"EntryPoint","urlTemplate":"https:\/\/soltec-ep.es\/?s={search_term_string}"},"query-input":"required name=search_term_string"}],"inLanguage":"ca"},{"@type":"Organization","@id":"https:\/\/soltec-ep.es\/#organization","name":"Soltec","url":"https:\/\/soltec-ep.es\/","logo":{"@type":"ImageObject","inLanguage":"ca","@id":"https:\/\/soltec-ep.es\/#\/schema\/logo\/image\/","url":"https:\/\/soltec-ep.es\/wp-content\/uploads\/2023\/06\/logo-Soltec-negre.png","contentUrl":"https:\/\/soltec-ep.es\/wp-content\/uploads\/2023\/06\/logo-Soltec-negre.png","width":595,"height":126,"caption":"Soltec"},"image":{"@id":"https:\/\/soltec-ep.es\/#\/schema\/logo\/image\/"}}]}},"_links":{"self":[{"href":"https:\/\/soltec-ep.es\/ca\/wp-json\/wp\/v2\/product\/6192","targetHints":{"allow":["GET"]}}],"collection":[{"href":"https:\/\/soltec-ep.es\/ca\/wp-json\/wp\/v2\/product"}],"about":[{"href":"https:\/\/soltec-ep.es\/ca\/wp-json\/wp\/v2\/types\/product"}],"replies":[{"embeddable":true,"href":"https:\/\/soltec-ep.es\/ca\/wp-json\/wp\/v2\/comments?post=6192"}],"wp:featuredmedia":[{"embeddable":true,"href":"https:\/\/soltec-ep.es\/ca\/wp-json\/wp\/v2\/media\/2988"}],"wp:attachment":[{"href":"https:\/\/soltec-ep.es\/ca\/wp-json\/wp\/v2\/media?parent=6192"}],"wp:term":[{"taxonomy":"product_cat","embeddable":true,"href":"https:\/\/soltec-ep.es\/ca\/wp-json\/wp\/v2\/product_cat?post=6192"},{"taxonomy":"product_tag","embeddable":true,"href":"https:\/\/soltec-ep.es\/ca\/wp-json\/wp\/v2\/product_tag?post=6192"}],"curies":[{"name":"wp","href":"https:\/\/api.w.org\/{rel}","templated":true}]}}