{"id":3113,"date":"2023-07-06T11:06:57","date_gmt":"2023-07-06T11:06:57","guid":{"rendered":"https:\/\/soltec-ep.es\/ret-monitor-series\/"},"modified":"2025-03-03T12:16:44","modified_gmt":"2025-03-03T12:16:44","slug":"ret-monitor-series","status":"publish","type":"page","link":"https:\/\/soltec-ep.es\/en\/ret-monitor-series\/","title":{"rendered":"Ret Monitor series"},"content":{"rendered":"<div class=\"wpb-content-wrapper\">[vc_row full_width=&#8221;stretch_row_content_no_spaces&#8221; content_placement=&#8221;middle&#8221; full_height=&#8221;yes&#8221; typography_style=&#8221;white&#8221; css=&#8221;.vc_custom_1694512655379{padding-top: 6% !important;padding-bottom: 6% !important;background-image: url(https:\/\/soltec-ep.es\/wp-content\/uploads\/2023\/06\/bg-soltec-productos-web.jpg?id=173) !important;background-position: center !important;background-repeat: no-repeat !important;background-size: cover !important;}&#8221; wpex_bg_position=&#8221;center center&#8221;][vc_column]<div class=\"vcex-spacing wpex-w-100 wpex-clear\" style=\"height:60px;\"><\/div>[vc_column_text]\n<h1 style=\"text-align: center;\"><span data-sheets-value=\"{&quot;1&quot;:2,&quot;2&quot;:&quot;RET SERIES&quot;}\" data-sheets-userformat=\"{&quot;2&quot;:14337,&quot;3&quot;:{&quot;1&quot;:0,&quot;3&quot;:1},&quot;14&quot;:{&quot;1&quot;:3,&quot;3&quot;:1},&quot;15&quot;:&quot;Arial&quot;,&quot;16&quot;:10}\">RET MONITOR SERIES<\/span><\/h1>\n[\/vc_column_text]<div class=\"vcex-spacing wpex-w-100 wpex-clear\" style=\"height:60px;\"><\/div>[vc_column_text]\n<p style=\"text-align: center;\">See all<\/p>\n[\/vc_column_text]<div class=\"vcex-icon vcex-module vcex-icon-small wpex-text-center\"><div class=\"vcex-icon-wrap wpex-inline-flex wpex-items-center wpex-justify-center wpex-leading-none\"><span aria-hidden=\"true\" class=\"fas fa-arrow-down\"><\/span><\/div><\/div>[\/vc_column][\/vc_row][vc_row][vc_column]<div class=\"vcex-spacing wpex-w-100 wpex-clear\" style=\"height:30px;\"><\/div>[\/vc_column][\/vc_row][vc_row][vc_column][vc_column_text]\n<h2 style=\"font-size: 15px;\"><b>RET MONITOR SERIES<\/b><\/h2>\n<p><span style=\"font-weight: 400;\">SOLTEC&#8217;s Motorized Retractable Monitors are innovative and highly functional devices designed for use in boardrooms and meeting rooms. These monitors are integrated into tables, providing a sleek and unobtrusive appearance when not in use. With a 20\u00b0 tilt adjustment, users can set the monitor angle according to their personal preferences, ensuring maximum comfort and ease of use.<\/span><\/p>\n[\/vc_column_text]<div class=\"vcex-spacing wpex-w-100 wpex-clear\" style=\"height:30px;\"><\/div>[\/vc_column][\/vc_row][vc_row][vc_column width=&#8221;1\/2&#8243;]<div class=\"vcex-spacing wpex-w-100 wpex-clear\" style=\"height:30px;\"><\/div>[vc_column_text]\n<h2 style=\"font-size: 15px;\"><strong>RET G LINE<\/strong><\/h2>\n<p style=\"text-align: justify;\">The SOLTEC RET-G Line Motorized Retractable Monitor has a <strong>high-end anodized aluminum structure<\/strong> with rounded corners. Protective glass front with black screen-printed border. Automatic opening system of the upper platen avoiding contact between the monitor structure and the platen. This material ensures that the monitor can withstand <strong>the wear and tear of frequent use<\/strong> and still maintain its attractive appearance for years to come.<\/p>\n[\/vc_column_text]<div class=\"vcex-spacing wpex-w-100 wpex-clear\" style=\"height:30px;\"><\/div><a href=\"\/en\/product\/ret-g-line\/\" class=\"vcex-button theme-button align-left inline\"><span class=\"vcex-button-inner theme-button-inner wpex-flex wpex-flex-wrap wpex-items-center wpex-justify-center\">SEE MODEL<\/span><\/a> [\/vc_column][vc_column width=&#8221;1\/2&#8243;][vc_single_image image=&#8221;278&#8243;][\/vc_column][\/vc_row][vc_row][vc_column width=&#8221;1\/2&#8243;]<div class=\"vcex-spacing wpex-w-100 wpex-clear\" style=\"height:30px;\"><\/div>[vc_column_text]\n<h2 style=\"font-size: 15px;\"><strong>RET H LINE<\/strong><\/h2>\n<p style=\"text-align: justify;\">The SOLTEC RET-H Line Motorized Retractable Monitor has a <strong>high-end anodized aluminum structure<\/strong> with beveled corners. Protective glass with black screen-printed border. Automatic opening system of the upper platen avoiding contact between the monitor structure and the platen. This material <strong>ensures that the monitor can withstand the wear and tear of frequent use<\/strong> and still maintain its attractive appearance for years to come.<\/p>\n[\/vc_column_text]<div class=\"vcex-spacing wpex-w-100 wpex-clear\" style=\"height:30px;\"><\/div><a href=\"\/en\/product\/ret-h-line\/\" class=\"vcex-button theme-button align-left inline\"><span class=\"vcex-button-inner theme-button-inner wpex-flex wpex-flex-wrap wpex-items-center wpex-justify-center\">SEE MODEL<\/span><\/a> [\/vc_column][vc_column width=&#8221;1\/2&#8243;][vc_single_image image=&#8221;279&#8243;][\/vc_column][\/vc_row][vc_row][vc_column width=&#8221;1\/2&#8243;]<div class=\"vcex-spacing wpex-w-100 wpex-clear\" style=\"height:30px;\"><\/div>[vc_column_text]\n<h2 style=\"font-size: 15px;\"><strong>RET F LINE<\/strong><\/h2>\n<p style=\"text-align: justify;\">SOLTEC&#8217;s RET-F Line Motorized Retractable Monitor is made of high-end <strong>anodized aluminum<\/strong> with beveled corners that is not only sleek and modern, but also incredibly durable. This material is <strong>characterized by its strength and ability to resist corrosion<\/strong>, making it ideal for use in commercial and corporate environments.<\/p>\n[\/vc_column_text]<div class=\"vcex-spacing wpex-w-100 wpex-clear\" style=\"height:30px;\"><\/div><a href=\"\/en\/product\/ret-f-line\/\" class=\"vcex-button theme-button align-left inline\"><span class=\"vcex-button-inner theme-button-inner wpex-flex wpex-flex-wrap wpex-items-center wpex-justify-center\">SEE MODEL<\/span><\/a> [\/vc_column][vc_column width=&#8221;1\/2&#8243;][vc_single_image image=&#8221;277&#8243;][\/vc_column][\/vc_row][vc_row][vc_column width=&#8221;1\/2&#8243;]<div class=\"vcex-spacing wpex-w-100 wpex-clear\" style=\"height:30px;\"><\/div>[vc_column_text]\n<h2 style=\"font-size: 15px;\"><strong>RET L LINE<\/strong><\/h2>\n<p style=\"text-align: justify;\"><span data-sheets-value=\"{&quot;1&quot;:2,&quot;2&quot;:&quot;El Monitor Retr\u00e1ctil Motorizado de la l\u00ednea RET-L de SOLTEC est\u00e1 fabricado con una estructura de monitor de acero pintado. Este material duradero garantiza que el monitor sea resistente y resistente al desgaste, lo que lo convierte en una opci\u00f3n confiable para uso regular. Adem\u00e1s, la estructura del monitor est\u00e1 dise\u00f1ada con esquinas cuadradas, lo que le confiere un aspecto moderno y aerodin\u00e1mico que complementa cualquier est\u00e9tica de sala de juntas o sala de reuniones.\\nEl \u00e1ngulo de inclinaci\u00f3n del monitor se puede ajustar hasta 20\u00ba seg\u00fan la preferencia del usuario. Sistema patentado de apertura autom\u00e1tica de la placa de cubierta que evita el contacto entre la estructura del monitor y la apertura. Puede ser controlado de forma remota a trav\u00e9s del puerto serial RS-485 o RS-232. Se dispone de una amplia gama de opciones.&quot;}\" data-sheets-userformat=\"{&quot;2&quot;:14337,&quot;3&quot;:{&quot;1&quot;:0,&quot;3&quot;:1},&quot;14&quot;:{&quot;1&quot;:2,&quot;2&quot;:0},&quot;15&quot;:&quot;Arial&quot;,&quot;16&quot;:10}\">SOLTEC&#8217;s RET-L Line Motorized Retractable Monitor is <strong>manufactured with a painted steel monitor frame<\/strong>. The monitor structure is designed with square corners, giving it a <strong>modern and streamlined<\/strong> look that complements any boardroom or meeting room aesthetic.<br \/>\n<\/span><\/p>\n[\/vc_column_text]<div class=\"vcex-spacing wpex-w-100 wpex-clear\" style=\"height:30px;\"><\/div><a href=\"\/en\/product\/ret-l-line\/\" class=\"vcex-button theme-button align-left inline\"><span class=\"vcex-button-inner theme-button-inner wpex-flex wpex-flex-wrap wpex-items-center wpex-justify-center\">SEE MODEL<\/span><\/a> [\/vc_column][vc_column width=&#8221;1\/2&#8243;][vc_single_image image=&#8221;280&#8243;][\/vc_column][\/vc_row]\n<\/div>","protected":false},"excerpt":{"rendered":"<p>[vc_row full_width=&#8221;stretch_row_content_no_spaces&#8221; content_placement=&#8221;middle&#8221; full_height=&#8221;yes&#8221; typography_style=&#8221;white&#8221; css=&#8221;.vc_custom_1694512655379{padding-top: 6% !important;padding-bottom: 6% !important;background-image: url(https:\/\/soltec-ep.es\/wp-content\/uploads\/2023\/06\/bg-soltec-productos-web.jpg?id=173) !important;background-position: center !important;background-repeat: no-repeat !important;background-size: cover !important;}&#8221; wpex_bg_position=&#8221;center center&#8221;][vc_column][vc_column_text] RET MONITOR SERIES [\/vc_column_text][vc_column_text] See all [\/vc_column_text][\/vc_column][\/vc_row][vc_row][vc_column][\/vc_column][\/vc_row][vc_row][vc_column][vc_column_text] RET MONITOR SERIES SOLTEC&#8217;s Motorized Retractable Monitors are innovative and highly functional devices designed for use in boardrooms and meeting rooms. These monitors are integrated into tables, providing&hellip;<\/p>\n","protected":false},"author":1,"featured_media":2460,"parent":0,"menu_order":0,"comment_status":"closed","ping_status":"closed","template":"","meta":{"footnotes":""},"class_list":["post-3113","page","type-page","status-publish","has-post-thumbnail","hentry","entry","has-media"],"yoast_head":"<!-- This site is optimized with the Yoast SEO plugin v23.0 - https:\/\/yoast.com\/wordpress\/plugins\/seo\/ -->\n<title>Ret Monitor series - Soltec<\/title>\n<meta name=\"description\" content=\"Discover the Ret Monitor Series at Soltec. The latest innovation in high quality and performance monitors, visit us now and learn more!\" \/>\n<meta name=\"robots\" content=\"index, follow, max-snippet:-1, max-image-preview:large, max-video-preview:-1\" \/>\n<link rel=\"canonical\" href=\"https:\/\/soltec-ep.es\/en\/ret-monitor-series\/\" \/>\n<meta property=\"og:locale\" content=\"en_US\" \/>\n<meta property=\"og:type\" content=\"article\" \/>\n<meta property=\"og:title\" content=\"Ret Monitor series - Soltec\" \/>\n<meta property=\"og:description\" content=\"Discover the Ret Monitor Series at Soltec. The latest innovation in high quality and performance monitors, visit us now and learn more!\" \/>\n<meta property=\"og:url\" content=\"https:\/\/soltec-ep.es\/en\/ret-monitor-series\/\" \/>\n<meta property=\"og:site_name\" content=\"Soltec\" \/>\n<meta property=\"article:modified_time\" content=\"2025-03-03T12:16:44+00:00\" \/>\n<meta property=\"og:image\" content=\"https:\/\/soltec-ep.es\/wp-content\/uploads\/2023\/06\/RET_S.png\" \/>\n\t<meta property=\"og:image:width\" content=\"1920\" \/>\n\t<meta property=\"og:image:height\" content=\"1080\" \/>\n\t<meta property=\"og:image:type\" content=\"image\/png\" \/>\n<meta name=\"twitter:card\" content=\"summary_large_image\" \/>\n<meta name=\"twitter:label1\" content=\"Est. reading time\" \/>\n\t<meta name=\"twitter:data1\" content=\"3 minutes\" \/>\n<script type=\"application\/ld+json\" class=\"yoast-schema-graph\">{\"@context\":\"https:\/\/schema.org\",\"@graph\":[{\"@type\":\"WebPage\",\"@id\":\"https:\/\/soltec-ep.es\/en\/ret-monitor-series\/\",\"url\":\"https:\/\/soltec-ep.es\/en\/ret-monitor-series\/\",\"name\":\"Ret Monitor series - Soltec\",\"isPartOf\":{\"@id\":\"https:\/\/soltec-ep.es\/#website\"},\"primaryImageOfPage\":{\"@id\":\"https:\/\/soltec-ep.es\/en\/ret-monitor-series\/#primaryimage\"},\"image\":{\"@id\":\"https:\/\/soltec-ep.es\/en\/ret-monitor-series\/#primaryimage\"},\"thumbnailUrl\":\"https:\/\/soltec-ep.es\/wp-content\/uploads\/2023\/06\/RET_S.png\",\"datePublished\":\"2023-07-06T11:06:57+00:00\",\"dateModified\":\"2025-03-03T12:16:44+00:00\",\"description\":\"Discover the Ret Monitor Series at Soltec. The latest innovation in high quality and performance monitors, visit us now and learn more!\",\"breadcrumb\":{\"@id\":\"https:\/\/soltec-ep.es\/en\/ret-monitor-series\/#breadcrumb\"},\"inLanguage\":\"en-US\",\"potentialAction\":[{\"@type\":\"ReadAction\",\"target\":[\"https:\/\/soltec-ep.es\/en\/ret-monitor-series\/\"]}]},{\"@type\":\"ImageObject\",\"inLanguage\":\"en-US\",\"@id\":\"https:\/\/soltec-ep.es\/en\/ret-monitor-series\/#primaryimage\",\"url\":\"https:\/\/soltec-ep.es\/wp-content\/uploads\/2023\/06\/RET_S.png\",\"contentUrl\":\"https:\/\/soltec-ep.es\/wp-content\/uploads\/2023\/06\/RET_S.png\",\"width\":1920,\"height\":1080},{\"@type\":\"BreadcrumbList\",\"@id\":\"https:\/\/soltec-ep.es\/en\/ret-monitor-series\/#breadcrumb\",\"itemListElement\":[{\"@type\":\"ListItem\",\"position\":1,\"name\":\"Home\",\"item\":\"https:\/\/soltec-ep.es\/en\/\"},{\"@type\":\"ListItem\",\"position\":2,\"name\":\"Ret Monitor series\"}]},{\"@type\":\"WebSite\",\"@id\":\"https:\/\/soltec-ep.es\/#website\",\"url\":\"https:\/\/soltec-ep.es\/\",\"name\":\"Soltec\",\"description\":\"Audiovisual Solutions\",\"publisher\":{\"@id\":\"https:\/\/soltec-ep.es\/#organization\"},\"potentialAction\":[{\"@type\":\"SearchAction\",\"target\":{\"@type\":\"EntryPoint\",\"urlTemplate\":\"https:\/\/soltec-ep.es\/?s={search_term_string}\"},\"query-input\":\"required name=search_term_string\"}],\"inLanguage\":\"en-US\"},{\"@type\":\"Organization\",\"@id\":\"https:\/\/soltec-ep.es\/#organization\",\"name\":\"Soltec\",\"url\":\"https:\/\/soltec-ep.es\/\",\"logo\":{\"@type\":\"ImageObject\",\"inLanguage\":\"en-US\",\"@id\":\"https:\/\/soltec-ep.es\/#\/schema\/logo\/image\/\",\"url\":\"https:\/\/soltec-ep.es\/wp-content\/uploads\/2023\/06\/logo-Soltec-negre.png\",\"contentUrl\":\"https:\/\/soltec-ep.es\/wp-content\/uploads\/2023\/06\/logo-Soltec-negre.png\",\"width\":595,\"height\":126,\"caption\":\"Soltec\"},\"image\":{\"@id\":\"https:\/\/soltec-ep.es\/#\/schema\/logo\/image\/\"}}]}<\/script>\n<!-- \/ Yoast SEO plugin. -->","yoast_head_json":{"title":"Ret Monitor series - Soltec","description":"Discover the Ret Monitor Series at Soltec. The latest innovation in high quality and performance monitors, visit us now and learn more!","robots":{"index":"index","follow":"follow","max-snippet":"max-snippet:-1","max-image-preview":"max-image-preview:large","max-video-preview":"max-video-preview:-1"},"canonical":"https:\/\/soltec-ep.es\/en\/ret-monitor-series\/","og_locale":"en_US","og_type":"article","og_title":"Ret Monitor series - Soltec","og_description":"Discover the Ret Monitor Series at Soltec. The latest innovation in high quality and performance monitors, visit us now and learn more!","og_url":"https:\/\/soltec-ep.es\/en\/ret-monitor-series\/","og_site_name":"Soltec","article_modified_time":"2025-03-03T12:16:44+00:00","og_image":[{"width":1920,"height":1080,"url":"https:\/\/soltec-ep.es\/wp-content\/uploads\/2023\/06\/RET_S.png","type":"image\/png"}],"twitter_card":"summary_large_image","twitter_misc":{"Est. reading time":"3 minutes"},"schema":{"@context":"https:\/\/schema.org","@graph":[{"@type":"WebPage","@id":"https:\/\/soltec-ep.es\/en\/ret-monitor-series\/","url":"https:\/\/soltec-ep.es\/en\/ret-monitor-series\/","name":"Ret Monitor series - Soltec","isPartOf":{"@id":"https:\/\/soltec-ep.es\/#website"},"primaryImageOfPage":{"@id":"https:\/\/soltec-ep.es\/en\/ret-monitor-series\/#primaryimage"},"image":{"@id":"https:\/\/soltec-ep.es\/en\/ret-monitor-series\/#primaryimage"},"thumbnailUrl":"https:\/\/soltec-ep.es\/wp-content\/uploads\/2023\/06\/RET_S.png","datePublished":"2023-07-06T11:06:57+00:00","dateModified":"2025-03-03T12:16:44+00:00","description":"Discover the Ret Monitor Series at Soltec. The latest innovation in high quality and performance monitors, visit us now and learn more!","breadcrumb":{"@id":"https:\/\/soltec-ep.es\/en\/ret-monitor-series\/#breadcrumb"},"inLanguage":"en-US","potentialAction":[{"@type":"ReadAction","target":["https:\/\/soltec-ep.es\/en\/ret-monitor-series\/"]}]},{"@type":"ImageObject","inLanguage":"en-US","@id":"https:\/\/soltec-ep.es\/en\/ret-monitor-series\/#primaryimage","url":"https:\/\/soltec-ep.es\/wp-content\/uploads\/2023\/06\/RET_S.png","contentUrl":"https:\/\/soltec-ep.es\/wp-content\/uploads\/2023\/06\/RET_S.png","width":1920,"height":1080},{"@type":"BreadcrumbList","@id":"https:\/\/soltec-ep.es\/en\/ret-monitor-series\/#breadcrumb","itemListElement":[{"@type":"ListItem","position":1,"name":"Home","item":"https:\/\/soltec-ep.es\/en\/"},{"@type":"ListItem","position":2,"name":"Ret Monitor series"}]},{"@type":"WebSite","@id":"https:\/\/soltec-ep.es\/#website","url":"https:\/\/soltec-ep.es\/","name":"Soltec","description":"Audiovisual Solutions","publisher":{"@id":"https:\/\/soltec-ep.es\/#organization"},"potentialAction":[{"@type":"SearchAction","target":{"@type":"EntryPoint","urlTemplate":"https:\/\/soltec-ep.es\/?s={search_term_string}"},"query-input":"required name=search_term_string"}],"inLanguage":"en-US"},{"@type":"Organization","@id":"https:\/\/soltec-ep.es\/#organization","name":"Soltec","url":"https:\/\/soltec-ep.es\/","logo":{"@type":"ImageObject","inLanguage":"en-US","@id":"https:\/\/soltec-ep.es\/#\/schema\/logo\/image\/","url":"https:\/\/soltec-ep.es\/wp-content\/uploads\/2023\/06\/logo-Soltec-negre.png","contentUrl":"https:\/\/soltec-ep.es\/wp-content\/uploads\/2023\/06\/logo-Soltec-negre.png","width":595,"height":126,"caption":"Soltec"},"image":{"@id":"https:\/\/soltec-ep.es\/#\/schema\/logo\/image\/"}}]}},"_links":{"self":[{"href":"https:\/\/soltec-ep.es\/en\/wp-json\/wp\/v2\/pages\/3113","targetHints":{"allow":["GET"]}}],"collection":[{"href":"https:\/\/soltec-ep.es\/en\/wp-json\/wp\/v2\/pages"}],"about":[{"href":"https:\/\/soltec-ep.es\/en\/wp-json\/wp\/v2\/types\/page"}],"author":[{"embeddable":true,"href":"https:\/\/soltec-ep.es\/en\/wp-json\/wp\/v2\/users\/1"}],"replies":[{"embeddable":true,"href":"https:\/\/soltec-ep.es\/en\/wp-json\/wp\/v2\/comments?post=3113"}],"version-history":[{"count":8,"href":"https:\/\/soltec-ep.es\/en\/wp-json\/wp\/v2\/pages\/3113\/revisions"}],"predecessor-version":[{"id":4599,"href":"https:\/\/soltec-ep.es\/en\/wp-json\/wp\/v2\/pages\/3113\/revisions\/4599"}],"wp:featuredmedia":[{"embeddable":true,"href":"https:\/\/soltec-ep.es\/en\/wp-json\/wp\/v2\/media\/2460"}],"wp:attachment":[{"href":"https:\/\/soltec-ep.es\/en\/wp-json\/wp\/v2\/media?parent=3113"}],"curies":[{"name":"wp","href":"https:\/\/api.w.org\/{rel}","templated":true}]}}