{"id":6168,"date":"2026-03-12T08:36:16","date_gmt":"2026-03-12T08:36:16","guid":{"rendered":"https:\/\/soltec-ep.es\/?page_id=6168"},"modified":"2026-03-20T07:45:38","modified_gmt":"2026-03-20T07:45:38","slug":"news","status":"publish","type":"page","link":"https:\/\/soltec-ep.es\/en\/news\/","title":{"rendered":"News"},"content":{"rendered":"<div class=\"wpb-content-wrapper\">[vc_section css=&#8221;.vc_custom_1773304555588{padding-top: 80px !important;padding-bottom: 80px !important;}&#8221;][vc_row remove_bottom_col_margin=&#8221;true&#8221;][vc_column]<style>.vcex-blog-grid-wrap.vcex_69dedd1dda7bb .entry-title{font-size:20px;font-weight:500;}<\/style><div class=\"vcex-module vcex-blog-grid-wrap wpex-clr vcex_69dedd1dda7bb\"><div class=\"wpex-row vcex-blog-grid wpex-clr entries match-height-grid\"><div class=\"vcex-blog-entry vcex-grid-item entry-has-details span_1_of_3 col-1 col wpex-text-center entry post-6298 type-post has-media cat-80 translation_priority-48\"><div class=\"vcex-blog-entry-inner entry-inner wpex-first-mt-0 wpex-last-mb-0 wpex-clr\"><div class=\"vcex-blog-entry-media entry-media wpex-relative overlay-parent overlay-parent-hover-button overlay-h wpex-overflow-hidden overlay-ms\"><a href=\"https:\/\/soltec-ep.es\/en\/soltec-at-ise-barcelona-2026-success-of-the-new-des-h-series-monitor\/\" title=\"Soltec at ISE Barcelona 2026: Success of the new DES-H Series monitor\"><img width=\"1300\" height=\"867\" src=\"https:\/\/soltec-ep.es\/wp-content\/uploads\/2026\/02\/SOLTEC-motorized-monitors-ISE-barcelona-2026-3.jpg\" class=\"vcex-blog-entry-img wpex-align-middle\" alt=\"\" loading=\"lazy\" decoding=\"async\" srcset=\"https:\/\/soltec-ep.es\/wp-content\/uploads\/2026\/02\/SOLTEC-motorized-monitors-ISE-barcelona-2026-3.jpg 1300w, https:\/\/soltec-ep.es\/wp-content\/uploads\/2026\/02\/SOLTEC-motorized-monitors-ISE-barcelona-2026-3-300x200.jpg 300w, https:\/\/soltec-ep.es\/wp-content\/uploads\/2026\/02\/SOLTEC-motorized-monitors-ISE-barcelona-2026-3-1024x683.jpg 1024w, https:\/\/soltec-ep.es\/wp-content\/uploads\/2026\/02\/SOLTEC-motorized-monitors-ISE-barcelona-2026-3-768x512.jpg 768w, https:\/\/soltec-ep.es\/wp-content\/uploads\/2026\/02\/SOLTEC-motorized-monitors-ISE-barcelona-2026-3-600x400.jpg 600w\" sizes=\"auto, (max-width: 1300px) 100vw, 1300px\" \/><\/a>\n<div class=\"overlay-hover-button overlay-hide theme-overlay wpex-absolute wpex-inset-0 wpex-transition-all wpex-duration-300 wpex-flex wpex-items-center wpex-justify-center\">\n\t<span class=\"overlay-bg wpex-bg-black wpex-block wpex-absolute wpex-inset-0 wpex-opacity-60\"><\/span>\n\t<div class=\"overlay-content overlay-scale wpex-relative wpex-font-semibold wpex-transition-transform wpex-duration-300 wpex-p-20 wpex-clr\"><a href=\"https:\/\/soltec-ep.es\/en\/soltec-at-ise-barcelona-2026-success-of-the-new-des-h-series-monitor\/\" class=\"overlay-hover-button-link theme-button minimal-border white wpex-text-md\">Read more<\/a><\/div>\n<\/div>\n<\/div><div class=\"vcex-blog-entry-details entry-details wpex-bordered wpex-p-30 wpex-first-mt-0 wpex-last-mb-0 wpex-clr\"><div class=\"match-height-content\"><h2 class=\"vcex-blog-entry-title entry-title wpex-mb-5\"><a href=\"https:\/\/soltec-ep.es\/en\/soltec-at-ise-barcelona-2026-success-of-the-new-des-h-series-monitor\/\">Soltec at ISE Barcelona 2026: Success of the new DES-H Series monitor<\/a><\/h2><div class=\"vcex-blog-entry-date entry-date wpex-text-sm wpex-text-3 wpex-mb-5\">02\/11\/2026<\/div><div class=\"vcex-blog-entry-excerpt entry-excerpt wpex-my-15 wpex-text-pretty wpex-last-mb-0 wpex-clr\"><p>From February 3 to 6, SOLTEC participated in ISE Barcelona 2026, one of the most&hellip;<\/p><\/div><\/div><\/div><\/div><\/div><\/div><\/div>[\/vc_column][\/vc_row][\/vc_section]\n<\/div>","protected":false},"excerpt":{"rendered":"<p>[vc_section css=&#8221;.vc_custom_1773304555588{padding-top: 80px !important;padding-bottom: 80px !important;}&#8221;][vc_row remove_bottom_col_margin=&#8221;true&#8221;][vc_column][\/vc_column][\/vc_row][\/vc_section]<\/p>\n","protected":false},"author":1,"featured_media":2842,"parent":0,"menu_order":0,"comment_status":"closed","ping_status":"closed","template":"","meta":{"footnotes":""},"class_list":["post-6168","page","type-page","status-publish","has-post-thumbnail","hentry","entry","has-media"],"yoast_head":"<!-- This site is optimized with the Yoast SEO plugin v23.0 - https:\/\/yoast.com\/wordpress\/plugins\/seo\/ -->\n<title>News - Innovaci\u00f3n Tecnol\u00f3gica Audiovisual<\/title>\n<meta name=\"description\" content=\"En SOLTEC somos una empresa de innovaci\u00f3n tecnol\u00f3gica donde dise\u00f1amos y suministramos soluciones en el \u00e1mbito audiovisual\" \/>\n<meta name=\"robots\" content=\"index, follow, max-snippet:-1, max-image-preview:large, max-video-preview:-1\" \/>\n<link rel=\"canonical\" href=\"https:\/\/soltec-ep.es\/en\/news\/\" \/>\n<meta property=\"og:locale\" content=\"en_US\" \/>\n<meta property=\"og:type\" content=\"article\" \/>\n<meta property=\"og:title\" content=\"News - Innovaci\u00f3n Tecnol\u00f3gica Audiovisual\" \/>\n<meta property=\"og:description\" content=\"En SOLTEC somos una empresa de innovaci\u00f3n tecnol\u00f3gica donde dise\u00f1amos y suministramos soluciones en el \u00e1mbito audiovisual\" \/>\n<meta property=\"og:url\" content=\"https:\/\/soltec-ep.es\/en\/news\/\" \/>\n<meta property=\"og:site_name\" content=\"Soltec\" \/>\n<meta property=\"article:modified_time\" content=\"2026-03-20T07:45:38+00:00\" \/>\n<meta property=\"og:image\" content=\"https:\/\/soltec-ep.es\/wp-content\/uploads\/2023\/08\/KLF_M-1-1024x1024.png\" \/>\n\t<meta property=\"og:image:width\" content=\"1024\" \/>\n\t<meta property=\"og:image:height\" content=\"1024\" \/>\n\t<meta property=\"og:image:type\" content=\"image\/png\" \/>\n<meta name=\"twitter:card\" content=\"summary_large_image\" \/>\n<meta name=\"twitter:label1\" content=\"Est. reading time\" \/>\n\t<meta name=\"twitter:data1\" content=\"1 minute\" \/>\n<script type=\"application\/ld+json\" class=\"yoast-schema-graph\">{\"@context\":\"https:\/\/schema.org\",\"@graph\":[{\"@type\":\"WebPage\",\"@id\":\"https:\/\/soltec-ep.es\/en\/news\/\",\"url\":\"https:\/\/soltec-ep.es\/en\/news\/\",\"name\":\"News - Innovaci\u00f3n Tecnol\u00f3gica Audiovisual\",\"isPartOf\":{\"@id\":\"https:\/\/soltec-ep.es\/#website\"},\"primaryImageOfPage\":{\"@id\":\"https:\/\/soltec-ep.es\/en\/news\/#primaryimage\"},\"image\":{\"@id\":\"https:\/\/soltec-ep.es\/en\/news\/#primaryimage\"},\"thumbnailUrl\":\"https:\/\/soltec-ep.es\/wp-content\/uploads\/2023\/08\/KLF_M-1.png\",\"datePublished\":\"2026-03-12T08:36:16+00:00\",\"dateModified\":\"2026-03-20T07:45:38+00:00\",\"description\":\"En SOLTEC somos una empresa de innovaci\u00f3n tecnol\u00f3gica donde dise\u00f1amos y suministramos soluciones en el \u00e1mbito audiovisual\",\"breadcrumb\":{\"@id\":\"https:\/\/soltec-ep.es\/en\/news\/#breadcrumb\"},\"inLanguage\":\"en-US\",\"potentialAction\":[{\"@type\":\"ReadAction\",\"target\":[\"https:\/\/soltec-ep.es\/en\/news\/\"]}]},{\"@type\":\"ImageObject\",\"inLanguage\":\"en-US\",\"@id\":\"https:\/\/soltec-ep.es\/en\/news\/#primaryimage\",\"url\":\"https:\/\/soltec-ep.es\/wp-content\/uploads\/2023\/08\/KLF_M-1.png\",\"contentUrl\":\"https:\/\/soltec-ep.es\/wp-content\/uploads\/2023\/08\/KLF_M-1.png\",\"width\":1920,\"height\":1920,\"caption\":\"Interactive kiosk\"},{\"@type\":\"BreadcrumbList\",\"@id\":\"https:\/\/soltec-ep.es\/en\/news\/#breadcrumb\",\"itemListElement\":[{\"@type\":\"ListItem\",\"position\":1,\"name\":\"Home\",\"item\":\"https:\/\/soltec-ep.es\/en\/\"},{\"@type\":\"ListItem\",\"position\":2,\"name\":\"News\"}]},{\"@type\":\"WebSite\",\"@id\":\"https:\/\/soltec-ep.es\/#website\",\"url\":\"https:\/\/soltec-ep.es\/\",\"name\":\"Soltec\",\"description\":\"Audiovisual Solutions\",\"publisher\":{\"@id\":\"https:\/\/soltec-ep.es\/#organization\"},\"potentialAction\":[{\"@type\":\"SearchAction\",\"target\":{\"@type\":\"EntryPoint\",\"urlTemplate\":\"https:\/\/soltec-ep.es\/?s={search_term_string}\"},\"query-input\":\"required name=search_term_string\"}],\"inLanguage\":\"en-US\"},{\"@type\":\"Organization\",\"@id\":\"https:\/\/soltec-ep.es\/#organization\",\"name\":\"Soltec\",\"url\":\"https:\/\/soltec-ep.es\/\",\"logo\":{\"@type\":\"ImageObject\",\"inLanguage\":\"en-US\",\"@id\":\"https:\/\/soltec-ep.es\/#\/schema\/logo\/image\/\",\"url\":\"https:\/\/soltec-ep.es\/wp-content\/uploads\/2023\/06\/logo-Soltec-negre.png\",\"contentUrl\":\"https:\/\/soltec-ep.es\/wp-content\/uploads\/2023\/06\/logo-Soltec-negre.png\",\"width\":595,\"height\":126,\"caption\":\"Soltec\"},\"image\":{\"@id\":\"https:\/\/soltec-ep.es\/#\/schema\/logo\/image\/\"}}]}<\/script>\n<!-- \/ Yoast SEO plugin. -->","yoast_head_json":{"title":"News - Innovaci\u00f3n Tecnol\u00f3gica Audiovisual","description":"En SOLTEC somos una empresa de innovaci\u00f3n tecnol\u00f3gica donde dise\u00f1amos y suministramos soluciones en el \u00e1mbito audiovisual","robots":{"index":"index","follow":"follow","max-snippet":"max-snippet:-1","max-image-preview":"max-image-preview:large","max-video-preview":"max-video-preview:-1"},"canonical":"https:\/\/soltec-ep.es\/en\/news\/","og_locale":"en_US","og_type":"article","og_title":"News - Innovaci\u00f3n Tecnol\u00f3gica Audiovisual","og_description":"En SOLTEC somos una empresa de innovaci\u00f3n tecnol\u00f3gica donde dise\u00f1amos y suministramos soluciones en el \u00e1mbito audiovisual","og_url":"https:\/\/soltec-ep.es\/en\/news\/","og_site_name":"Soltec","article_modified_time":"2026-03-20T07:45:38+00:00","og_image":[{"width":1024,"height":1024,"url":"https:\/\/soltec-ep.es\/wp-content\/uploads\/2023\/08\/KLF_M-1-1024x1024.png","type":"image\/png"}],"twitter_card":"summary_large_image","twitter_misc":{"Est. reading time":"1 minute"},"schema":{"@context":"https:\/\/schema.org","@graph":[{"@type":"WebPage","@id":"https:\/\/soltec-ep.es\/en\/news\/","url":"https:\/\/soltec-ep.es\/en\/news\/","name":"News - Innovaci\u00f3n Tecnol\u00f3gica Audiovisual","isPartOf":{"@id":"https:\/\/soltec-ep.es\/#website"},"primaryImageOfPage":{"@id":"https:\/\/soltec-ep.es\/en\/news\/#primaryimage"},"image":{"@id":"https:\/\/soltec-ep.es\/en\/news\/#primaryimage"},"thumbnailUrl":"https:\/\/soltec-ep.es\/wp-content\/uploads\/2023\/08\/KLF_M-1.png","datePublished":"2026-03-12T08:36:16+00:00","dateModified":"2026-03-20T07:45:38+00:00","description":"En SOLTEC somos una empresa de innovaci\u00f3n tecnol\u00f3gica donde dise\u00f1amos y suministramos soluciones en el \u00e1mbito audiovisual","breadcrumb":{"@id":"https:\/\/soltec-ep.es\/en\/news\/#breadcrumb"},"inLanguage":"en-US","potentialAction":[{"@type":"ReadAction","target":["https:\/\/soltec-ep.es\/en\/news\/"]}]},{"@type":"ImageObject","inLanguage":"en-US","@id":"https:\/\/soltec-ep.es\/en\/news\/#primaryimage","url":"https:\/\/soltec-ep.es\/wp-content\/uploads\/2023\/08\/KLF_M-1.png","contentUrl":"https:\/\/soltec-ep.es\/wp-content\/uploads\/2023\/08\/KLF_M-1.png","width":1920,"height":1920,"caption":"Interactive kiosk"},{"@type":"BreadcrumbList","@id":"https:\/\/soltec-ep.es\/en\/news\/#breadcrumb","itemListElement":[{"@type":"ListItem","position":1,"name":"Home","item":"https:\/\/soltec-ep.es\/en\/"},{"@type":"ListItem","position":2,"name":"News"}]},{"@type":"WebSite","@id":"https:\/\/soltec-ep.es\/#website","url":"https:\/\/soltec-ep.es\/","name":"Soltec","description":"Audiovisual Solutions","publisher":{"@id":"https:\/\/soltec-ep.es\/#organization"},"potentialAction":[{"@type":"SearchAction","target":{"@type":"EntryPoint","urlTemplate":"https:\/\/soltec-ep.es\/?s={search_term_string}"},"query-input":"required name=search_term_string"}],"inLanguage":"en-US"},{"@type":"Organization","@id":"https:\/\/soltec-ep.es\/#organization","name":"Soltec","url":"https:\/\/soltec-ep.es\/","logo":{"@type":"ImageObject","inLanguage":"en-US","@id":"https:\/\/soltec-ep.es\/#\/schema\/logo\/image\/","url":"https:\/\/soltec-ep.es\/wp-content\/uploads\/2023\/06\/logo-Soltec-negre.png","contentUrl":"https:\/\/soltec-ep.es\/wp-content\/uploads\/2023\/06\/logo-Soltec-negre.png","width":595,"height":126,"caption":"Soltec"},"image":{"@id":"https:\/\/soltec-ep.es\/#\/schema\/logo\/image\/"}}]}},"_links":{"self":[{"href":"https:\/\/soltec-ep.es\/en\/wp-json\/wp\/v2\/pages\/6168","targetHints":{"allow":["GET"]}}],"collection":[{"href":"https:\/\/soltec-ep.es\/en\/wp-json\/wp\/v2\/pages"}],"about":[{"href":"https:\/\/soltec-ep.es\/en\/wp-json\/wp\/v2\/types\/page"}],"author":[{"embeddable":true,"href":"https:\/\/soltec-ep.es\/en\/wp-json\/wp\/v2\/users\/1"}],"replies":[{"embeddable":true,"href":"https:\/\/soltec-ep.es\/en\/wp-json\/wp\/v2\/comments?post=6168"}],"version-history":[{"count":5,"href":"https:\/\/soltec-ep.es\/en\/wp-json\/wp\/v2\/pages\/6168\/revisions"}],"predecessor-version":[{"id":6239,"href":"https:\/\/soltec-ep.es\/en\/wp-json\/wp\/v2\/pages\/6168\/revisions\/6239"}],"wp:featuredmedia":[{"embeddable":true,"href":"https:\/\/soltec-ep.es\/en\/wp-json\/wp\/v2\/media\/2842"}],"wp:attachment":[{"href":"https:\/\/soltec-ep.es\/en\/wp-json\/wp\/v2\/media?parent=6168"}],"curies":[{"name":"wp","href":"https:\/\/api.w.org\/{rel}","templated":true}]}}